{"id":47482,"date":"2019-12-10T00:00:00","date_gmt":"2019-12-10T00:00:00","guid":{"rendered":"https:\/\/soussecrets.com\/shop\/uncategorized\/argile-blanche\/"},"modified":"2019-12-10T00:00:00","modified_gmt":"2019-12-10T00:00:00","slug":"argile-blanche","status":"publish","type":"product","link":"https:\/\/soussecrets.com\/ar\/shop\/uncategorized\/argile-blanche\/","title":{"rendered":"Argile Blanche"},"content":{"rendered":"<p>L&#8217;Argile Blanche est un produit naturel qui est riche en min\u00e9raux et en oligo-\u00e9l\u00e9ments. Elle est tr\u00e8s douce et est id\u00e9ale pour les peaux sensibles. Elle est tr\u00e8s efficace pour nettoyer et purifier la peau en profondeur, en \u00e9liminant les impuret\u00e9s et en r\u00e9gulant le s\u00e9bum. Elle est \u00e9galement tr\u00e8s hydratante et apaisante, ce qui en fait un produit id\u00e9al pour les peaux s\u00e8ches et irrit\u00e9es. Elle est \u00e9galement tr\u00e8s utile pour r\u00e9duire les rougeurs et les inflammations. Elle est tr\u00e8s riche en silice, ce qui lui permet de stimuler la production de collag\u00e8ne et d&#8217;\u00e9lastine, ce qui aide \u00e0 raffermir et \u00e0 tonifier la peau. Elle est \u00e9galement tr\u00e8s riche en magn\u00e9sium, ce qui lui permet de r\u00e9guler le pH de la peau et de lutter contre les imperfections. Elle est tr\u00e8s facile \u00e0 utiliser et peut \u00eatre appliqu\u00e9e sous forme de masque ou de cr\u00e8me. Elle est \u00e9galement tr\u00e8s efficace pour lutter contre les signes du vieillissement et pour r\u00e9duire les rides et ridules.<\/p>\n","protected":false},"excerpt":{"rendered":"<p>L&#8217;Argile Blanche est une argile naturelle riche en min\u00e9raux qui peut \u00eatre utilis\u00e9e pour nettoyer et purifier la peau. Elle est connue pour ses propri\u00e9t\u00e9s hydratantes et apaisantes.<\/p>\n","protected":false},"featured_media":0,"comment_status":"open","ping_status":"closed","template":"","meta":[],"product_brand":[],"product_cat":[60],"product_tag":[],"backlink":[],"class_list":{"0":"post-47482","1":"product","2":"type-product","3":"status-publish","5":"product_cat-uncategorized","6":"post-no-thumbnail","8":"first","9":"instock","10":"taxable","11":"shipping-taxable","12":"product-type-simple"},"yoast_head":"<!-- This site is optimized with the Yoast SEO Premium plugin v26.0 (Yoast SEO v26.7) - https:\/\/yoast.com\/wordpress\/plugins\/seo\/ -->\n<title>Argile Blanche - Les secrets du Souss<\/title>\n<meta name=\"robots\" content=\"index, follow, max-snippet:-1, max-image-preview:large, max-video-preview:-1\" \/>\n<link rel=\"canonical\" href=\"https:\/\/soussecrets.com\/ar\/shop\/uncategorized\/argile-blanche\/\" \/>\n<meta property=\"og:locale\" content=\"ar_AR\" \/>\n<meta property=\"og:type\" content=\"article\" \/>\n<meta property=\"og:title\" content=\"Argile Blanche\" \/>\n<meta property=\"og:description\" content=\"L&#039;Argile Blanche est une argile naturelle riche en min\u00e9raux qui peut \u00eatre utilis\u00e9e pour nettoyer et purifier la peau. Elle est connue pour ses propri\u00e9t\u00e9s hydratantes et apaisantes.\" \/>\n<meta property=\"og:url\" content=\"https:\/\/soussecrets.com\/ar\/shop\/uncategorized\/argile-blanche\/\" \/>\n<meta property=\"og:site_name\" content=\"Les secrets du Souss\" \/>\n<meta property=\"article:publisher\" content=\"https:\/\/www.facebook.com\/les.secrets.du.souss\/\" \/>\n<meta property=\"og:image\" content=\"https:\/\/soussecrets.com\/wp-content\/uploads\/Etiquette_logo_8cm.jpg\" \/>\n\t<meta property=\"og:image:width\" content=\"945\" \/>\n\t<meta property=\"og:image:height\" content=\"945\" \/>\n\t<meta property=\"og:image:type\" content=\"image\/jpeg\" \/>\n<meta name=\"twitter:card\" content=\"summary_large_image\" \/>\n<meta name=\"twitter:label1\" content=\"\u0627\u0644\u0633\u0639\u0631\" \/>\n\t<meta name=\"twitter:data1\" content=\"\" \/>\n\t<meta name=\"twitter:label2\" content=\"\u0627\u0644\u062a\u0648\u0641\u0631\" \/>\n\t<meta name=\"twitter:data2\" content=\"\u0645\u062a\u0648\u0641\u0631 \u0641\u064a \u0627\u0644\u0645\u062e\u0632\u0648\u0646\" \/>\n<script type=\"application\/ld+json\" class=\"yoast-schema-graph\">{\"@context\":\"https:\/\/schema.org\",\"@graph\":[{\"@type\":\"WebPage\",\"@id\":\"https:\/\/soussecrets.com\/ar\/shop\/uncategorized\/argile-blanche\/\",\"url\":\"https:\/\/soussecrets.com\/ar\/shop\/uncategorized\/argile-blanche\/\",\"name\":\"Argile Blanche - Les secrets du Souss\",\"isPartOf\":{\"@id\":\"https:\/\/soussecrets.com\/ar\/#website\"},\"datePublished\":\"2019-12-10T00:00:00+00:00\",\"breadcrumb\":{\"@id\":\"https:\/\/soussecrets.com\/ar\/shop\/uncategorized\/argile-blanche\/#breadcrumb\"},\"inLanguage\":\"ar\",\"potentialAction\":[{\"@type\":\"ReadAction\",\"target\":[\"https:\/\/soussecrets.com\/ar\/shop\/uncategorized\/argile-blanche\/\"]}]},{\"@type\":\"BreadcrumbList\",\"@id\":\"https:\/\/soussecrets.com\/ar\/shop\/uncategorized\/argile-blanche\/#breadcrumb\",\"itemListElement\":[{\"@type\":\"ListItem\",\"position\":1,\"name\":\"Home\",\"item\":\"https:\/\/soussecrets.com\/ar\/\"},{\"@type\":\"ListItem\",\"position\":2,\"name\":\"\u0627\u0644\u0645\u062a\u062c\u0631 \u0627\u0644\u0627\u0644\u0643\u062a\u0631\u0648\u0646\u064a\",\"item\":\"https:\/\/soussecrets.com\/ar\/shop-ar\/\"},{\"@type\":\"ListItem\",\"position\":3,\"name\":\"Argile Blanche\"}]},{\"@type\":\"WebSite\",\"@id\":\"https:\/\/soussecrets.com\/ar\/#website\",\"url\":\"https:\/\/soussecrets.com\/ar\/\",\"name\":\"Les secrets du Souss\",\"description\":\"Vente des Produits de Terroir 100% Bio et Naturels\",\"publisher\":{\"@id\":\"https:\/\/soussecrets.com\/ar\/#organization\"},\"potentialAction\":[{\"@type\":\"SearchAction\",\"target\":{\"@type\":\"EntryPoint\",\"urlTemplate\":\"https:\/\/soussecrets.com\/ar\/?s={search_term_string}\"},\"query-input\":{\"@type\":\"PropertyValueSpecification\",\"valueRequired\":true,\"valueName\":\"search_term_string\"}}],\"inLanguage\":\"ar\"},{\"@type\":\"Organization\",\"@id\":\"https:\/\/soussecrets.com\/ar\/#organization\",\"name\":\"Les Secret du Souss\",\"url\":\"https:\/\/soussecrets.com\/ar\/\",\"logo\":{\"@type\":\"ImageObject\",\"inLanguage\":\"ar\",\"@id\":\"https:\/\/soussecrets.com\/ar\/#\/schema\/logo\/image\/\",\"url\":\"https:\/\/soussecrets.com\/wp-content\/uploads\/Etiquette_logo_8cm.jpg\",\"contentUrl\":\"https:\/\/soussecrets.com\/wp-content\/uploads\/Etiquette_logo_8cm.jpg\",\"width\":945,\"height\":945,\"caption\":\"Les Secret du Souss\"},\"image\":{\"@id\":\"https:\/\/soussecrets.com\/ar\/#\/schema\/logo\/image\/\"},\"sameAs\":[\"https:\/\/www.facebook.com\/les.secrets.du.souss\/\",\"https:\/\/www.instagram.com\/les_secrets_du_souss\/\"],\"hasMerchantReturnPolicy\":{\"@type\":\"MerchantReturnPolicy\",\"merchantReturnLink\":\"https:\/\/soussecrets.com\/refund_returns-2\/\"}}]}<\/script>\n<meta property=\"product:price:currency\" content=\"MAD\" \/>\n<meta property=\"og:availability\" content=\"instock\" \/>\n<meta property=\"product:availability\" content=\"instock\" \/>\n<meta property=\"product:condition\" content=\"new\" \/>\n<!-- \/ Yoast SEO Premium plugin. -->","yoast_head_json":{"title":"Argile Blanche - Les secrets du Souss","robots":{"index":"index","follow":"follow","max-snippet":"max-snippet:-1","max-image-preview":"max-image-preview:large","max-video-preview":"max-video-preview:-1"},"canonical":"https:\/\/soussecrets.com\/ar\/shop\/uncategorized\/argile-blanche\/","og_locale":"ar_AR","og_type":"article","og_title":"Argile Blanche","og_description":"L'Argile Blanche est une argile naturelle riche en min\u00e9raux qui peut \u00eatre utilis\u00e9e pour nettoyer et purifier la peau. Elle est connue pour ses propri\u00e9t\u00e9s hydratantes et apaisantes.","og_url":"https:\/\/soussecrets.com\/ar\/shop\/uncategorized\/argile-blanche\/","og_site_name":"Les secrets du Souss","article_publisher":"https:\/\/www.facebook.com\/les.secrets.du.souss\/","og_image":[{"width":945,"height":945,"url":"https:\/\/soussecrets.com\/wp-content\/uploads\/Etiquette_logo_8cm.jpg","type":"image\/jpeg"}],"twitter_card":"summary_large_image","twitter_misc":{"\u0627\u0644\u0633\u0639\u0631":"","\u0627\u0644\u062a\u0648\u0641\u0631":"\u0645\u062a\u0648\u0641\u0631 \u0641\u064a \u0627\u0644\u0645\u062e\u0632\u0648\u0646"},"schema":{"@context":"https:\/\/schema.org","@graph":[{"@type":"WebPage","@id":"https:\/\/soussecrets.com\/ar\/shop\/uncategorized\/argile-blanche\/","url":"https:\/\/soussecrets.com\/ar\/shop\/uncategorized\/argile-blanche\/","name":"Argile Blanche - Les secrets du Souss","isPartOf":{"@id":"https:\/\/soussecrets.com\/ar\/#website"},"datePublished":"2019-12-10T00:00:00+00:00","breadcrumb":{"@id":"https:\/\/soussecrets.com\/ar\/shop\/uncategorized\/argile-blanche\/#breadcrumb"},"inLanguage":"ar","potentialAction":[{"@type":"ReadAction","target":["https:\/\/soussecrets.com\/ar\/shop\/uncategorized\/argile-blanche\/"]}]},{"@type":"BreadcrumbList","@id":"https:\/\/soussecrets.com\/ar\/shop\/uncategorized\/argile-blanche\/#breadcrumb","itemListElement":[{"@type":"ListItem","position":1,"name":"Home","item":"https:\/\/soussecrets.com\/ar\/"},{"@type":"ListItem","position":2,"name":"\u0627\u0644\u0645\u062a\u062c\u0631 \u0627\u0644\u0627\u0644\u0643\u062a\u0631\u0648\u0646\u064a","item":"https:\/\/soussecrets.com\/ar\/shop-ar\/"},{"@type":"ListItem","position":3,"name":"Argile Blanche"}]},{"@type":"WebSite","@id":"https:\/\/soussecrets.com\/ar\/#website","url":"https:\/\/soussecrets.com\/ar\/","name":"Les secrets du Souss","description":"Vente des Produits de Terroir 100% Bio et Naturels","publisher":{"@id":"https:\/\/soussecrets.com\/ar\/#organization"},"potentialAction":[{"@type":"SearchAction","target":{"@type":"EntryPoint","urlTemplate":"https:\/\/soussecrets.com\/ar\/?s={search_term_string}"},"query-input":{"@type":"PropertyValueSpecification","valueRequired":true,"valueName":"search_term_string"}}],"inLanguage":"ar"},{"@type":"Organization","@id":"https:\/\/soussecrets.com\/ar\/#organization","name":"Les Secret du Souss","url":"https:\/\/soussecrets.com\/ar\/","logo":{"@type":"ImageObject","inLanguage":"ar","@id":"https:\/\/soussecrets.com\/ar\/#\/schema\/logo\/image\/","url":"https:\/\/soussecrets.com\/wp-content\/uploads\/Etiquette_logo_8cm.jpg","contentUrl":"https:\/\/soussecrets.com\/wp-content\/uploads\/Etiquette_logo_8cm.jpg","width":945,"height":945,"caption":"Les Secret du Souss"},"image":{"@id":"https:\/\/soussecrets.com\/ar\/#\/schema\/logo\/image\/"},"sameAs":["https:\/\/www.facebook.com\/les.secrets.du.souss\/","https:\/\/www.instagram.com\/les_secrets_du_souss\/"],"hasMerchantReturnPolicy":{"@type":"MerchantReturnPolicy","merchantReturnLink":"https:\/\/soussecrets.com\/refund_returns-2\/"}}]},"product_price_currency":"MAD","og_availability":"instock","product_availability":"instock","product_condition":"new"},"_links":{"self":[{"href":"https:\/\/soussecrets.com\/ar\/wp-json\/wp\/v2\/product\/47482","targetHints":{"allow":["GET"]}}],"collection":[{"href":"https:\/\/soussecrets.com\/ar\/wp-json\/wp\/v2\/product"}],"about":[{"href":"https:\/\/soussecrets.com\/ar\/wp-json\/wp\/v2\/types\/product"}],"replies":[{"embeddable":true,"href":"https:\/\/soussecrets.com\/ar\/wp-json\/wp\/v2\/comments?post=47482"}],"version-history":[{"count":0,"href":"https:\/\/soussecrets.com\/ar\/wp-json\/wp\/v2\/product\/47482\/revisions"}],"wp:attachment":[{"href":"https:\/\/soussecrets.com\/ar\/wp-json\/wp\/v2\/media?parent=47482"}],"wp:term":[{"taxonomy":"product_brand","embeddable":true,"href":"https:\/\/soussecrets.com\/ar\/wp-json\/wp\/v2\/product_brand?post=47482"},{"taxonomy":"product_cat","embeddable":true,"href":"https:\/\/soussecrets.com\/ar\/wp-json\/wp\/v2\/product_cat?post=47482"},{"taxonomy":"product_tag","embeddable":true,"href":"https:\/\/soussecrets.com\/ar\/wp-json\/wp\/v2\/product_tag?post=47482"},{"taxonomy":"backlink","embeddable":true,"href":"https:\/\/soussecrets.com\/ar\/wp-json\/wp\/v2\/backlink?post=47482"}],"curies":[{"name":"wp","href":"https:\/\/api.w.org\/{rel}","templated":true}]}}