{"id":47582,"date":"2019-12-10T00:00:00","date_gmt":"2019-12-10T00:00:00","guid":{"rendered":"https:\/\/soussecrets.com\/shop\/uncategorized\/farine-dorge\/"},"modified":"2019-12-10T00:00:00","modified_gmt":"2019-12-10T00:00:00","slug":"farine-dorge","status":"publish","type":"product","link":"https:\/\/soussecrets.com\/ar\/shop\/uncategorized\/farine-dorge\/","title":{"rendered":"Farine d&#8217;orge"},"content":{"rendered":"<p>La farine d&#8217;orge est un produit alimentaire obtenu \u00e0 partir du grain d&#8217;orge. Elle est riche en fibres et en prot\u00e9ines, ce qui en fait un aliment nutritif et sain. Elle est \u00e9galement riche en vitamines et min\u00e9raux, notamment en fer, en zinc et en magn\u00e9sium. La farine d&#8217;orge est tr\u00e8s polyvalente et peut \u00eatre utilis\u00e9e pour faire des pains, des biscuits, des g\u00e2teaux et des cr\u00eapes. Elle est \u00e9galement id\u00e9ale pour la pr\u00e9paration de sauces et de soupes. La farine d&#8217;orge est tr\u00e8s digeste et peut \u00eatre consomm\u00e9e par les personnes intol\u00e9rantes au gluten. Elle est \u00e9galement riche en antioxydants et en acides gras insatur\u00e9s, ce qui en fait un aliment tr\u00e8s sain. La farine d&#8217;orge est \u00e9galement riche en fibres alimentaires, ce qui en fait un aliment tr\u00e8s satisfaisant et qui peut aider \u00e0 r\u00e9guler le taux de sucre dans le sang.<\/p>\n","protected":false},"excerpt":{"rendered":"<p>La farine d&#8217;orge est un produit riche en fibres et en prot\u00e9ines qui peut \u00eatre utilis\u00e9 pour faire des pains, des biscuits et des g\u00e2teaux.<\/p>\n","protected":false},"featured_media":0,"comment_status":"open","ping_status":"closed","template":"","meta":[],"product_brand":[],"product_cat":[60],"product_tag":[],"backlink":[],"class_list":{"0":"post-47582","1":"product","2":"type-product","3":"status-publish","5":"product_cat-uncategorized","6":"post-no-thumbnail","8":"first","9":"instock","10":"taxable","11":"shipping-taxable","12":"product-type-simple"},"yoast_head":"<!-- This site is optimized with the Yoast SEO Premium plugin v26.0 (Yoast SEO v26.7) - https:\/\/yoast.com\/wordpress\/plugins\/seo\/ -->\n<title>Farine d&#039;orge - Les secrets du Souss<\/title>\n<meta name=\"robots\" content=\"index, follow, max-snippet:-1, max-image-preview:large, max-video-preview:-1\" \/>\n<link rel=\"canonical\" href=\"https:\/\/soussecrets.com\/ar\/shop\/uncategorized\/farine-dorge\/\" \/>\n<meta property=\"og:locale\" content=\"ar_AR\" \/>\n<meta property=\"og:type\" content=\"article\" \/>\n<meta property=\"og:title\" content=\"Farine d&#039;orge\" \/>\n<meta property=\"og:description\" content=\"La farine d&#039;orge est un produit riche en fibres et en prot\u00e9ines qui peut \u00eatre utilis\u00e9 pour faire des pains, des biscuits et des g\u00e2teaux.\" \/>\n<meta property=\"og:url\" content=\"https:\/\/soussecrets.com\/ar\/shop\/uncategorized\/farine-dorge\/\" \/>\n<meta property=\"og:site_name\" content=\"Les secrets du Souss\" \/>\n<meta property=\"article:publisher\" content=\"https:\/\/www.facebook.com\/les.secrets.du.souss\/\" \/>\n<meta property=\"og:image\" content=\"https:\/\/soussecrets.com\/wp-content\/uploads\/Etiquette_logo_8cm.jpg\" \/>\n\t<meta property=\"og:image:width\" content=\"945\" \/>\n\t<meta property=\"og:image:height\" content=\"945\" \/>\n\t<meta property=\"og:image:type\" content=\"image\/jpeg\" \/>\n<meta name=\"twitter:card\" content=\"summary_large_image\" \/>\n<meta name=\"twitter:label1\" content=\"\u0627\u0644\u0633\u0639\u0631\" \/>\n\t<meta name=\"twitter:data1\" content=\"\" \/>\n\t<meta name=\"twitter:label2\" content=\"\u0627\u0644\u062a\u0648\u0641\u0631\" \/>\n\t<meta name=\"twitter:data2\" content=\"\u0645\u062a\u0648\u0641\u0631 \u0641\u064a \u0627\u0644\u0645\u062e\u0632\u0648\u0646\" \/>\n<script type=\"application\/ld+json\" class=\"yoast-schema-graph\">{\"@context\":\"https:\/\/schema.org\",\"@graph\":[{\"@type\":\"WebPage\",\"@id\":\"https:\/\/soussecrets.com\/ar\/shop\/uncategorized\/farine-dorge\/\",\"url\":\"https:\/\/soussecrets.com\/ar\/shop\/uncategorized\/farine-dorge\/\",\"name\":\"Farine d'orge - Les secrets du Souss\",\"isPartOf\":{\"@id\":\"https:\/\/soussecrets.com\/ar\/#website\"},\"datePublished\":\"2019-12-10T00:00:00+00:00\",\"breadcrumb\":{\"@id\":\"https:\/\/soussecrets.com\/ar\/shop\/uncategorized\/farine-dorge\/#breadcrumb\"},\"inLanguage\":\"ar\",\"potentialAction\":[{\"@type\":\"ReadAction\",\"target\":[\"https:\/\/soussecrets.com\/ar\/shop\/uncategorized\/farine-dorge\/\"]}]},{\"@type\":\"BreadcrumbList\",\"@id\":\"https:\/\/soussecrets.com\/ar\/shop\/uncategorized\/farine-dorge\/#breadcrumb\",\"itemListElement\":[{\"@type\":\"ListItem\",\"position\":1,\"name\":\"Home\",\"item\":\"https:\/\/soussecrets.com\/ar\/\"},{\"@type\":\"ListItem\",\"position\":2,\"name\":\"\u0627\u0644\u0645\u062a\u062c\u0631 \u0627\u0644\u0627\u0644\u0643\u062a\u0631\u0648\u0646\u064a\",\"item\":\"https:\/\/soussecrets.com\/ar\/shop-ar\/\"},{\"@type\":\"ListItem\",\"position\":3,\"name\":\"Farine d&#8217;orge\"}]},{\"@type\":\"WebSite\",\"@id\":\"https:\/\/soussecrets.com\/ar\/#website\",\"url\":\"https:\/\/soussecrets.com\/ar\/\",\"name\":\"Les secrets du Souss\",\"description\":\"Vente des Produits de Terroir 100% Bio et Naturels\",\"publisher\":{\"@id\":\"https:\/\/soussecrets.com\/ar\/#organization\"},\"potentialAction\":[{\"@type\":\"SearchAction\",\"target\":{\"@type\":\"EntryPoint\",\"urlTemplate\":\"https:\/\/soussecrets.com\/ar\/?s={search_term_string}\"},\"query-input\":{\"@type\":\"PropertyValueSpecification\",\"valueRequired\":true,\"valueName\":\"search_term_string\"}}],\"inLanguage\":\"ar\"},{\"@type\":\"Organization\",\"@id\":\"https:\/\/soussecrets.com\/ar\/#organization\",\"name\":\"Les Secret du Souss\",\"url\":\"https:\/\/soussecrets.com\/ar\/\",\"logo\":{\"@type\":\"ImageObject\",\"inLanguage\":\"ar\",\"@id\":\"https:\/\/soussecrets.com\/ar\/#\/schema\/logo\/image\/\",\"url\":\"https:\/\/soussecrets.com\/wp-content\/uploads\/Etiquette_logo_8cm.jpg\",\"contentUrl\":\"https:\/\/soussecrets.com\/wp-content\/uploads\/Etiquette_logo_8cm.jpg\",\"width\":945,\"height\":945,\"caption\":\"Les Secret du Souss\"},\"image\":{\"@id\":\"https:\/\/soussecrets.com\/ar\/#\/schema\/logo\/image\/\"},\"sameAs\":[\"https:\/\/www.facebook.com\/les.secrets.du.souss\/\",\"https:\/\/www.instagram.com\/les_secrets_du_souss\/\"],\"hasMerchantReturnPolicy\":{\"@type\":\"MerchantReturnPolicy\",\"merchantReturnLink\":\"https:\/\/soussecrets.com\/refund_returns-2\/\"}}]}<\/script>\n<meta property=\"product:price:currency\" content=\"MAD\" \/>\n<meta property=\"og:availability\" content=\"instock\" \/>\n<meta property=\"product:availability\" content=\"instock\" \/>\n<meta property=\"product:condition\" content=\"new\" \/>\n<!-- \/ Yoast SEO Premium plugin. -->","yoast_head_json":{"title":"Farine d'orge - Les secrets du Souss","robots":{"index":"index","follow":"follow","max-snippet":"max-snippet:-1","max-image-preview":"max-image-preview:large","max-video-preview":"max-video-preview:-1"},"canonical":"https:\/\/soussecrets.com\/ar\/shop\/uncategorized\/farine-dorge\/","og_locale":"ar_AR","og_type":"article","og_title":"Farine d'orge","og_description":"La farine d'orge est un produit riche en fibres et en prot\u00e9ines qui peut \u00eatre utilis\u00e9 pour faire des pains, des biscuits et des g\u00e2teaux.","og_url":"https:\/\/soussecrets.com\/ar\/shop\/uncategorized\/farine-dorge\/","og_site_name":"Les secrets du Souss","article_publisher":"https:\/\/www.facebook.com\/les.secrets.du.souss\/","og_image":[{"width":945,"height":945,"url":"https:\/\/soussecrets.com\/wp-content\/uploads\/Etiquette_logo_8cm.jpg","type":"image\/jpeg"}],"twitter_card":"summary_large_image","twitter_misc":{"\u0627\u0644\u0633\u0639\u0631":"","\u0627\u0644\u062a\u0648\u0641\u0631":"\u0645\u062a\u0648\u0641\u0631 \u0641\u064a \u0627\u0644\u0645\u062e\u0632\u0648\u0646"},"schema":{"@context":"https:\/\/schema.org","@graph":[{"@type":"WebPage","@id":"https:\/\/soussecrets.com\/ar\/shop\/uncategorized\/farine-dorge\/","url":"https:\/\/soussecrets.com\/ar\/shop\/uncategorized\/farine-dorge\/","name":"Farine d'orge - Les secrets du Souss","isPartOf":{"@id":"https:\/\/soussecrets.com\/ar\/#website"},"datePublished":"2019-12-10T00:00:00+00:00","breadcrumb":{"@id":"https:\/\/soussecrets.com\/ar\/shop\/uncategorized\/farine-dorge\/#breadcrumb"},"inLanguage":"ar","potentialAction":[{"@type":"ReadAction","target":["https:\/\/soussecrets.com\/ar\/shop\/uncategorized\/farine-dorge\/"]}]},{"@type":"BreadcrumbList","@id":"https:\/\/soussecrets.com\/ar\/shop\/uncategorized\/farine-dorge\/#breadcrumb","itemListElement":[{"@type":"ListItem","position":1,"name":"Home","item":"https:\/\/soussecrets.com\/ar\/"},{"@type":"ListItem","position":2,"name":"\u0627\u0644\u0645\u062a\u062c\u0631 \u0627\u0644\u0627\u0644\u0643\u062a\u0631\u0648\u0646\u064a","item":"https:\/\/soussecrets.com\/ar\/shop-ar\/"},{"@type":"ListItem","position":3,"name":"Farine d&#8217;orge"}]},{"@type":"WebSite","@id":"https:\/\/soussecrets.com\/ar\/#website","url":"https:\/\/soussecrets.com\/ar\/","name":"Les secrets du Souss","description":"Vente des Produits de Terroir 100% Bio et Naturels","publisher":{"@id":"https:\/\/soussecrets.com\/ar\/#organization"},"potentialAction":[{"@type":"SearchAction","target":{"@type":"EntryPoint","urlTemplate":"https:\/\/soussecrets.com\/ar\/?s={search_term_string}"},"query-input":{"@type":"PropertyValueSpecification","valueRequired":true,"valueName":"search_term_string"}}],"inLanguage":"ar"},{"@type":"Organization","@id":"https:\/\/soussecrets.com\/ar\/#organization","name":"Les Secret du Souss","url":"https:\/\/soussecrets.com\/ar\/","logo":{"@type":"ImageObject","inLanguage":"ar","@id":"https:\/\/soussecrets.com\/ar\/#\/schema\/logo\/image\/","url":"https:\/\/soussecrets.com\/wp-content\/uploads\/Etiquette_logo_8cm.jpg","contentUrl":"https:\/\/soussecrets.com\/wp-content\/uploads\/Etiquette_logo_8cm.jpg","width":945,"height":945,"caption":"Les Secret du Souss"},"image":{"@id":"https:\/\/soussecrets.com\/ar\/#\/schema\/logo\/image\/"},"sameAs":["https:\/\/www.facebook.com\/les.secrets.du.souss\/","https:\/\/www.instagram.com\/les_secrets_du_souss\/"],"hasMerchantReturnPolicy":{"@type":"MerchantReturnPolicy","merchantReturnLink":"https:\/\/soussecrets.com\/refund_returns-2\/"}}]},"product_price_currency":"MAD","og_availability":"instock","product_availability":"instock","product_condition":"new"},"_links":{"self":[{"href":"https:\/\/soussecrets.com\/ar\/wp-json\/wp\/v2\/product\/47582","targetHints":{"allow":["GET"]}}],"collection":[{"href":"https:\/\/soussecrets.com\/ar\/wp-json\/wp\/v2\/product"}],"about":[{"href":"https:\/\/soussecrets.com\/ar\/wp-json\/wp\/v2\/types\/product"}],"replies":[{"embeddable":true,"href":"https:\/\/soussecrets.com\/ar\/wp-json\/wp\/v2\/comments?post=47582"}],"version-history":[{"count":0,"href":"https:\/\/soussecrets.com\/ar\/wp-json\/wp\/v2\/product\/47582\/revisions"}],"wp:attachment":[{"href":"https:\/\/soussecrets.com\/ar\/wp-json\/wp\/v2\/media?parent=47582"}],"wp:term":[{"taxonomy":"product_brand","embeddable":true,"href":"https:\/\/soussecrets.com\/ar\/wp-json\/wp\/v2\/product_brand?post=47582"},{"taxonomy":"product_cat","embeddable":true,"href":"https:\/\/soussecrets.com\/ar\/wp-json\/wp\/v2\/product_cat?post=47582"},{"taxonomy":"product_tag","embeddable":true,"href":"https:\/\/soussecrets.com\/ar\/wp-json\/wp\/v2\/product_tag?post=47582"},{"taxonomy":"backlink","embeddable":true,"href":"https:\/\/soussecrets.com\/ar\/wp-json\/wp\/v2\/backlink?post=47582"}],"curies":[{"name":"wp","href":"https:\/\/api.w.org\/{rel}","templated":true}]}}