{"id":47596,"date":"2019-12-10T00:00:00","date_gmt":"2019-12-10T00:00:00","guid":{"rendered":"https:\/\/soussecrets.com\/shop\/uncategorized\/safran-pur-taliouine\/"},"modified":"2025-05-29T03:41:39","modified_gmt":"2025-05-29T02:41:39","slug":"safran-pur-taliouine","status":"publish","type":"product","link":"https:\/\/soussecrets.com\/ar\/shop\/uncategorized\/safran-pur-taliouine\/","title":{"rendered":"Safran pur (Taliouine)"},"content":{"rendered":"<p>Le safran pur de Taliouine est un produit de qualit\u00e9 sup\u00e9rieure, cultiv\u00e9 dans la r\u00e9gion de Taliouine, au Maroc. Il est reconnu pour sa couleur intense et sa saveur unique. Le safran est r\u00e9colt\u00e9 \u00e0 la main et s\u00e9ch\u00e9 au soleil, ce qui lui donne une couleur et une saveur exceptionnelles. Il est riche en antioxydants et en vitamines, ce qui en fait un produit tr\u00e8s sain. Il est \u00e9galement tr\u00e8s aromatique et peut \u00eatre utilis\u00e9 pour parfumer et colorer les plats. Le safran pur de Taliouine est un produit de qualit\u00e9 sup\u00e9rieure, qui peut \u00eatre utilis\u00e9 pour donner \u00e0 vos plats une saveur et une couleur exceptionnelles.<\/p>\n","protected":false},"excerpt":{"rendered":"<p>Ce produit est un safran pur et authentique, cultiv\u00e9 \u00e0 Taliouine, au Maroc. Il est reconnu pour sa qualit\u00e9 exceptionnelle et sa saveur unique.<\/p>\n","protected":false},"featured_media":46283,"comment_status":"open","ping_status":"closed","template":"","meta":[],"product_brand":[],"product_cat":[60],"product_tag":[],"backlink":[],"class_list":{"0":"post-47596","1":"product","2":"type-product","3":"status-publish","4":"has-post-thumbnail","6":"product_cat-uncategorized","8":"first","9":"instock","10":"taxable","11":"shipping-taxable","12":"product-type-simple"},"yoast_head":"<!-- This site is optimized with the Yoast SEO Premium plugin v26.0 (Yoast SEO v26.7) - https:\/\/yoast.com\/wordpress\/plugins\/seo\/ -->\n<title>Safran pur (Taliouine) - Les secrets du Souss<\/title>\n<meta name=\"robots\" content=\"index, follow, max-snippet:-1, max-image-preview:large, max-video-preview:-1\" \/>\n<link rel=\"canonical\" href=\"https:\/\/soussecrets.com\/ar\/shop\/uncategorized\/safran-pur-taliouine\/\" \/>\n<meta property=\"og:locale\" content=\"ar_AR\" \/>\n<meta property=\"og:type\" content=\"article\" \/>\n<meta property=\"og:title\" content=\"Safran pur (Taliouine)\" \/>\n<meta property=\"og:description\" content=\"Ce produit est un safran pur et authentique, cultiv\u00e9 \u00e0 Taliouine, au Maroc. Il est reconnu pour sa qualit\u00e9 exceptionnelle et sa saveur unique.\" \/>\n<meta property=\"og:url\" content=\"https:\/\/soussecrets.com\/ar\/shop\/uncategorized\/safran-pur-taliouine\/\" \/>\n<meta property=\"og:site_name\" content=\"Les secrets du Souss\" \/>\n<meta property=\"article:publisher\" content=\"https:\/\/www.facebook.com\/les.secrets.du.souss\/\" \/>\n<meta property=\"article:modified_time\" content=\"2025-05-29T02:41:39+00:00\" \/>\n<meta property=\"og:image\" content=\"https:\/\/soussecrets.com\/wp-content\/uploads\/safran_pure-1.png\" \/>\n\t<meta property=\"og:image:width\" content=\"1000\" \/>\n\t<meta property=\"og:image:height\" content=\"1000\" \/>\n\t<meta property=\"og:image:type\" content=\"image\/png\" \/>\n<meta name=\"twitter:card\" content=\"summary_large_image\" \/>\n<meta name=\"twitter:label1\" content=\"\u0627\u0644\u0633\u0639\u0631\" \/>\n\t<meta name=\"twitter:data1\" content=\"\" \/>\n\t<meta name=\"twitter:label2\" content=\"\u0627\u0644\u062a\u0648\u0641\u0631\" \/>\n\t<meta name=\"twitter:data2\" content=\"\u0645\u062a\u0648\u0641\u0631 \u0641\u064a \u0627\u0644\u0645\u062e\u0632\u0648\u0646\" \/>\n<script type=\"application\/ld+json\" class=\"yoast-schema-graph\">{\"@context\":\"https:\/\/schema.org\",\"@graph\":[{\"@type\":\"WebPage\",\"@id\":\"https:\/\/soussecrets.com\/ar\/shop\/uncategorized\/safran-pur-taliouine\/\",\"url\":\"https:\/\/soussecrets.com\/ar\/shop\/uncategorized\/safran-pur-taliouine\/\",\"name\":\"Safran pur (Taliouine) - Les secrets du Souss\",\"isPartOf\":{\"@id\":\"https:\/\/soussecrets.com\/ar\/#website\"},\"primaryImageOfPage\":{\"@id\":\"https:\/\/soussecrets.com\/ar\/shop\/uncategorized\/safran-pur-taliouine\/#primaryimage\"},\"image\":{\"@id\":\"https:\/\/soussecrets.com\/ar\/shop\/uncategorized\/safran-pur-taliouine\/#primaryimage\"},\"thumbnailUrl\":\"https:\/\/soussecrets.com\/wp-content\/uploads\/safran_pure-1.png\",\"datePublished\":\"2019-12-10T00:00:00+00:00\",\"dateModified\":\"2025-05-29T02:41:39+00:00\",\"breadcrumb\":{\"@id\":\"https:\/\/soussecrets.com\/ar\/shop\/uncategorized\/safran-pur-taliouine\/#breadcrumb\"},\"inLanguage\":\"ar\",\"potentialAction\":[{\"@type\":\"ReadAction\",\"target\":[\"https:\/\/soussecrets.com\/ar\/shop\/uncategorized\/safran-pur-taliouine\/\"]}]},{\"@type\":\"ImageObject\",\"inLanguage\":\"ar\",\"@id\":\"https:\/\/soussecrets.com\/ar\/shop\/uncategorized\/safran-pur-taliouine\/#primaryimage\",\"url\":\"https:\/\/soussecrets.com\/wp-content\/uploads\/safran_pure-1.png\",\"contentUrl\":\"https:\/\/soussecrets.com\/wp-content\/uploads\/safran_pure-1.png\",\"width\":1000,\"height\":1000},{\"@type\":\"BreadcrumbList\",\"@id\":\"https:\/\/soussecrets.com\/ar\/shop\/uncategorized\/safran-pur-taliouine\/#breadcrumb\",\"itemListElement\":[{\"@type\":\"ListItem\",\"position\":1,\"name\":\"Home\",\"item\":\"https:\/\/soussecrets.com\/ar\/\"},{\"@type\":\"ListItem\",\"position\":2,\"name\":\"\u0627\u0644\u0645\u062a\u062c\u0631 \u0627\u0644\u0627\u0644\u0643\u062a\u0631\u0648\u0646\u064a\",\"item\":\"https:\/\/soussecrets.com\/ar\/shop-ar\/\"},{\"@type\":\"ListItem\",\"position\":3,\"name\":\"Safran pur (Taliouine)\"}]},{\"@type\":\"WebSite\",\"@id\":\"https:\/\/soussecrets.com\/ar\/#website\",\"url\":\"https:\/\/soussecrets.com\/ar\/\",\"name\":\"Les secrets du Souss\",\"description\":\"Vente des Produits de Terroir 100% Bio et Naturels\",\"publisher\":{\"@id\":\"https:\/\/soussecrets.com\/ar\/#organization\"},\"potentialAction\":[{\"@type\":\"SearchAction\",\"target\":{\"@type\":\"EntryPoint\",\"urlTemplate\":\"https:\/\/soussecrets.com\/ar\/?s={search_term_string}\"},\"query-input\":{\"@type\":\"PropertyValueSpecification\",\"valueRequired\":true,\"valueName\":\"search_term_string\"}}],\"inLanguage\":\"ar\"},{\"@type\":\"Organization\",\"@id\":\"https:\/\/soussecrets.com\/ar\/#organization\",\"name\":\"Les Secret du Souss\",\"url\":\"https:\/\/soussecrets.com\/ar\/\",\"logo\":{\"@type\":\"ImageObject\",\"inLanguage\":\"ar\",\"@id\":\"https:\/\/soussecrets.com\/ar\/#\/schema\/logo\/image\/\",\"url\":\"https:\/\/soussecrets.com\/wp-content\/uploads\/Etiquette_logo_8cm.jpg\",\"contentUrl\":\"https:\/\/soussecrets.com\/wp-content\/uploads\/Etiquette_logo_8cm.jpg\",\"width\":945,\"height\":945,\"caption\":\"Les Secret du Souss\"},\"image\":{\"@id\":\"https:\/\/soussecrets.com\/ar\/#\/schema\/logo\/image\/\"},\"sameAs\":[\"https:\/\/www.facebook.com\/les.secrets.du.souss\/\",\"https:\/\/www.instagram.com\/les_secrets_du_souss\/\"],\"hasMerchantReturnPolicy\":{\"@type\":\"MerchantReturnPolicy\",\"merchantReturnLink\":\"https:\/\/soussecrets.com\/refund_returns-2\/\"}}]}<\/script>\n<meta property=\"product:price:currency\" content=\"MAD\" \/>\n<meta property=\"og:availability\" content=\"instock\" \/>\n<meta property=\"product:availability\" content=\"instock\" \/>\n<meta property=\"product:condition\" content=\"new\" \/>\n<!-- \/ Yoast SEO Premium plugin. -->","yoast_head_json":{"title":"Safran pur (Taliouine) - Les secrets du Souss","robots":{"index":"index","follow":"follow","max-snippet":"max-snippet:-1","max-image-preview":"max-image-preview:large","max-video-preview":"max-video-preview:-1"},"canonical":"https:\/\/soussecrets.com\/ar\/shop\/uncategorized\/safran-pur-taliouine\/","og_locale":"ar_AR","og_type":"article","og_title":"Safran pur (Taliouine)","og_description":"Ce produit est un safran pur et authentique, cultiv\u00e9 \u00e0 Taliouine, au Maroc. Il est reconnu pour sa qualit\u00e9 exceptionnelle et sa saveur unique.","og_url":"https:\/\/soussecrets.com\/ar\/shop\/uncategorized\/safran-pur-taliouine\/","og_site_name":"Les secrets du Souss","article_publisher":"https:\/\/www.facebook.com\/les.secrets.du.souss\/","article_modified_time":"2025-05-29T02:41:39+00:00","og_image":[{"width":1000,"height":1000,"url":"https:\/\/soussecrets.com\/wp-content\/uploads\/safran_pure-1.png","type":"image\/png"}],"twitter_card":"summary_large_image","twitter_misc":{"\u0627\u0644\u0633\u0639\u0631":"","\u0627\u0644\u062a\u0648\u0641\u0631":"\u0645\u062a\u0648\u0641\u0631 \u0641\u064a \u0627\u0644\u0645\u062e\u0632\u0648\u0646"},"schema":{"@context":"https:\/\/schema.org","@graph":[{"@type":"WebPage","@id":"https:\/\/soussecrets.com\/ar\/shop\/uncategorized\/safran-pur-taliouine\/","url":"https:\/\/soussecrets.com\/ar\/shop\/uncategorized\/safran-pur-taliouine\/","name":"Safran pur (Taliouine) - Les secrets du Souss","isPartOf":{"@id":"https:\/\/soussecrets.com\/ar\/#website"},"primaryImageOfPage":{"@id":"https:\/\/soussecrets.com\/ar\/shop\/uncategorized\/safran-pur-taliouine\/#primaryimage"},"image":{"@id":"https:\/\/soussecrets.com\/ar\/shop\/uncategorized\/safran-pur-taliouine\/#primaryimage"},"thumbnailUrl":"https:\/\/soussecrets.com\/wp-content\/uploads\/safran_pure-1.png","datePublished":"2019-12-10T00:00:00+00:00","dateModified":"2025-05-29T02:41:39+00:00","breadcrumb":{"@id":"https:\/\/soussecrets.com\/ar\/shop\/uncategorized\/safran-pur-taliouine\/#breadcrumb"},"inLanguage":"ar","potentialAction":[{"@type":"ReadAction","target":["https:\/\/soussecrets.com\/ar\/shop\/uncategorized\/safran-pur-taliouine\/"]}]},{"@type":"ImageObject","inLanguage":"ar","@id":"https:\/\/soussecrets.com\/ar\/shop\/uncategorized\/safran-pur-taliouine\/#primaryimage","url":"https:\/\/soussecrets.com\/wp-content\/uploads\/safran_pure-1.png","contentUrl":"https:\/\/soussecrets.com\/wp-content\/uploads\/safran_pure-1.png","width":1000,"height":1000},{"@type":"BreadcrumbList","@id":"https:\/\/soussecrets.com\/ar\/shop\/uncategorized\/safran-pur-taliouine\/#breadcrumb","itemListElement":[{"@type":"ListItem","position":1,"name":"Home","item":"https:\/\/soussecrets.com\/ar\/"},{"@type":"ListItem","position":2,"name":"\u0627\u0644\u0645\u062a\u062c\u0631 \u0627\u0644\u0627\u0644\u0643\u062a\u0631\u0648\u0646\u064a","item":"https:\/\/soussecrets.com\/ar\/shop-ar\/"},{"@type":"ListItem","position":3,"name":"Safran pur (Taliouine)"}]},{"@type":"WebSite","@id":"https:\/\/soussecrets.com\/ar\/#website","url":"https:\/\/soussecrets.com\/ar\/","name":"Les secrets du Souss","description":"Vente des Produits de Terroir 100% Bio et Naturels","publisher":{"@id":"https:\/\/soussecrets.com\/ar\/#organization"},"potentialAction":[{"@type":"SearchAction","target":{"@type":"EntryPoint","urlTemplate":"https:\/\/soussecrets.com\/ar\/?s={search_term_string}"},"query-input":{"@type":"PropertyValueSpecification","valueRequired":true,"valueName":"search_term_string"}}],"inLanguage":"ar"},{"@type":"Organization","@id":"https:\/\/soussecrets.com\/ar\/#organization","name":"Les Secret du Souss","url":"https:\/\/soussecrets.com\/ar\/","logo":{"@type":"ImageObject","inLanguage":"ar","@id":"https:\/\/soussecrets.com\/ar\/#\/schema\/logo\/image\/","url":"https:\/\/soussecrets.com\/wp-content\/uploads\/Etiquette_logo_8cm.jpg","contentUrl":"https:\/\/soussecrets.com\/wp-content\/uploads\/Etiquette_logo_8cm.jpg","width":945,"height":945,"caption":"Les Secret du Souss"},"image":{"@id":"https:\/\/soussecrets.com\/ar\/#\/schema\/logo\/image\/"},"sameAs":["https:\/\/www.facebook.com\/les.secrets.du.souss\/","https:\/\/www.instagram.com\/les_secrets_du_souss\/"],"hasMerchantReturnPolicy":{"@type":"MerchantReturnPolicy","merchantReturnLink":"https:\/\/soussecrets.com\/refund_returns-2\/"}}]},"product_price_currency":"MAD","og_availability":"instock","product_availability":"instock","product_condition":"new"},"_links":{"self":[{"href":"https:\/\/soussecrets.com\/ar\/wp-json\/wp\/v2\/product\/47596","targetHints":{"allow":["GET"]}}],"collection":[{"href":"https:\/\/soussecrets.com\/ar\/wp-json\/wp\/v2\/product"}],"about":[{"href":"https:\/\/soussecrets.com\/ar\/wp-json\/wp\/v2\/types\/product"}],"replies":[{"embeddable":true,"href":"https:\/\/soussecrets.com\/ar\/wp-json\/wp\/v2\/comments?post=47596"}],"version-history":[{"count":0,"href":"https:\/\/soussecrets.com\/ar\/wp-json\/wp\/v2\/product\/47596\/revisions"}],"wp:featuredmedia":[{"embeddable":true,"href":"https:\/\/soussecrets.com\/ar\/wp-json\/wp\/v2\/media\/46283"}],"wp:attachment":[{"href":"https:\/\/soussecrets.com\/ar\/wp-json\/wp\/v2\/media?parent=47596"}],"wp:term":[{"taxonomy":"product_brand","embeddable":true,"href":"https:\/\/soussecrets.com\/ar\/wp-json\/wp\/v2\/product_brand?post=47596"},{"taxonomy":"product_cat","embeddable":true,"href":"https:\/\/soussecrets.com\/ar\/wp-json\/wp\/v2\/product_cat?post=47596"},{"taxonomy":"product_tag","embeddable":true,"href":"https:\/\/soussecrets.com\/ar\/wp-json\/wp\/v2\/product_tag?post=47596"},{"taxonomy":"backlink","embeddable":true,"href":"https:\/\/soussecrets.com\/ar\/wp-json\/wp\/v2\/backlink?post=47596"}],"curies":[{"name":"wp","href":"https:\/\/api.w.org\/{rel}","templated":true}]}}