{"id":47660,"date":"2019-12-10T00:00:00","date_gmt":"2019-12-10T00:00:00","guid":{"rendered":"https:\/\/soussecrets.com\/shop\/uncategorized\/eau-de-rose-en-plastique\/"},"modified":"2019-12-10T00:00:00","modified_gmt":"2019-12-10T00:00:00","slug":"eau-de-rose-en-plastique","status":"publish","type":"product","link":"https:\/\/soussecrets.com\/ar\/shop\/uncategorized\/eau-de-rose-en-plastique\/","title":{"rendered":"Eau de rose en plastique"},"content":{"rendered":"<p>Vous cherchez un produit naturel qui vous aidera \u00e0 vous sentir plus d\u00e9tendu et \u00e0 vous donner une peau plus saine ? L&#8217;eau de rose est la solution parfaite pour vous !<\/p>\n<p>L&#8217;eau de rose est un produit naturel obtenu par distillation \u00e0 la vapeur des p\u00e9tales de roses. Elle est riche en antioxydants et en vitamines qui aident \u00e0 hydrater et \u00e0 nourrir la peau. Elle est \u00e9galement connue pour ses propri\u00e9t\u00e9s apaisantes et relaxantes.<\/p>\n<p>L&#8217;eau de rose est un produit tr\u00e8s polyvalent. Vous pouvez l&#8217;utiliser comme toner pour votre peau, comme d\u00e9maquillant, ou m\u00eame comme parfum. Elle est \u00e9galement tr\u00e8s efficace pour calmer les irritations cutan\u00e9es et pour r\u00e9duire les rougeurs.<\/p>\n<p>Enfin, l&#8217;eau de rose est un produit tr\u00e8s sain et naturel. Elle est sans danger pour la peau et ne contient pas de produits chimiques nocifs. Elle est \u00e9galement tr\u00e8s douce et ne provoque pas d&#8217;irritations. Vous pouvez donc l&#8217;utiliser en toute s\u00e9curit\u00e9 et en toute confiance.<\/p>\n<p>Si vous cherchez un produit naturel qui vous aidera \u00e0 vous sentir plus d\u00e9tendu et \u00e0 avoir une peau plus saine, l&#8217;eau de rose est la solution parfaite pour vous !<\/p>\n","protected":false},"excerpt":{"rendered":"<p>Ce produit est une eau de parfum \u00e0 base de rose, qui offre une fragrance douce et f\u00e9minine.<\/p>\n","protected":false},"featured_media":0,"comment_status":"open","ping_status":"closed","template":"","meta":[],"product_brand":[],"product_cat":[60],"product_tag":[],"backlink":[],"class_list":{"0":"post-47660","1":"product","2":"type-product","3":"status-publish","5":"product_cat-uncategorized","6":"post-no-thumbnail","8":"first","9":"instock","10":"taxable","11":"shipping-taxable","12":"product-type-simple"},"yoast_head":"<!-- This site is optimized with the Yoast SEO Premium plugin v26.0 (Yoast SEO v26.7) - https:\/\/yoast.com\/wordpress\/plugins\/seo\/ -->\n<title>Eau de rose en plastique - Les secrets du Souss<\/title>\n<meta name=\"robots\" content=\"index, follow, max-snippet:-1, max-image-preview:large, max-video-preview:-1\" \/>\n<link rel=\"canonical\" href=\"https:\/\/soussecrets.com\/ar\/shop\/uncategorized\/eau-de-rose-en-plastique\/\" \/>\n<meta property=\"og:locale\" content=\"ar_AR\" \/>\n<meta property=\"og:type\" content=\"article\" \/>\n<meta property=\"og:title\" content=\"Eau de rose en plastique\" \/>\n<meta property=\"og:description\" content=\"Ce produit est une eau de parfum \u00e0 base de rose, qui offre une fragrance douce et f\u00e9minine.\" \/>\n<meta property=\"og:url\" content=\"https:\/\/soussecrets.com\/ar\/shop\/uncategorized\/eau-de-rose-en-plastique\/\" \/>\n<meta property=\"og:site_name\" content=\"Les secrets du Souss\" \/>\n<meta property=\"article:publisher\" content=\"https:\/\/www.facebook.com\/les.secrets.du.souss\/\" \/>\n<meta property=\"og:image\" content=\"https:\/\/soussecrets.com\/wp-content\/uploads\/Etiquette_logo_8cm.jpg\" \/>\n\t<meta property=\"og:image:width\" content=\"945\" \/>\n\t<meta property=\"og:image:height\" content=\"945\" \/>\n\t<meta property=\"og:image:type\" content=\"image\/jpeg\" \/>\n<meta name=\"twitter:card\" content=\"summary_large_image\" \/>\n<meta name=\"twitter:label1\" content=\"\u0627\u0644\u0633\u0639\u0631\" \/>\n\t<meta name=\"twitter:data1\" content=\"\" \/>\n\t<meta name=\"twitter:label2\" content=\"\u0627\u0644\u062a\u0648\u0641\u0631\" \/>\n\t<meta name=\"twitter:data2\" content=\"\u0645\u062a\u0648\u0641\u0631 \u0641\u064a \u0627\u0644\u0645\u062e\u0632\u0648\u0646\" \/>\n<script type=\"application\/ld+json\" class=\"yoast-schema-graph\">{\"@context\":\"https:\/\/schema.org\",\"@graph\":[{\"@type\":\"WebPage\",\"@id\":\"https:\/\/soussecrets.com\/ar\/shop\/uncategorized\/eau-de-rose-en-plastique\/\",\"url\":\"https:\/\/soussecrets.com\/ar\/shop\/uncategorized\/eau-de-rose-en-plastique\/\",\"name\":\"Eau de rose en plastique - Les secrets du Souss\",\"isPartOf\":{\"@id\":\"https:\/\/soussecrets.com\/ar\/#website\"},\"datePublished\":\"2019-12-10T00:00:00+00:00\",\"breadcrumb\":{\"@id\":\"https:\/\/soussecrets.com\/ar\/shop\/uncategorized\/eau-de-rose-en-plastique\/#breadcrumb\"},\"inLanguage\":\"ar\",\"potentialAction\":[{\"@type\":\"ReadAction\",\"target\":[\"https:\/\/soussecrets.com\/ar\/shop\/uncategorized\/eau-de-rose-en-plastique\/\"]}]},{\"@type\":\"BreadcrumbList\",\"@id\":\"https:\/\/soussecrets.com\/ar\/shop\/uncategorized\/eau-de-rose-en-plastique\/#breadcrumb\",\"itemListElement\":[{\"@type\":\"ListItem\",\"position\":1,\"name\":\"Home\",\"item\":\"https:\/\/soussecrets.com\/ar\/\"},{\"@type\":\"ListItem\",\"position\":2,\"name\":\"\u0627\u0644\u0645\u062a\u062c\u0631 \u0627\u0644\u0627\u0644\u0643\u062a\u0631\u0648\u0646\u064a\",\"item\":\"https:\/\/soussecrets.com\/ar\/shop-ar\/\"},{\"@type\":\"ListItem\",\"position\":3,\"name\":\"Eau de rose en plastique\"}]},{\"@type\":\"WebSite\",\"@id\":\"https:\/\/soussecrets.com\/ar\/#website\",\"url\":\"https:\/\/soussecrets.com\/ar\/\",\"name\":\"Les secrets du Souss\",\"description\":\"Vente des Produits de Terroir 100% Bio et Naturels\",\"publisher\":{\"@id\":\"https:\/\/soussecrets.com\/ar\/#organization\"},\"potentialAction\":[{\"@type\":\"SearchAction\",\"target\":{\"@type\":\"EntryPoint\",\"urlTemplate\":\"https:\/\/soussecrets.com\/ar\/?s={search_term_string}\"},\"query-input\":{\"@type\":\"PropertyValueSpecification\",\"valueRequired\":true,\"valueName\":\"search_term_string\"}}],\"inLanguage\":\"ar\"},{\"@type\":\"Organization\",\"@id\":\"https:\/\/soussecrets.com\/ar\/#organization\",\"name\":\"Les Secret du Souss\",\"url\":\"https:\/\/soussecrets.com\/ar\/\",\"logo\":{\"@type\":\"ImageObject\",\"inLanguage\":\"ar\",\"@id\":\"https:\/\/soussecrets.com\/ar\/#\/schema\/logo\/image\/\",\"url\":\"https:\/\/soussecrets.com\/wp-content\/uploads\/Etiquette_logo_8cm.jpg\",\"contentUrl\":\"https:\/\/soussecrets.com\/wp-content\/uploads\/Etiquette_logo_8cm.jpg\",\"width\":945,\"height\":945,\"caption\":\"Les Secret du Souss\"},\"image\":{\"@id\":\"https:\/\/soussecrets.com\/ar\/#\/schema\/logo\/image\/\"},\"sameAs\":[\"https:\/\/www.facebook.com\/les.secrets.du.souss\/\",\"https:\/\/www.instagram.com\/les_secrets_du_souss\/\"],\"hasMerchantReturnPolicy\":{\"@type\":\"MerchantReturnPolicy\",\"merchantReturnLink\":\"https:\/\/soussecrets.com\/refund_returns-2\/\"}}]}<\/script>\n<meta property=\"product:price:currency\" content=\"MAD\" \/>\n<meta property=\"og:availability\" content=\"instock\" \/>\n<meta property=\"product:availability\" content=\"instock\" \/>\n<meta property=\"product:condition\" content=\"new\" \/>\n<!-- \/ Yoast SEO Premium plugin. -->","yoast_head_json":{"title":"Eau de rose en plastique - Les secrets du Souss","robots":{"index":"index","follow":"follow","max-snippet":"max-snippet:-1","max-image-preview":"max-image-preview:large","max-video-preview":"max-video-preview:-1"},"canonical":"https:\/\/soussecrets.com\/ar\/shop\/uncategorized\/eau-de-rose-en-plastique\/","og_locale":"ar_AR","og_type":"article","og_title":"Eau de rose en plastique","og_description":"Ce produit est une eau de parfum \u00e0 base de rose, qui offre une fragrance douce et f\u00e9minine.","og_url":"https:\/\/soussecrets.com\/ar\/shop\/uncategorized\/eau-de-rose-en-plastique\/","og_site_name":"Les secrets du Souss","article_publisher":"https:\/\/www.facebook.com\/les.secrets.du.souss\/","og_image":[{"width":945,"height":945,"url":"https:\/\/soussecrets.com\/wp-content\/uploads\/Etiquette_logo_8cm.jpg","type":"image\/jpeg"}],"twitter_card":"summary_large_image","twitter_misc":{"\u0627\u0644\u0633\u0639\u0631":"","\u0627\u0644\u062a\u0648\u0641\u0631":"\u0645\u062a\u0648\u0641\u0631 \u0641\u064a \u0627\u0644\u0645\u062e\u0632\u0648\u0646"},"schema":{"@context":"https:\/\/schema.org","@graph":[{"@type":"WebPage","@id":"https:\/\/soussecrets.com\/ar\/shop\/uncategorized\/eau-de-rose-en-plastique\/","url":"https:\/\/soussecrets.com\/ar\/shop\/uncategorized\/eau-de-rose-en-plastique\/","name":"Eau de rose en plastique - Les secrets du Souss","isPartOf":{"@id":"https:\/\/soussecrets.com\/ar\/#website"},"datePublished":"2019-12-10T00:00:00+00:00","breadcrumb":{"@id":"https:\/\/soussecrets.com\/ar\/shop\/uncategorized\/eau-de-rose-en-plastique\/#breadcrumb"},"inLanguage":"ar","potentialAction":[{"@type":"ReadAction","target":["https:\/\/soussecrets.com\/ar\/shop\/uncategorized\/eau-de-rose-en-plastique\/"]}]},{"@type":"BreadcrumbList","@id":"https:\/\/soussecrets.com\/ar\/shop\/uncategorized\/eau-de-rose-en-plastique\/#breadcrumb","itemListElement":[{"@type":"ListItem","position":1,"name":"Home","item":"https:\/\/soussecrets.com\/ar\/"},{"@type":"ListItem","position":2,"name":"\u0627\u0644\u0645\u062a\u062c\u0631 \u0627\u0644\u0627\u0644\u0643\u062a\u0631\u0648\u0646\u064a","item":"https:\/\/soussecrets.com\/ar\/shop-ar\/"},{"@type":"ListItem","position":3,"name":"Eau de rose en plastique"}]},{"@type":"WebSite","@id":"https:\/\/soussecrets.com\/ar\/#website","url":"https:\/\/soussecrets.com\/ar\/","name":"Les secrets du Souss","description":"Vente des Produits de Terroir 100% Bio et Naturels","publisher":{"@id":"https:\/\/soussecrets.com\/ar\/#organization"},"potentialAction":[{"@type":"SearchAction","target":{"@type":"EntryPoint","urlTemplate":"https:\/\/soussecrets.com\/ar\/?s={search_term_string}"},"query-input":{"@type":"PropertyValueSpecification","valueRequired":true,"valueName":"search_term_string"}}],"inLanguage":"ar"},{"@type":"Organization","@id":"https:\/\/soussecrets.com\/ar\/#organization","name":"Les Secret du Souss","url":"https:\/\/soussecrets.com\/ar\/","logo":{"@type":"ImageObject","inLanguage":"ar","@id":"https:\/\/soussecrets.com\/ar\/#\/schema\/logo\/image\/","url":"https:\/\/soussecrets.com\/wp-content\/uploads\/Etiquette_logo_8cm.jpg","contentUrl":"https:\/\/soussecrets.com\/wp-content\/uploads\/Etiquette_logo_8cm.jpg","width":945,"height":945,"caption":"Les Secret du Souss"},"image":{"@id":"https:\/\/soussecrets.com\/ar\/#\/schema\/logo\/image\/"},"sameAs":["https:\/\/www.facebook.com\/les.secrets.du.souss\/","https:\/\/www.instagram.com\/les_secrets_du_souss\/"],"hasMerchantReturnPolicy":{"@type":"MerchantReturnPolicy","merchantReturnLink":"https:\/\/soussecrets.com\/refund_returns-2\/"}}]},"product_price_currency":"MAD","og_availability":"instock","product_availability":"instock","product_condition":"new"},"_links":{"self":[{"href":"https:\/\/soussecrets.com\/ar\/wp-json\/wp\/v2\/product\/47660","targetHints":{"allow":["GET"]}}],"collection":[{"href":"https:\/\/soussecrets.com\/ar\/wp-json\/wp\/v2\/product"}],"about":[{"href":"https:\/\/soussecrets.com\/ar\/wp-json\/wp\/v2\/types\/product"}],"replies":[{"embeddable":true,"href":"https:\/\/soussecrets.com\/ar\/wp-json\/wp\/v2\/comments?post=47660"}],"version-history":[{"count":0,"href":"https:\/\/soussecrets.com\/ar\/wp-json\/wp\/v2\/product\/47660\/revisions"}],"wp:attachment":[{"href":"https:\/\/soussecrets.com\/ar\/wp-json\/wp\/v2\/media?parent=47660"}],"wp:term":[{"taxonomy":"product_brand","embeddable":true,"href":"https:\/\/soussecrets.com\/ar\/wp-json\/wp\/v2\/product_brand?post=47660"},{"taxonomy":"product_cat","embeddable":true,"href":"https:\/\/soussecrets.com\/ar\/wp-json\/wp\/v2\/product_cat?post=47660"},{"taxonomy":"product_tag","embeddable":true,"href":"https:\/\/soussecrets.com\/ar\/wp-json\/wp\/v2\/product_tag?post=47660"},{"taxonomy":"backlink","embeddable":true,"href":"https:\/\/soussecrets.com\/ar\/wp-json\/wp\/v2\/backlink?post=47660"}],"curies":[{"name":"wp","href":"https:\/\/api.w.org\/{rel}","templated":true}]}}