{"id":47957,"date":"2019-12-10T00:00:00","date_gmt":"2019-12-10T00:00:00","guid":{"rendered":"https:\/\/soussecrets.com\/shop\/uncategorized\/savon-glycerine-aloe-vera-top-bio\/"},"modified":"2025-05-25T04:56:03","modified_gmt":"2025-05-25T03:56:03","slug":"savon-glycerine-aloe-vera-top-bio","status":"publish","type":"product","link":"https:\/\/soussecrets.com\/ar\/shop\/uncategorized\/savon-glycerine-aloe-vera-top-bio\/","title":{"rendered":"Savon glycerine Aloe vera (Top Bio)"},"content":{"rendered":"<p>Vous cherchez un produit naturel pour prendre soin de votre peau ? Notre savon \u00e0 la glyc\u00e9rine et \u00e0 l&#8217;Aloe vera est fait pour vous ! Ce savon est compos\u00e9 d&#8217;ingr\u00e9dients naturels qui sont bons pour votre peau et qui la laisseront douce et hydrat\u00e9e.<\/p>\n<p>La glyc\u00e9rine est connue pour ses propri\u00e9t\u00e9s hydratantes et adoucissantes. Elle aide \u00e0 maintenir l&#8217;hydratation de la peau et \u00e0 la prot\u00e9ger des agressions ext\u00e9rieures. L&#8217;Aloe vera, quant \u00e0 lui, est riche en vitamines et en antioxydants qui aident \u00e0 r\u00e9parer et \u00e0 prot\u00e9ger la peau. Il est \u00e9galement connu pour ses propri\u00e9t\u00e9s apaisantes et anti-inflammatoires.<\/p>\n<p>Ce savon est parfait pour tous les types de peau. Il est doux et non irritant, ce qui en fait un produit id\u00e9al pour les peaux sensibles. Il est \u00e9galement tr\u00e8s efficace pour nettoyer la peau en profondeur et en douceur. Il laisse la peau douce et hydrat\u00e9e, sans laisser de r\u00e9sidus gras.<\/p>\n<p>Notre savon \u00e0 la glyc\u00e9rine et \u00e0 l&#8217;Aloe vera est un produit naturel qui prend soin de votre peau. Il est doux, non irritant et tr\u00e8s efficace pour nettoyer et hydrater votre peau. Il est parfait pour tous les types de peau et vous laissera une sensation de douceur et de bien-\u00eatre. Alors n&#8217;h\u00e9sitez plus et essayez-le d\u00e8s aujourd&#8217;hui !<\/p>\n","protected":false},"excerpt":{"rendered":"<p>Ce savon est enrichi en glyc\u00e9rine et en Aloe vera pour une peau douce et hydrat\u00e9e. Il offre une mousse riche et onctueuse pour un nettoyage en profondeur.<\/p>\n","protected":false},"featured_media":46165,"comment_status":"open","ping_status":"closed","template":"","meta":[],"product_brand":[],"product_cat":[60],"product_tag":[],"backlink":[],"class_list":{"0":"post-47957","1":"product","2":"type-product","3":"status-publish","4":"has-post-thumbnail","6":"product_cat-uncategorized","8":"first","9":"instock","10":"taxable","11":"shipping-taxable","12":"product-type-simple"},"yoast_head":"<!-- This site is optimized with the Yoast SEO Premium plugin v26.0 (Yoast SEO v26.7) - https:\/\/yoast.com\/wordpress\/plugins\/seo\/ -->\n<title>Savon glycerine Aloe vera (Top Bio) - Les secrets du Souss<\/title>\n<meta name=\"robots\" content=\"index, follow, max-snippet:-1, max-image-preview:large, max-video-preview:-1\" \/>\n<link rel=\"canonical\" href=\"https:\/\/soussecrets.com\/ar\/shop\/uncategorized\/savon-glycerine-aloe-vera-top-bio\/\" \/>\n<meta property=\"og:locale\" content=\"ar_AR\" \/>\n<meta property=\"og:type\" content=\"article\" \/>\n<meta property=\"og:title\" content=\"Savon glycerine Aloe vera (Top Bio)\" \/>\n<meta property=\"og:description\" content=\"Ce savon est enrichi en glyc\u00e9rine et en Aloe vera pour une peau douce et hydrat\u00e9e. Il offre une mousse riche et onctueuse pour un nettoyage en profondeur.\" \/>\n<meta property=\"og:url\" content=\"https:\/\/soussecrets.com\/ar\/shop\/uncategorized\/savon-glycerine-aloe-vera-top-bio\/\" \/>\n<meta property=\"og:site_name\" content=\"Les secrets du Souss\" \/>\n<meta property=\"article:publisher\" content=\"https:\/\/www.facebook.com\/les.secrets.du.souss\/\" \/>\n<meta property=\"article:modified_time\" content=\"2025-05-25T03:56:03+00:00\" \/>\n<meta property=\"og:image\" content=\"https:\/\/soussecrets.com\/wp-content\/uploads\/savon_glycerine_aloevera-2.png\" \/>\n\t<meta property=\"og:image:width\" content=\"1000\" \/>\n\t<meta property=\"og:image:height\" content=\"1000\" \/>\n\t<meta property=\"og:image:type\" content=\"image\/png\" \/>\n<meta name=\"twitter:card\" content=\"summary_large_image\" \/>\n<meta name=\"twitter:label1\" content=\"\u0627\u0644\u0633\u0639\u0631\" \/>\n\t<meta name=\"twitter:data1\" content=\"\" \/>\n\t<meta name=\"twitter:label2\" content=\"\u0627\u0644\u062a\u0648\u0641\u0631\" \/>\n\t<meta name=\"twitter:data2\" content=\"\u0645\u062a\u0648\u0641\u0631 \u0641\u064a \u0627\u0644\u0645\u062e\u0632\u0648\u0646\" \/>\n<script type=\"application\/ld+json\" class=\"yoast-schema-graph\">{\"@context\":\"https:\/\/schema.org\",\"@graph\":[{\"@type\":\"WebPage\",\"@id\":\"https:\/\/soussecrets.com\/ar\/shop\/uncategorized\/savon-glycerine-aloe-vera-top-bio\/\",\"url\":\"https:\/\/soussecrets.com\/ar\/shop\/uncategorized\/savon-glycerine-aloe-vera-top-bio\/\",\"name\":\"Savon glycerine Aloe vera (Top Bio) - Les secrets du Souss\",\"isPartOf\":{\"@id\":\"https:\/\/soussecrets.com\/ar\/#website\"},\"primaryImageOfPage\":{\"@id\":\"https:\/\/soussecrets.com\/ar\/shop\/uncategorized\/savon-glycerine-aloe-vera-top-bio\/#primaryimage\"},\"image\":{\"@id\":\"https:\/\/soussecrets.com\/ar\/shop\/uncategorized\/savon-glycerine-aloe-vera-top-bio\/#primaryimage\"},\"thumbnailUrl\":\"https:\/\/soussecrets.com\/wp-content\/uploads\/savon_glycerine_aloevera-2.png\",\"datePublished\":\"2019-12-10T00:00:00+00:00\",\"dateModified\":\"2025-05-25T03:56:03+00:00\",\"breadcrumb\":{\"@id\":\"https:\/\/soussecrets.com\/ar\/shop\/uncategorized\/savon-glycerine-aloe-vera-top-bio\/#breadcrumb\"},\"inLanguage\":\"ar\",\"potentialAction\":[{\"@type\":\"ReadAction\",\"target\":[\"https:\/\/soussecrets.com\/ar\/shop\/uncategorized\/savon-glycerine-aloe-vera-top-bio\/\"]}]},{\"@type\":\"ImageObject\",\"inLanguage\":\"ar\",\"@id\":\"https:\/\/soussecrets.com\/ar\/shop\/uncategorized\/savon-glycerine-aloe-vera-top-bio\/#primaryimage\",\"url\":\"https:\/\/soussecrets.com\/wp-content\/uploads\/savon_glycerine_aloevera-2.png\",\"contentUrl\":\"https:\/\/soussecrets.com\/wp-content\/uploads\/savon_glycerine_aloevera-2.png\",\"width\":1000,\"height\":1000},{\"@type\":\"BreadcrumbList\",\"@id\":\"https:\/\/soussecrets.com\/ar\/shop\/uncategorized\/savon-glycerine-aloe-vera-top-bio\/#breadcrumb\",\"itemListElement\":[{\"@type\":\"ListItem\",\"position\":1,\"name\":\"Home\",\"item\":\"https:\/\/soussecrets.com\/ar\/\"},{\"@type\":\"ListItem\",\"position\":2,\"name\":\"\u0627\u0644\u0645\u062a\u062c\u0631 \u0627\u0644\u0627\u0644\u0643\u062a\u0631\u0648\u0646\u064a\",\"item\":\"https:\/\/soussecrets.com\/ar\/shop-ar\/\"},{\"@type\":\"ListItem\",\"position\":3,\"name\":\"Savon glycerine Aloe vera (Top Bio)\"}]},{\"@type\":\"WebSite\",\"@id\":\"https:\/\/soussecrets.com\/ar\/#website\",\"url\":\"https:\/\/soussecrets.com\/ar\/\",\"name\":\"Les secrets du Souss\",\"description\":\"Vente des Produits de Terroir 100% Bio et Naturels\",\"publisher\":{\"@id\":\"https:\/\/soussecrets.com\/ar\/#organization\"},\"potentialAction\":[{\"@type\":\"SearchAction\",\"target\":{\"@type\":\"EntryPoint\",\"urlTemplate\":\"https:\/\/soussecrets.com\/ar\/?s={search_term_string}\"},\"query-input\":{\"@type\":\"PropertyValueSpecification\",\"valueRequired\":true,\"valueName\":\"search_term_string\"}}],\"inLanguage\":\"ar\"},{\"@type\":\"Organization\",\"@id\":\"https:\/\/soussecrets.com\/ar\/#organization\",\"name\":\"Les Secret du Souss\",\"url\":\"https:\/\/soussecrets.com\/ar\/\",\"logo\":{\"@type\":\"ImageObject\",\"inLanguage\":\"ar\",\"@id\":\"https:\/\/soussecrets.com\/ar\/#\/schema\/logo\/image\/\",\"url\":\"https:\/\/soussecrets.com\/wp-content\/uploads\/Etiquette_logo_8cm.jpg\",\"contentUrl\":\"https:\/\/soussecrets.com\/wp-content\/uploads\/Etiquette_logo_8cm.jpg\",\"width\":945,\"height\":945,\"caption\":\"Les Secret du Souss\"},\"image\":{\"@id\":\"https:\/\/soussecrets.com\/ar\/#\/schema\/logo\/image\/\"},\"sameAs\":[\"https:\/\/www.facebook.com\/les.secrets.du.souss\/\",\"https:\/\/www.instagram.com\/les_secrets_du_souss\/\"],\"hasMerchantReturnPolicy\":{\"@type\":\"MerchantReturnPolicy\",\"merchantReturnLink\":\"https:\/\/soussecrets.com\/refund_returns-2\/\"}}]}<\/script>\n<meta property=\"product:price:currency\" content=\"MAD\" \/>\n<meta property=\"og:availability\" content=\"instock\" \/>\n<meta property=\"product:availability\" content=\"instock\" \/>\n<meta property=\"product:condition\" content=\"new\" \/>\n<!-- \/ Yoast SEO Premium plugin. -->","yoast_head_json":{"title":"Savon glycerine Aloe vera (Top Bio) - Les secrets du Souss","robots":{"index":"index","follow":"follow","max-snippet":"max-snippet:-1","max-image-preview":"max-image-preview:large","max-video-preview":"max-video-preview:-1"},"canonical":"https:\/\/soussecrets.com\/ar\/shop\/uncategorized\/savon-glycerine-aloe-vera-top-bio\/","og_locale":"ar_AR","og_type":"article","og_title":"Savon glycerine Aloe vera (Top Bio)","og_description":"Ce savon est enrichi en glyc\u00e9rine et en Aloe vera pour une peau douce et hydrat\u00e9e. Il offre une mousse riche et onctueuse pour un nettoyage en profondeur.","og_url":"https:\/\/soussecrets.com\/ar\/shop\/uncategorized\/savon-glycerine-aloe-vera-top-bio\/","og_site_name":"Les secrets du Souss","article_publisher":"https:\/\/www.facebook.com\/les.secrets.du.souss\/","article_modified_time":"2025-05-25T03:56:03+00:00","og_image":[{"width":1000,"height":1000,"url":"https:\/\/soussecrets.com\/wp-content\/uploads\/savon_glycerine_aloevera-2.png","type":"image\/png"}],"twitter_card":"summary_large_image","twitter_misc":{"\u0627\u0644\u0633\u0639\u0631":"","\u0627\u0644\u062a\u0648\u0641\u0631":"\u0645\u062a\u0648\u0641\u0631 \u0641\u064a \u0627\u0644\u0645\u062e\u0632\u0648\u0646"},"schema":{"@context":"https:\/\/schema.org","@graph":[{"@type":"WebPage","@id":"https:\/\/soussecrets.com\/ar\/shop\/uncategorized\/savon-glycerine-aloe-vera-top-bio\/","url":"https:\/\/soussecrets.com\/ar\/shop\/uncategorized\/savon-glycerine-aloe-vera-top-bio\/","name":"Savon glycerine Aloe vera (Top Bio) - Les secrets du Souss","isPartOf":{"@id":"https:\/\/soussecrets.com\/ar\/#website"},"primaryImageOfPage":{"@id":"https:\/\/soussecrets.com\/ar\/shop\/uncategorized\/savon-glycerine-aloe-vera-top-bio\/#primaryimage"},"image":{"@id":"https:\/\/soussecrets.com\/ar\/shop\/uncategorized\/savon-glycerine-aloe-vera-top-bio\/#primaryimage"},"thumbnailUrl":"https:\/\/soussecrets.com\/wp-content\/uploads\/savon_glycerine_aloevera-2.png","datePublished":"2019-12-10T00:00:00+00:00","dateModified":"2025-05-25T03:56:03+00:00","breadcrumb":{"@id":"https:\/\/soussecrets.com\/ar\/shop\/uncategorized\/savon-glycerine-aloe-vera-top-bio\/#breadcrumb"},"inLanguage":"ar","potentialAction":[{"@type":"ReadAction","target":["https:\/\/soussecrets.com\/ar\/shop\/uncategorized\/savon-glycerine-aloe-vera-top-bio\/"]}]},{"@type":"ImageObject","inLanguage":"ar","@id":"https:\/\/soussecrets.com\/ar\/shop\/uncategorized\/savon-glycerine-aloe-vera-top-bio\/#primaryimage","url":"https:\/\/soussecrets.com\/wp-content\/uploads\/savon_glycerine_aloevera-2.png","contentUrl":"https:\/\/soussecrets.com\/wp-content\/uploads\/savon_glycerine_aloevera-2.png","width":1000,"height":1000},{"@type":"BreadcrumbList","@id":"https:\/\/soussecrets.com\/ar\/shop\/uncategorized\/savon-glycerine-aloe-vera-top-bio\/#breadcrumb","itemListElement":[{"@type":"ListItem","position":1,"name":"Home","item":"https:\/\/soussecrets.com\/ar\/"},{"@type":"ListItem","position":2,"name":"\u0627\u0644\u0645\u062a\u062c\u0631 \u0627\u0644\u0627\u0644\u0643\u062a\u0631\u0648\u0646\u064a","item":"https:\/\/soussecrets.com\/ar\/shop-ar\/"},{"@type":"ListItem","position":3,"name":"Savon glycerine Aloe vera (Top Bio)"}]},{"@type":"WebSite","@id":"https:\/\/soussecrets.com\/ar\/#website","url":"https:\/\/soussecrets.com\/ar\/","name":"Les secrets du Souss","description":"Vente des Produits de Terroir 100% Bio et Naturels","publisher":{"@id":"https:\/\/soussecrets.com\/ar\/#organization"},"potentialAction":[{"@type":"SearchAction","target":{"@type":"EntryPoint","urlTemplate":"https:\/\/soussecrets.com\/ar\/?s={search_term_string}"},"query-input":{"@type":"PropertyValueSpecification","valueRequired":true,"valueName":"search_term_string"}}],"inLanguage":"ar"},{"@type":"Organization","@id":"https:\/\/soussecrets.com\/ar\/#organization","name":"Les Secret du Souss","url":"https:\/\/soussecrets.com\/ar\/","logo":{"@type":"ImageObject","inLanguage":"ar","@id":"https:\/\/soussecrets.com\/ar\/#\/schema\/logo\/image\/","url":"https:\/\/soussecrets.com\/wp-content\/uploads\/Etiquette_logo_8cm.jpg","contentUrl":"https:\/\/soussecrets.com\/wp-content\/uploads\/Etiquette_logo_8cm.jpg","width":945,"height":945,"caption":"Les Secret du Souss"},"image":{"@id":"https:\/\/soussecrets.com\/ar\/#\/schema\/logo\/image\/"},"sameAs":["https:\/\/www.facebook.com\/les.secrets.du.souss\/","https:\/\/www.instagram.com\/les_secrets_du_souss\/"],"hasMerchantReturnPolicy":{"@type":"MerchantReturnPolicy","merchantReturnLink":"https:\/\/soussecrets.com\/refund_returns-2\/"}}]},"product_price_currency":"MAD","og_availability":"instock","product_availability":"instock","product_condition":"new"},"_links":{"self":[{"href":"https:\/\/soussecrets.com\/ar\/wp-json\/wp\/v2\/product\/47957","targetHints":{"allow":["GET"]}}],"collection":[{"href":"https:\/\/soussecrets.com\/ar\/wp-json\/wp\/v2\/product"}],"about":[{"href":"https:\/\/soussecrets.com\/ar\/wp-json\/wp\/v2\/types\/product"}],"replies":[{"embeddable":true,"href":"https:\/\/soussecrets.com\/ar\/wp-json\/wp\/v2\/comments?post=47957"}],"version-history":[{"count":0,"href":"https:\/\/soussecrets.com\/ar\/wp-json\/wp\/v2\/product\/47957\/revisions"}],"wp:featuredmedia":[{"embeddable":true,"href":"https:\/\/soussecrets.com\/ar\/wp-json\/wp\/v2\/media\/46165"}],"wp:attachment":[{"href":"https:\/\/soussecrets.com\/ar\/wp-json\/wp\/v2\/media?parent=47957"}],"wp:term":[{"taxonomy":"product_brand","embeddable":true,"href":"https:\/\/soussecrets.com\/ar\/wp-json\/wp\/v2\/product_brand?post=47957"},{"taxonomy":"product_cat","embeddable":true,"href":"https:\/\/soussecrets.com\/ar\/wp-json\/wp\/v2\/product_cat?post=47957"},{"taxonomy":"product_tag","embeddable":true,"href":"https:\/\/soussecrets.com\/ar\/wp-json\/wp\/v2\/product_tag?post=47957"},{"taxonomy":"backlink","embeddable":true,"href":"https:\/\/soussecrets.com\/ar\/wp-json\/wp\/v2\/backlink?post=47957"}],"curies":[{"name":"wp","href":"https:\/\/api.w.org\/{rel}","templated":true}]}}