{"id":48425,"date":"2019-12-10T00:00:00","date_gmt":"2019-12-10T00:00:00","guid":{"rendered":"https:\/\/soussecrets.com\/shop\/uncategorized\/the-haya-tea\/"},"modified":"2019-12-10T00:00:00","modified_gmt":"2019-12-10T00:00:00","slug":"the-haya-tea","status":"publish","type":"product","link":"https:\/\/soussecrets.com\/ar\/shop\/uncategorized\/the-haya-tea\/","title":{"rendered":"Th\u00e9 Haya-tea 500gr"},"content":{"rendered":"<p>le th\u00e9 vert contient trois principales familles d\u2019antioxydants : les cat\u00e9chines, les th\u00e9aflavines mais aussi les th\u00e9arubigines. Sa forte teneur en antioxydants provient notamment de sa forte concentration en polyph\u00e9nols du th\u00e9 vert. On consid\u00e8re qu\u2019une tasse de th\u00e9 a une teneur en antioxydants 3,5 fois plus \u00e9lev\u00e9e qu\u2019un verre de jus d\u2019orange et quatre fois sup\u00e9rieure que de la vitamine C. Ses propri\u00e9t\u00e9s antioxydantes ont un donc impact positif sur les cellules de la peau pour lutter contre son vieillissement. De nombreuses \u00e9tudes montrent \u00e9galement que le th\u00e9 vert peut avoir des vertus b\u00e9n\u00e9fiques dans la pr\u00e9vention du cancer et r\u00e9duirait le risque de maladies cardiovasculaires.<\/p>\n","protected":false},"excerpt":{"rendered":"<p>Decouvrez Th\u00e9 Haya-tea 100% bio et naturel<\/p>\n","protected":false},"featured_media":46375,"comment_status":"open","ping_status":"closed","template":"","meta":[],"product_brand":[],"product_cat":[60],"product_tag":[1734,1735,1737,1738,1740,1741,1742,1743,1744],"backlink":[],"class_list":{"0":"post-48425","1":"product","2":"type-product","3":"status-publish","4":"has-post-thumbnail","6":"product_cat-uncategorized","7":"product_tag-al-karia-ar","8":"product_tag-bio-ar","9":"product_tag-maroc-ar","10":"product_tag-naturel-ar","11":"product_tag-produits-du-terroir-ar","12":"product_tag-rabat-ar","13":"product_tag-sala-al-jadida-ar","14":"product_tag-sale-ar","15":"product_tag-temara-ar","17":"first","18":"instock","19":"taxable","20":"shipping-taxable","21":"product-type-simple"},"yoast_head":"<!-- This site is optimized with the Yoast SEO Premium plugin v26.0 (Yoast SEO v26.7) - https:\/\/yoast.com\/wordpress\/plugins\/seo\/ -->\n<title>Th\u00e9 Haya-tea 500gr - Les secrets du Souss<\/title>\n<meta name=\"robots\" content=\"index, follow, max-snippet:-1, max-image-preview:large, max-video-preview:-1\" \/>\n<link rel=\"canonical\" href=\"https:\/\/soussecrets.com\/ar\/shop\/uncategorized\/the-haya-tea\/\" \/>\n<meta property=\"og:locale\" content=\"ar_AR\" \/>\n<meta property=\"og:type\" content=\"article\" \/>\n<meta property=\"og:title\" content=\"Th\u00e9 Haya-tea 500gr\" \/>\n<meta property=\"og:description\" content=\"Decouvrez Th\u00e9 Haya-tea 100% bio et naturel\" \/>\n<meta property=\"og:url\" content=\"https:\/\/soussecrets.com\/ar\/shop\/uncategorized\/the-haya-tea\/\" \/>\n<meta property=\"og:site_name\" content=\"Les secrets du Souss\" \/>\n<meta property=\"article:publisher\" content=\"https:\/\/www.facebook.com\/les.secrets.du.souss\/\" \/>\n<meta property=\"og:image\" content=\"https:\/\/soussecrets.com\/wp-content\/uploads\/hayat-tea-1.png\" \/>\n\t<meta property=\"og:image:width\" content=\"1000\" \/>\n\t<meta property=\"og:image:height\" content=\"1000\" \/>\n\t<meta property=\"og:image:type\" content=\"image\/png\" \/>\n<meta name=\"twitter:card\" content=\"summary_large_image\" \/>\n<meta name=\"twitter:label1\" content=\"\u0627\u0644\u0633\u0639\u0631\" \/>\n\t<meta name=\"twitter:data1\" content=\"\" \/>\n\t<meta name=\"twitter:label2\" content=\"\u0627\u0644\u062a\u0648\u0641\u0631\" \/>\n\t<meta name=\"twitter:data2\" content=\"\u0645\u062a\u0648\u0641\u0631 \u0641\u064a \u0627\u0644\u0645\u062e\u0632\u0648\u0646\" \/>\n<script type=\"application\/ld+json\" class=\"yoast-schema-graph\">{\"@context\":\"https:\/\/schema.org\",\"@graph\":[{\"@type\":\"WebPage\",\"@id\":\"https:\/\/soussecrets.com\/ar\/shop\/uncategorized\/the-haya-tea\/\",\"url\":\"https:\/\/soussecrets.com\/ar\/shop\/uncategorized\/the-haya-tea\/\",\"name\":\"Th\u00e9 Haya-tea 500gr - Les secrets du Souss\",\"isPartOf\":{\"@id\":\"https:\/\/soussecrets.com\/ar\/#website\"},\"primaryImageOfPage\":{\"@id\":\"https:\/\/soussecrets.com\/ar\/shop\/uncategorized\/the-haya-tea\/#primaryimage\"},\"image\":{\"@id\":\"https:\/\/soussecrets.com\/ar\/shop\/uncategorized\/the-haya-tea\/#primaryimage\"},\"thumbnailUrl\":\"https:\/\/soussecrets.com\/wp-content\/uploads\/hayat-tea-1.png\",\"datePublished\":\"2019-12-10T00:00:00+00:00\",\"breadcrumb\":{\"@id\":\"https:\/\/soussecrets.com\/ar\/shop\/uncategorized\/the-haya-tea\/#breadcrumb\"},\"inLanguage\":\"ar\",\"potentialAction\":[{\"@type\":\"ReadAction\",\"target\":[\"https:\/\/soussecrets.com\/ar\/shop\/uncategorized\/the-haya-tea\/\"]}]},{\"@type\":\"ImageObject\",\"inLanguage\":\"ar\",\"@id\":\"https:\/\/soussecrets.com\/ar\/shop\/uncategorized\/the-haya-tea\/#primaryimage\",\"url\":\"https:\/\/soussecrets.com\/wp-content\/uploads\/hayat-tea-1.png\",\"contentUrl\":\"https:\/\/soussecrets.com\/wp-content\/uploads\/hayat-tea-1.png\",\"width\":1000,\"height\":1000},{\"@type\":\"BreadcrumbList\",\"@id\":\"https:\/\/soussecrets.com\/ar\/shop\/uncategorized\/the-haya-tea\/#breadcrumb\",\"itemListElement\":[{\"@type\":\"ListItem\",\"position\":1,\"name\":\"Home\",\"item\":\"https:\/\/soussecrets.com\/ar\/\"},{\"@type\":\"ListItem\",\"position\":2,\"name\":\"\u0627\u0644\u0645\u062a\u062c\u0631 \u0627\u0644\u0627\u0644\u0643\u062a\u0631\u0648\u0646\u064a\",\"item\":\"https:\/\/soussecrets.com\/ar\/shop-ar\/\"},{\"@type\":\"ListItem\",\"position\":3,\"name\":\"Th\u00e9 Haya-tea 500gr\"}]},{\"@type\":\"WebSite\",\"@id\":\"https:\/\/soussecrets.com\/ar\/#website\",\"url\":\"https:\/\/soussecrets.com\/ar\/\",\"name\":\"Les secrets du Souss\",\"description\":\"Vente des Produits de Terroir 100% Bio et Naturels\",\"publisher\":{\"@id\":\"https:\/\/soussecrets.com\/ar\/#organization\"},\"potentialAction\":[{\"@type\":\"SearchAction\",\"target\":{\"@type\":\"EntryPoint\",\"urlTemplate\":\"https:\/\/soussecrets.com\/ar\/?s={search_term_string}\"},\"query-input\":{\"@type\":\"PropertyValueSpecification\",\"valueRequired\":true,\"valueName\":\"search_term_string\"}}],\"inLanguage\":\"ar\"},{\"@type\":\"Organization\",\"@id\":\"https:\/\/soussecrets.com\/ar\/#organization\",\"name\":\"Les Secret du Souss\",\"url\":\"https:\/\/soussecrets.com\/ar\/\",\"logo\":{\"@type\":\"ImageObject\",\"inLanguage\":\"ar\",\"@id\":\"https:\/\/soussecrets.com\/ar\/#\/schema\/logo\/image\/\",\"url\":\"https:\/\/soussecrets.com\/wp-content\/uploads\/Etiquette_logo_8cm.jpg\",\"contentUrl\":\"https:\/\/soussecrets.com\/wp-content\/uploads\/Etiquette_logo_8cm.jpg\",\"width\":945,\"height\":945,\"caption\":\"Les Secret du Souss\"},\"image\":{\"@id\":\"https:\/\/soussecrets.com\/ar\/#\/schema\/logo\/image\/\"},\"sameAs\":[\"https:\/\/www.facebook.com\/les.secrets.du.souss\/\",\"https:\/\/www.instagram.com\/les_secrets_du_souss\/\"],\"hasMerchantReturnPolicy\":{\"@type\":\"MerchantReturnPolicy\",\"merchantReturnLink\":\"https:\/\/soussecrets.com\/refund_returns-2\/\"}}]}<\/script>\n<meta property=\"product:price:currency\" content=\"MAD\" \/>\n<meta property=\"og:availability\" content=\"instock\" \/>\n<meta property=\"product:availability\" content=\"instock\" \/>\n<meta property=\"product:condition\" content=\"new\" \/>\n<!-- \/ Yoast SEO Premium plugin. -->","yoast_head_json":{"title":"Th\u00e9 Haya-tea 500gr - Les secrets du Souss","robots":{"index":"index","follow":"follow","max-snippet":"max-snippet:-1","max-image-preview":"max-image-preview:large","max-video-preview":"max-video-preview:-1"},"canonical":"https:\/\/soussecrets.com\/ar\/shop\/uncategorized\/the-haya-tea\/","og_locale":"ar_AR","og_type":"article","og_title":"Th\u00e9 Haya-tea 500gr","og_description":"Decouvrez Th\u00e9 Haya-tea 100% bio et naturel","og_url":"https:\/\/soussecrets.com\/ar\/shop\/uncategorized\/the-haya-tea\/","og_site_name":"Les secrets du Souss","article_publisher":"https:\/\/www.facebook.com\/les.secrets.du.souss\/","og_image":[{"width":1000,"height":1000,"url":"https:\/\/soussecrets.com\/wp-content\/uploads\/hayat-tea-1.png","type":"image\/png"}],"twitter_card":"summary_large_image","twitter_misc":{"\u0627\u0644\u0633\u0639\u0631":"","\u0627\u0644\u062a\u0648\u0641\u0631":"\u0645\u062a\u0648\u0641\u0631 \u0641\u064a \u0627\u0644\u0645\u062e\u0632\u0648\u0646"},"schema":{"@context":"https:\/\/schema.org","@graph":[{"@type":"WebPage","@id":"https:\/\/soussecrets.com\/ar\/shop\/uncategorized\/the-haya-tea\/","url":"https:\/\/soussecrets.com\/ar\/shop\/uncategorized\/the-haya-tea\/","name":"Th\u00e9 Haya-tea 500gr - Les secrets du Souss","isPartOf":{"@id":"https:\/\/soussecrets.com\/ar\/#website"},"primaryImageOfPage":{"@id":"https:\/\/soussecrets.com\/ar\/shop\/uncategorized\/the-haya-tea\/#primaryimage"},"image":{"@id":"https:\/\/soussecrets.com\/ar\/shop\/uncategorized\/the-haya-tea\/#primaryimage"},"thumbnailUrl":"https:\/\/soussecrets.com\/wp-content\/uploads\/hayat-tea-1.png","datePublished":"2019-12-10T00:00:00+00:00","breadcrumb":{"@id":"https:\/\/soussecrets.com\/ar\/shop\/uncategorized\/the-haya-tea\/#breadcrumb"},"inLanguage":"ar","potentialAction":[{"@type":"ReadAction","target":["https:\/\/soussecrets.com\/ar\/shop\/uncategorized\/the-haya-tea\/"]}]},{"@type":"ImageObject","inLanguage":"ar","@id":"https:\/\/soussecrets.com\/ar\/shop\/uncategorized\/the-haya-tea\/#primaryimage","url":"https:\/\/soussecrets.com\/wp-content\/uploads\/hayat-tea-1.png","contentUrl":"https:\/\/soussecrets.com\/wp-content\/uploads\/hayat-tea-1.png","width":1000,"height":1000},{"@type":"BreadcrumbList","@id":"https:\/\/soussecrets.com\/ar\/shop\/uncategorized\/the-haya-tea\/#breadcrumb","itemListElement":[{"@type":"ListItem","position":1,"name":"Home","item":"https:\/\/soussecrets.com\/ar\/"},{"@type":"ListItem","position":2,"name":"\u0627\u0644\u0645\u062a\u062c\u0631 \u0627\u0644\u0627\u0644\u0643\u062a\u0631\u0648\u0646\u064a","item":"https:\/\/soussecrets.com\/ar\/shop-ar\/"},{"@type":"ListItem","position":3,"name":"Th\u00e9 Haya-tea 500gr"}]},{"@type":"WebSite","@id":"https:\/\/soussecrets.com\/ar\/#website","url":"https:\/\/soussecrets.com\/ar\/","name":"Les secrets du Souss","description":"Vente des Produits de Terroir 100% Bio et Naturels","publisher":{"@id":"https:\/\/soussecrets.com\/ar\/#organization"},"potentialAction":[{"@type":"SearchAction","target":{"@type":"EntryPoint","urlTemplate":"https:\/\/soussecrets.com\/ar\/?s={search_term_string}"},"query-input":{"@type":"PropertyValueSpecification","valueRequired":true,"valueName":"search_term_string"}}],"inLanguage":"ar"},{"@type":"Organization","@id":"https:\/\/soussecrets.com\/ar\/#organization","name":"Les Secret du Souss","url":"https:\/\/soussecrets.com\/ar\/","logo":{"@type":"ImageObject","inLanguage":"ar","@id":"https:\/\/soussecrets.com\/ar\/#\/schema\/logo\/image\/","url":"https:\/\/soussecrets.com\/wp-content\/uploads\/Etiquette_logo_8cm.jpg","contentUrl":"https:\/\/soussecrets.com\/wp-content\/uploads\/Etiquette_logo_8cm.jpg","width":945,"height":945,"caption":"Les Secret du Souss"},"image":{"@id":"https:\/\/soussecrets.com\/ar\/#\/schema\/logo\/image\/"},"sameAs":["https:\/\/www.facebook.com\/les.secrets.du.souss\/","https:\/\/www.instagram.com\/les_secrets_du_souss\/"],"hasMerchantReturnPolicy":{"@type":"MerchantReturnPolicy","merchantReturnLink":"https:\/\/soussecrets.com\/refund_returns-2\/"}}]},"product_price_currency":"MAD","og_availability":"instock","product_availability":"instock","product_condition":"new"},"_links":{"self":[{"href":"https:\/\/soussecrets.com\/ar\/wp-json\/wp\/v2\/product\/48425","targetHints":{"allow":["GET"]}}],"collection":[{"href":"https:\/\/soussecrets.com\/ar\/wp-json\/wp\/v2\/product"}],"about":[{"href":"https:\/\/soussecrets.com\/ar\/wp-json\/wp\/v2\/types\/product"}],"replies":[{"embeddable":true,"href":"https:\/\/soussecrets.com\/ar\/wp-json\/wp\/v2\/comments?post=48425"}],"version-history":[{"count":0,"href":"https:\/\/soussecrets.com\/ar\/wp-json\/wp\/v2\/product\/48425\/revisions"}],"wp:featuredmedia":[{"embeddable":true,"href":"https:\/\/soussecrets.com\/ar\/wp-json\/wp\/v2\/media\/46375"}],"wp:attachment":[{"href":"https:\/\/soussecrets.com\/ar\/wp-json\/wp\/v2\/media?parent=48425"}],"wp:term":[{"taxonomy":"product_brand","embeddable":true,"href":"https:\/\/soussecrets.com\/ar\/wp-json\/wp\/v2\/product_brand?post=48425"},{"taxonomy":"product_cat","embeddable":true,"href":"https:\/\/soussecrets.com\/ar\/wp-json\/wp\/v2\/product_cat?post=48425"},{"taxonomy":"product_tag","embeddable":true,"href":"https:\/\/soussecrets.com\/ar\/wp-json\/wp\/v2\/product_tag?post=48425"},{"taxonomy":"backlink","embeddable":true,"href":"https:\/\/soussecrets.com\/ar\/wp-json\/wp\/v2\/backlink?post=48425"}],"curies":[{"name":"wp","href":"https:\/\/api.w.org\/{rel}","templated":true}]}}