{"id":47441,"date":"2019-12-10T00:00:00","date_gmt":"2019-12-10T00:00:00","guid":{"rendered":"https:\/\/soussecrets.com\/shop\/uncategorized\/amlou-damande\/"},"modified":"2019-12-10T00:00:00","modified_gmt":"2019-12-10T00:00:00","slug":"amlou-damande","status":"publish","type":"product","link":"https:\/\/soussecrets.com\/en\/shop\/uncategorized\/amlou-damande\/","title":{"rendered":"Amlou d&#8217;amande"},"content":{"rendered":"<p>Amlou est un produit marocain traditionnel \u00e0 base d&#8217;amande, d&#8217;argan et de miel. Il est fabriqu\u00e9 \u00e0 partir d&#8217;ingr\u00e9dients naturels et biologiques, sans aucun additif ou conservateur. Amlou est riche en vitamines, min\u00e9raux et antioxydants, ce qui en fait un produit tr\u00e8s nutritif. Il est \u00e9galement riche en acides gras insatur\u00e9s, ce qui en fait un produit tr\u00e8s sain.<\/p>\n<p>Amlou est tr\u00e8s facile \u00e0 utiliser et peut \u00eatre consomm\u00e9 \u00e0 la fois cru et cuit. Il peut \u00eatre consomm\u00e9 seul ou ajout\u00e9 \u00e0 des plats pour leur donner plus de saveur et de nutrition. Il peut \u00e9galement \u00eatre utilis\u00e9 comme une alternative saine \u00e0 la margarine ou \u00e0 la cr\u00e8me glac\u00e9e.<\/p>\n<p>Amlou est tr\u00e8s savoureux et a une texture douce et cr\u00e9meuse. Il a une saveur douce, avec des notes de noisette et de miel. Il est \u00e9galement tr\u00e8s riche en nutriments et en antioxydants, ce qui en fait un produit tr\u00e8s sain et nutritif.<\/p>\n","protected":false},"excerpt":{"rendered":"<p>Amlou est une p\u00e2te savoureuse \u00e0 base d&#8217;amande, d&#8217;argan et de miel, qui offre une saveur unique et d\u00e9licieuse. C&#8217;est un produit traditionnel marocain qui peut \u00eatre consomm\u00e9 seul ou avec des produits alimentaires.<\/p>\n","protected":false},"featured_media":46124,"comment_status":"open","ping_status":"closed","template":"","meta":[],"product_brand":[],"product_cat":[60],"product_tag":[],"backlink":[],"class_list":{"0":"post-47441","1":"product","2":"type-product","3":"status-publish","4":"has-post-thumbnail","6":"product_cat-uncategorized","8":"first","9":"instock","10":"taxable","11":"shipping-taxable","12":"product-type-variable","13":"wvs-archive-product-wrapper"},"yoast_head":"<!-- This site is optimized with the Yoast SEO Premium plugin v26.0 (Yoast SEO v26.7) - https:\/\/yoast.com\/wordpress\/plugins\/seo\/ -->\n<title>Amlou d&#039;amande - Les secrets du Souss<\/title>\n<meta name=\"robots\" content=\"index, follow, max-snippet:-1, max-image-preview:large, max-video-preview:-1\" \/>\n<link rel=\"canonical\" href=\"https:\/\/soussecrets.com\/en\/shop\/uncategorized\/amlou-damande\/\" \/>\n<meta property=\"og:locale\" content=\"en_US\" \/>\n<meta property=\"og:type\" content=\"article\" \/>\n<meta property=\"og:title\" content=\"Amlou d&#039;amande\" \/>\n<meta property=\"og:description\" content=\"Amlou est une p\u00e2te savoureuse \u00e0 base d&#039;amande, d&#039;argan et de miel, qui offre une saveur unique et d\u00e9licieuse. C&#039;est un produit traditionnel marocain qui peut \u00eatre consomm\u00e9 seul ou avec des produits alimentaires.\" \/>\n<meta property=\"og:url\" content=\"https:\/\/soussecrets.com\/en\/shop\/uncategorized\/amlou-damande\/\" \/>\n<meta property=\"og:site_name\" content=\"Les secrets du Souss\" \/>\n<meta property=\"article:publisher\" content=\"https:\/\/www.facebook.com\/les.secrets.du.souss\/\" \/>\n<meta property=\"og:image\" content=\"https:\/\/soussecrets.com\/wp-content\/uploads\/Amlou_verre-1-3.png\" \/>\n\t<meta property=\"og:image:width\" content=\"1000\" \/>\n\t<meta property=\"og:image:height\" content=\"1000\" \/>\n\t<meta property=\"og:image:type\" content=\"image\/png\" \/>\n<meta name=\"twitter:card\" content=\"summary_large_image\" \/>\n<meta name=\"twitter:label1\" content=\"Availability\" \/>\n\t<meta name=\"twitter:data1\" content=\"In stock\" \/>\n<script type=\"application\/ld+json\" class=\"yoast-schema-graph\">{\"@context\":\"https:\/\/schema.org\",\"@graph\":[{\"@type\":\"WebPage\",\"@id\":\"https:\/\/soussecrets.com\/en\/shop\/uncategorized\/amlou-damande\/\",\"url\":\"https:\/\/soussecrets.com\/en\/shop\/uncategorized\/amlou-damande\/\",\"name\":\"Amlou d'amande - Les secrets du Souss\",\"isPartOf\":{\"@id\":\"https:\/\/soussecrets.com\/en\/#website\"},\"primaryImageOfPage\":{\"@id\":\"https:\/\/soussecrets.com\/en\/shop\/uncategorized\/amlou-damande\/#primaryimage\"},\"image\":{\"@id\":\"https:\/\/soussecrets.com\/en\/shop\/uncategorized\/amlou-damande\/#primaryimage\"},\"thumbnailUrl\":\"https:\/\/soussecrets.com\/wp-content\/uploads\/Amlou_verre-1-3.png\",\"datePublished\":\"2019-12-10T00:00:00+00:00\",\"breadcrumb\":{\"@id\":\"https:\/\/soussecrets.com\/en\/shop\/uncategorized\/amlou-damande\/#breadcrumb\"},\"inLanguage\":\"en-US\",\"potentialAction\":[{\"@type\":\"ReadAction\",\"target\":[\"https:\/\/soussecrets.com\/en\/shop\/uncategorized\/amlou-damande\/\"]}]},{\"@type\":\"ImageObject\",\"inLanguage\":\"en-US\",\"@id\":\"https:\/\/soussecrets.com\/en\/shop\/uncategorized\/amlou-damande\/#primaryimage\",\"url\":\"https:\/\/soussecrets.com\/wp-content\/uploads\/Amlou_verre-1-3.png\",\"contentUrl\":\"https:\/\/soussecrets.com\/wp-content\/uploads\/Amlou_verre-1-3.png\",\"width\":1000,\"height\":1000},{\"@type\":\"BreadcrumbList\",\"@id\":\"https:\/\/soussecrets.com\/en\/shop\/uncategorized\/amlou-damande\/#breadcrumb\",\"itemListElement\":[{\"@type\":\"ListItem\",\"position\":1,\"name\":\"Home\",\"item\":\"https:\/\/soussecrets.com\/en\/home\/\"},{\"@type\":\"ListItem\",\"position\":2,\"name\":\"Shop\",\"item\":\"https:\/\/soussecrets.com\/en\/shop-en\/\"},{\"@type\":\"ListItem\",\"position\":3,\"name\":\"Amlou d&#8217;amande\"}]},{\"@type\":\"WebSite\",\"@id\":\"https:\/\/soussecrets.com\/en\/#website\",\"url\":\"https:\/\/soussecrets.com\/en\/\",\"name\":\"Les secrets du Souss\",\"description\":\"Vente des Produits de Terroir 100% Bio et Naturels\",\"publisher\":{\"@id\":\"https:\/\/soussecrets.com\/en\/#organization\"},\"potentialAction\":[{\"@type\":\"SearchAction\",\"target\":{\"@type\":\"EntryPoint\",\"urlTemplate\":\"https:\/\/soussecrets.com\/en\/?s={search_term_string}\"},\"query-input\":{\"@type\":\"PropertyValueSpecification\",\"valueRequired\":true,\"valueName\":\"search_term_string\"}}],\"inLanguage\":\"en-US\"},{\"@type\":\"Organization\",\"@id\":\"https:\/\/soussecrets.com\/en\/#organization\",\"name\":\"Les Secret du Souss\",\"url\":\"https:\/\/soussecrets.com\/en\/\",\"logo\":{\"@type\":\"ImageObject\",\"inLanguage\":\"en-US\",\"@id\":\"https:\/\/soussecrets.com\/en\/#\/schema\/logo\/image\/\",\"url\":\"https:\/\/soussecrets.com\/wp-content\/uploads\/Etiquette_logo_8cm.jpg\",\"contentUrl\":\"https:\/\/soussecrets.com\/wp-content\/uploads\/Etiquette_logo_8cm.jpg\",\"width\":945,\"height\":945,\"caption\":\"Les Secret du Souss\"},\"image\":{\"@id\":\"https:\/\/soussecrets.com\/en\/#\/schema\/logo\/image\/\"},\"sameAs\":[\"https:\/\/www.facebook.com\/les.secrets.du.souss\/\",\"https:\/\/www.instagram.com\/les_secrets_du_souss\/\"],\"hasMerchantReturnPolicy\":{\"@type\":\"MerchantReturnPolicy\",\"merchantReturnLink\":\"https:\/\/soussecrets.com\/refund_returns-2\/\"}}]}<\/script>\n<meta property=\"og:availability\" content=\"instock\" \/>\n<meta property=\"product:availability\" content=\"instock\" \/>\n<meta property=\"product:condition\" content=\"new\" \/>\n<!-- \/ Yoast SEO Premium plugin. -->","yoast_head_json":{"title":"Amlou d'amande - Les secrets du Souss","robots":{"index":"index","follow":"follow","max-snippet":"max-snippet:-1","max-image-preview":"max-image-preview:large","max-video-preview":"max-video-preview:-1"},"canonical":"https:\/\/soussecrets.com\/en\/shop\/uncategorized\/amlou-damande\/","og_locale":"en_US","og_type":"article","og_title":"Amlou d'amande","og_description":"Amlou est une p\u00e2te savoureuse \u00e0 base d'amande, d'argan et de miel, qui offre une saveur unique et d\u00e9licieuse. C'est un produit traditionnel marocain qui peut \u00eatre consomm\u00e9 seul ou avec des produits alimentaires.","og_url":"https:\/\/soussecrets.com\/en\/shop\/uncategorized\/amlou-damande\/","og_site_name":"Les secrets du Souss","article_publisher":"https:\/\/www.facebook.com\/les.secrets.du.souss\/","og_image":[{"width":1000,"height":1000,"url":"https:\/\/soussecrets.com\/wp-content\/uploads\/Amlou_verre-1-3.png","type":"image\/png"}],"twitter_card":"summary_large_image","twitter_misc":{"Availability":"In stock"},"schema":{"@context":"https:\/\/schema.org","@graph":[{"@type":"WebPage","@id":"https:\/\/soussecrets.com\/en\/shop\/uncategorized\/amlou-damande\/","url":"https:\/\/soussecrets.com\/en\/shop\/uncategorized\/amlou-damande\/","name":"Amlou d'amande - Les secrets du Souss","isPartOf":{"@id":"https:\/\/soussecrets.com\/en\/#website"},"primaryImageOfPage":{"@id":"https:\/\/soussecrets.com\/en\/shop\/uncategorized\/amlou-damande\/#primaryimage"},"image":{"@id":"https:\/\/soussecrets.com\/en\/shop\/uncategorized\/amlou-damande\/#primaryimage"},"thumbnailUrl":"https:\/\/soussecrets.com\/wp-content\/uploads\/Amlou_verre-1-3.png","datePublished":"2019-12-10T00:00:00+00:00","breadcrumb":{"@id":"https:\/\/soussecrets.com\/en\/shop\/uncategorized\/amlou-damande\/#breadcrumb"},"inLanguage":"en-US","potentialAction":[{"@type":"ReadAction","target":["https:\/\/soussecrets.com\/en\/shop\/uncategorized\/amlou-damande\/"]}]},{"@type":"ImageObject","inLanguage":"en-US","@id":"https:\/\/soussecrets.com\/en\/shop\/uncategorized\/amlou-damande\/#primaryimage","url":"https:\/\/soussecrets.com\/wp-content\/uploads\/Amlou_verre-1-3.png","contentUrl":"https:\/\/soussecrets.com\/wp-content\/uploads\/Amlou_verre-1-3.png","width":1000,"height":1000},{"@type":"BreadcrumbList","@id":"https:\/\/soussecrets.com\/en\/shop\/uncategorized\/amlou-damande\/#breadcrumb","itemListElement":[{"@type":"ListItem","position":1,"name":"Home","item":"https:\/\/soussecrets.com\/en\/home\/"},{"@type":"ListItem","position":2,"name":"Shop","item":"https:\/\/soussecrets.com\/en\/shop-en\/"},{"@type":"ListItem","position":3,"name":"Amlou d&#8217;amande"}]},{"@type":"WebSite","@id":"https:\/\/soussecrets.com\/en\/#website","url":"https:\/\/soussecrets.com\/en\/","name":"Les secrets du Souss","description":"Vente des Produits de Terroir 100% Bio et Naturels","publisher":{"@id":"https:\/\/soussecrets.com\/en\/#organization"},"potentialAction":[{"@type":"SearchAction","target":{"@type":"EntryPoint","urlTemplate":"https:\/\/soussecrets.com\/en\/?s={search_term_string}"},"query-input":{"@type":"PropertyValueSpecification","valueRequired":true,"valueName":"search_term_string"}}],"inLanguage":"en-US"},{"@type":"Organization","@id":"https:\/\/soussecrets.com\/en\/#organization","name":"Les Secret du Souss","url":"https:\/\/soussecrets.com\/en\/","logo":{"@type":"ImageObject","inLanguage":"en-US","@id":"https:\/\/soussecrets.com\/en\/#\/schema\/logo\/image\/","url":"https:\/\/soussecrets.com\/wp-content\/uploads\/Etiquette_logo_8cm.jpg","contentUrl":"https:\/\/soussecrets.com\/wp-content\/uploads\/Etiquette_logo_8cm.jpg","width":945,"height":945,"caption":"Les Secret du Souss"},"image":{"@id":"https:\/\/soussecrets.com\/en\/#\/schema\/logo\/image\/"},"sameAs":["https:\/\/www.facebook.com\/les.secrets.du.souss\/","https:\/\/www.instagram.com\/les_secrets_du_souss\/"],"hasMerchantReturnPolicy":{"@type":"MerchantReturnPolicy","merchantReturnLink":"https:\/\/soussecrets.com\/refund_returns-2\/"}}]},"og_availability":"instock","product_availability":"instock","product_condition":"new"},"_links":{"self":[{"href":"https:\/\/soussecrets.com\/en\/wp-json\/wp\/v2\/product\/47441","targetHints":{"allow":["GET"]}}],"collection":[{"href":"https:\/\/soussecrets.com\/en\/wp-json\/wp\/v2\/product"}],"about":[{"href":"https:\/\/soussecrets.com\/en\/wp-json\/wp\/v2\/types\/product"}],"replies":[{"embeddable":true,"href":"https:\/\/soussecrets.com\/en\/wp-json\/wp\/v2\/comments?post=47441"}],"version-history":[{"count":0,"href":"https:\/\/soussecrets.com\/en\/wp-json\/wp\/v2\/product\/47441\/revisions"}],"wp:featuredmedia":[{"embeddable":true,"href":"https:\/\/soussecrets.com\/en\/wp-json\/wp\/v2\/media\/46124"}],"wp:attachment":[{"href":"https:\/\/soussecrets.com\/en\/wp-json\/wp\/v2\/media?parent=47441"}],"wp:term":[{"taxonomy":"product_brand","embeddable":true,"href":"https:\/\/soussecrets.com\/en\/wp-json\/wp\/v2\/product_brand?post=47441"},{"taxonomy":"product_cat","embeddable":true,"href":"https:\/\/soussecrets.com\/en\/wp-json\/wp\/v2\/product_cat?post=47441"},{"taxonomy":"product_tag","embeddable":true,"href":"https:\/\/soussecrets.com\/en\/wp-json\/wp\/v2\/product_tag?post=47441"},{"taxonomy":"backlink","embeddable":true,"href":"https:\/\/soussecrets.com\/en\/wp-json\/wp\/v2\/backlink?post=47441"}],"curies":[{"name":"wp","href":"https:\/\/api.w.org\/{rel}","templated":true}]}}