{"id":47576,"date":"2019-12-10T00:00:00","date_gmt":"2019-12-10T00:00:00","guid":{"rendered":"https:\/\/soussecrets.com\/shop\/uncategorized\/dattes-njda\/"},"modified":"2025-05-23T00:14:38","modified_gmt":"2025-05-22T23:14:38","slug":"dattes-njda","status":"publish","type":"product","link":"https:\/\/soussecrets.com\/en\/shop\/alimentary-products\/dattes-njda\/","title":{"rendered":"Dattes Njda"},"content":{"rendered":"<p>Les dattes Njda sont des fruits s\u00e9ch\u00e9s naturels et d\u00e9licieux qui sont originaires du Maroc. Elles sont connues pour leur saveur sucr\u00e9e et leur texture moelleuse. Elles sont riches en vitamines et min\u00e9raux, notamment en vitamine A, en vitamine B6, en fer et en magn\u00e9sium. Elles sont \u00e9galement une excellente source de fibres alimentaires et de glucides. Les dattes Njda sont tr\u00e8s populaires dans le monde entier et sont souvent consomm\u00e9es comme collation ou ajout\u00e9es \u00e0 des desserts et des plats sal\u00e9s. Elles sont \u00e9galement utilis\u00e9es pour faire des boissons et des smoothies. Elles sont disponibles dans de nombreux magasins et en ligne.<\/p>\n","protected":false},"excerpt":{"rendered":"<p>Les dattes Njda sont des dattes juteuses et sucr\u00e9es, cultiv\u00e9es dans le sud-ouest de Maroc. Elles sont connues pour leur saveur unique et leur texture moelleuse.<\/p>\n","protected":false},"featured_media":46386,"comment_status":"open","ping_status":"closed","template":"","meta":[],"product_brand":[],"product_cat":[530],"product_tag":[],"backlink":[],"class_list":{"0":"post-47576","1":"product","2":"type-product","3":"status-publish","4":"has-post-thumbnail","6":"product_cat-alimentary-products","8":"first","9":"instock","10":"taxable","11":"shipping-taxable","12":"product-type-simple"},"yoast_head":"<!-- This site is optimized with the Yoast SEO Premium plugin v26.0 (Yoast SEO v26.7) - https:\/\/yoast.com\/wordpress\/plugins\/seo\/ -->\n<title>Dattes Njda - Les secrets du Souss<\/title>\n<meta name=\"robots\" content=\"index, follow, max-snippet:-1, max-image-preview:large, max-video-preview:-1\" \/>\n<link rel=\"canonical\" href=\"https:\/\/soussecrets.com\/en\/shop\/alimentary-products\/dattes-njda\/\" \/>\n<meta property=\"og:locale\" content=\"en_US\" \/>\n<meta property=\"og:type\" content=\"article\" \/>\n<meta property=\"og:title\" content=\"Dattes Njda\" \/>\n<meta property=\"og:description\" content=\"Les dattes Njda sont des dattes juteuses et sucr\u00e9es, cultiv\u00e9es dans le sud-ouest de Maroc. Elles sont connues pour leur saveur unique et leur texture moelleuse.\" \/>\n<meta property=\"og:url\" content=\"https:\/\/soussecrets.com\/en\/shop\/alimentary-products\/dattes-njda\/\" \/>\n<meta property=\"og:site_name\" content=\"Les secrets du Souss\" \/>\n<meta property=\"article:publisher\" content=\"https:\/\/www.facebook.com\/les.secrets.du.souss\/\" \/>\n<meta property=\"article:modified_time\" content=\"2025-05-22T23:14:38+00:00\" \/>\n<meta property=\"og:image\" content=\"https:\/\/soussecrets.com\/wp-content\/uploads\/njda-1.png\" \/>\n\t<meta property=\"og:image:width\" content=\"1000\" \/>\n\t<meta property=\"og:image:height\" content=\"1000\" \/>\n\t<meta property=\"og:image:type\" content=\"image\/png\" \/>\n<meta name=\"twitter:card\" content=\"summary_large_image\" \/>\n<meta name=\"twitter:label1\" content=\"Price\" \/>\n\t<meta name=\"twitter:data1\" content=\"\" \/>\n\t<meta name=\"twitter:label2\" content=\"Availability\" \/>\n\t<meta name=\"twitter:data2\" content=\"In stock\" \/>\n<script type=\"application\/ld+json\" class=\"yoast-schema-graph\">{\"@context\":\"https:\/\/schema.org\",\"@graph\":[{\"@type\":\"WebPage\",\"@id\":\"https:\/\/soussecrets.com\/en\/shop\/alimentary-products\/dattes-njda\/\",\"url\":\"https:\/\/soussecrets.com\/en\/shop\/alimentary-products\/dattes-njda\/\",\"name\":\"Dattes Njda - Les secrets du Souss\",\"isPartOf\":{\"@id\":\"https:\/\/soussecrets.com\/en\/#website\"},\"primaryImageOfPage\":{\"@id\":\"https:\/\/soussecrets.com\/en\/shop\/alimentary-products\/dattes-njda\/#primaryimage\"},\"image\":{\"@id\":\"https:\/\/soussecrets.com\/en\/shop\/alimentary-products\/dattes-njda\/#primaryimage\"},\"thumbnailUrl\":\"https:\/\/soussecrets.com\/wp-content\/uploads\/njda-1.png\",\"datePublished\":\"2019-12-10T00:00:00+00:00\",\"dateModified\":\"2025-05-22T23:14:38+00:00\",\"breadcrumb\":{\"@id\":\"https:\/\/soussecrets.com\/en\/shop\/alimentary-products\/dattes-njda\/#breadcrumb\"},\"inLanguage\":\"en-US\",\"potentialAction\":[{\"@type\":\"ReadAction\",\"target\":[\"https:\/\/soussecrets.com\/en\/shop\/alimentary-products\/dattes-njda\/\"]}]},{\"@type\":\"ImageObject\",\"inLanguage\":\"en-US\",\"@id\":\"https:\/\/soussecrets.com\/en\/shop\/alimentary-products\/dattes-njda\/#primaryimage\",\"url\":\"https:\/\/soussecrets.com\/wp-content\/uploads\/njda-1.png\",\"contentUrl\":\"https:\/\/soussecrets.com\/wp-content\/uploads\/njda-1.png\",\"width\":1000,\"height\":1000},{\"@type\":\"BreadcrumbList\",\"@id\":\"https:\/\/soussecrets.com\/en\/shop\/alimentary-products\/dattes-njda\/#breadcrumb\",\"itemListElement\":[{\"@type\":\"ListItem\",\"position\":1,\"name\":\"Home\",\"item\":\"https:\/\/soussecrets.com\/en\/home\/\"},{\"@type\":\"ListItem\",\"position\":2,\"name\":\"Shop\",\"item\":\"https:\/\/soussecrets.com\/en\/shop-en\/\"},{\"@type\":\"ListItem\",\"position\":3,\"name\":\"Dattes Njda\"}]},{\"@type\":\"WebSite\",\"@id\":\"https:\/\/soussecrets.com\/en\/#website\",\"url\":\"https:\/\/soussecrets.com\/en\/\",\"name\":\"Les secrets du Souss\",\"description\":\"Vente des Produits de Terroir 100% Bio et Naturels\",\"publisher\":{\"@id\":\"https:\/\/soussecrets.com\/en\/#organization\"},\"potentialAction\":[{\"@type\":\"SearchAction\",\"target\":{\"@type\":\"EntryPoint\",\"urlTemplate\":\"https:\/\/soussecrets.com\/en\/?s={search_term_string}\"},\"query-input\":{\"@type\":\"PropertyValueSpecification\",\"valueRequired\":true,\"valueName\":\"search_term_string\"}}],\"inLanguage\":\"en-US\"},{\"@type\":\"Organization\",\"@id\":\"https:\/\/soussecrets.com\/en\/#organization\",\"name\":\"Les Secret du Souss\",\"url\":\"https:\/\/soussecrets.com\/en\/\",\"logo\":{\"@type\":\"ImageObject\",\"inLanguage\":\"en-US\",\"@id\":\"https:\/\/soussecrets.com\/en\/#\/schema\/logo\/image\/\",\"url\":\"https:\/\/soussecrets.com\/wp-content\/uploads\/Etiquette_logo_8cm.jpg\",\"contentUrl\":\"https:\/\/soussecrets.com\/wp-content\/uploads\/Etiquette_logo_8cm.jpg\",\"width\":945,\"height\":945,\"caption\":\"Les Secret du Souss\"},\"image\":{\"@id\":\"https:\/\/soussecrets.com\/en\/#\/schema\/logo\/image\/\"},\"sameAs\":[\"https:\/\/www.facebook.com\/les.secrets.du.souss\/\",\"https:\/\/www.instagram.com\/les_secrets_du_souss\/\"],\"hasMerchantReturnPolicy\":{\"@type\":\"MerchantReturnPolicy\",\"merchantReturnLink\":\"https:\/\/soussecrets.com\/refund_returns-2\/\"}}]}<\/script>\n<meta property=\"product:price:currency\" content=\"MAD\" \/>\n<meta property=\"og:availability\" content=\"instock\" \/>\n<meta property=\"product:availability\" content=\"instock\" \/>\n<meta property=\"product:condition\" content=\"new\" \/>\n<!-- \/ Yoast SEO Premium plugin. -->","yoast_head_json":{"title":"Dattes Njda - Les secrets du Souss","robots":{"index":"index","follow":"follow","max-snippet":"max-snippet:-1","max-image-preview":"max-image-preview:large","max-video-preview":"max-video-preview:-1"},"canonical":"https:\/\/soussecrets.com\/en\/shop\/alimentary-products\/dattes-njda\/","og_locale":"en_US","og_type":"article","og_title":"Dattes Njda","og_description":"Les dattes Njda sont des dattes juteuses et sucr\u00e9es, cultiv\u00e9es dans le sud-ouest de Maroc. Elles sont connues pour leur saveur unique et leur texture moelleuse.","og_url":"https:\/\/soussecrets.com\/en\/shop\/alimentary-products\/dattes-njda\/","og_site_name":"Les secrets du Souss","article_publisher":"https:\/\/www.facebook.com\/les.secrets.du.souss\/","article_modified_time":"2025-05-22T23:14:38+00:00","og_image":[{"width":1000,"height":1000,"url":"https:\/\/soussecrets.com\/wp-content\/uploads\/njda-1.png","type":"image\/png"}],"twitter_card":"summary_large_image","twitter_misc":{"Price":"","Availability":"In stock"},"schema":{"@context":"https:\/\/schema.org","@graph":[{"@type":"WebPage","@id":"https:\/\/soussecrets.com\/en\/shop\/alimentary-products\/dattes-njda\/","url":"https:\/\/soussecrets.com\/en\/shop\/alimentary-products\/dattes-njda\/","name":"Dattes Njda - Les secrets du Souss","isPartOf":{"@id":"https:\/\/soussecrets.com\/en\/#website"},"primaryImageOfPage":{"@id":"https:\/\/soussecrets.com\/en\/shop\/alimentary-products\/dattes-njda\/#primaryimage"},"image":{"@id":"https:\/\/soussecrets.com\/en\/shop\/alimentary-products\/dattes-njda\/#primaryimage"},"thumbnailUrl":"https:\/\/soussecrets.com\/wp-content\/uploads\/njda-1.png","datePublished":"2019-12-10T00:00:00+00:00","dateModified":"2025-05-22T23:14:38+00:00","breadcrumb":{"@id":"https:\/\/soussecrets.com\/en\/shop\/alimentary-products\/dattes-njda\/#breadcrumb"},"inLanguage":"en-US","potentialAction":[{"@type":"ReadAction","target":["https:\/\/soussecrets.com\/en\/shop\/alimentary-products\/dattes-njda\/"]}]},{"@type":"ImageObject","inLanguage":"en-US","@id":"https:\/\/soussecrets.com\/en\/shop\/alimentary-products\/dattes-njda\/#primaryimage","url":"https:\/\/soussecrets.com\/wp-content\/uploads\/njda-1.png","contentUrl":"https:\/\/soussecrets.com\/wp-content\/uploads\/njda-1.png","width":1000,"height":1000},{"@type":"BreadcrumbList","@id":"https:\/\/soussecrets.com\/en\/shop\/alimentary-products\/dattes-njda\/#breadcrumb","itemListElement":[{"@type":"ListItem","position":1,"name":"Home","item":"https:\/\/soussecrets.com\/en\/home\/"},{"@type":"ListItem","position":2,"name":"Shop","item":"https:\/\/soussecrets.com\/en\/shop-en\/"},{"@type":"ListItem","position":3,"name":"Dattes Njda"}]},{"@type":"WebSite","@id":"https:\/\/soussecrets.com\/en\/#website","url":"https:\/\/soussecrets.com\/en\/","name":"Les secrets du Souss","description":"Vente des Produits de Terroir 100% Bio et Naturels","publisher":{"@id":"https:\/\/soussecrets.com\/en\/#organization"},"potentialAction":[{"@type":"SearchAction","target":{"@type":"EntryPoint","urlTemplate":"https:\/\/soussecrets.com\/en\/?s={search_term_string}"},"query-input":{"@type":"PropertyValueSpecification","valueRequired":true,"valueName":"search_term_string"}}],"inLanguage":"en-US"},{"@type":"Organization","@id":"https:\/\/soussecrets.com\/en\/#organization","name":"Les Secret du Souss","url":"https:\/\/soussecrets.com\/en\/","logo":{"@type":"ImageObject","inLanguage":"en-US","@id":"https:\/\/soussecrets.com\/en\/#\/schema\/logo\/image\/","url":"https:\/\/soussecrets.com\/wp-content\/uploads\/Etiquette_logo_8cm.jpg","contentUrl":"https:\/\/soussecrets.com\/wp-content\/uploads\/Etiquette_logo_8cm.jpg","width":945,"height":945,"caption":"Les Secret du Souss"},"image":{"@id":"https:\/\/soussecrets.com\/en\/#\/schema\/logo\/image\/"},"sameAs":["https:\/\/www.facebook.com\/les.secrets.du.souss\/","https:\/\/www.instagram.com\/les_secrets_du_souss\/"],"hasMerchantReturnPolicy":{"@type":"MerchantReturnPolicy","merchantReturnLink":"https:\/\/soussecrets.com\/refund_returns-2\/"}}]},"product_price_currency":"MAD","og_availability":"instock","product_availability":"instock","product_condition":"new"},"_links":{"self":[{"href":"https:\/\/soussecrets.com\/en\/wp-json\/wp\/v2\/product\/47576","targetHints":{"allow":["GET"]}}],"collection":[{"href":"https:\/\/soussecrets.com\/en\/wp-json\/wp\/v2\/product"}],"about":[{"href":"https:\/\/soussecrets.com\/en\/wp-json\/wp\/v2\/types\/product"}],"replies":[{"embeddable":true,"href":"https:\/\/soussecrets.com\/en\/wp-json\/wp\/v2\/comments?post=47576"}],"version-history":[{"count":0,"href":"https:\/\/soussecrets.com\/en\/wp-json\/wp\/v2\/product\/47576\/revisions"}],"wp:featuredmedia":[{"embeddable":true,"href":"https:\/\/soussecrets.com\/en\/wp-json\/wp\/v2\/media\/46386"}],"wp:attachment":[{"href":"https:\/\/soussecrets.com\/en\/wp-json\/wp\/v2\/media?parent=47576"}],"wp:term":[{"taxonomy":"product_brand","embeddable":true,"href":"https:\/\/soussecrets.com\/en\/wp-json\/wp\/v2\/product_brand?post=47576"},{"taxonomy":"product_cat","embeddable":true,"href":"https:\/\/soussecrets.com\/en\/wp-json\/wp\/v2\/product_cat?post=47576"},{"taxonomy":"product_tag","embeddable":true,"href":"https:\/\/soussecrets.com\/en\/wp-json\/wp\/v2\/product_tag?post=47576"},{"taxonomy":"backlink","embeddable":true,"href":"https:\/\/soussecrets.com\/en\/wp-json\/wp\/v2\/backlink?post=47576"}],"curies":[{"name":"wp","href":"https:\/\/api.w.org\/{rel}","templated":true}]}}