{"id":47655,"date":"2019-12-10T00:00:00","date_gmt":"2019-12-10T00:00:00","guid":{"rendered":"https:\/\/soussecrets.com\/shop\/uncategorized\/eau-de-rose-distilee-en-verre\/"},"modified":"2019-12-10T00:00:00","modified_gmt":"2019-12-10T00:00:00","slug":"eau-de-rose-distilee-en-verre","status":"publish","type":"product","link":"https:\/\/soussecrets.com\/en\/shop\/uncategorized\/eau-de-rose-distilee-en-verre\/","title":{"rendered":"Eau de rose distil\u00e9e en verre"},"content":{"rendered":"<p>Vous cherchez un produit naturel qui vous aidera \u00e0 vous sentir plus calme et plus d\u00e9tendu ? Alors l&#8217;eau de rose distill\u00e9e est faite pour vous !<\/p>\n<p>Cette eau de rose distill\u00e9e est obtenue par distillation \u00e0 la vapeur d&#8217;eau des p\u00e9tales de roses fra\u00eeches. Elle est riche en huiles essentielles et en compos\u00e9s aromatiques qui lui donnent une odeur d\u00e9licate et relaxante.<\/p>\n<p>L&#8217;eau de rose distill\u00e9e est connue pour ses propri\u00e9t\u00e9s calmantes et apaisantes. Elle peut \u00eatre utilis\u00e9e pour se relaxer et se d\u00e9tendre, ou pour soulager les maux de t\u00eate et les douleurs musculaires. Elle peut \u00e9galement \u00eatre utilis\u00e9e pour hydrater et adoucir la peau, et pour aider \u00e0 r\u00e9duire les rides et les ridules.<\/p>\n<p>Enfin, l&#8217;eau de rose distill\u00e9e est un produit naturel qui peut \u00eatre utilis\u00e9 pour cr\u00e9er des parfums et des produits cosm\u00e9tiques maison. Vous pouvez l&#8217;utiliser pour cr\u00e9er des lotions, des cr\u00e8mes, des savons et des huiles parfum\u00e9es. Vous pouvez \u00e9galement l&#8217;utiliser pour parfumer votre maison et cr\u00e9er une atmosph\u00e8re relaxante et apaisante. Alors n&#8217;h\u00e9sitez plus et essayez l&#8217;eau de rose distill\u00e9e pour vous sentir plus calme et plus d\u00e9tendu !<\/p>\n","protected":false},"excerpt":{"rendered":"<p>Ce produit est une eau distil\u00e9e \u00e0 base de rose, id\u00e9ale pour parfumer et rafra\u00eechir. Elle est parfaite pour cr\u00e9er des senteurs d\u00e9licates et apaisantes.<\/p>\n","protected":false},"featured_media":46406,"comment_status":"open","ping_status":"closed","template":"","meta":[],"product_brand":[],"product_cat":[60],"product_tag":[],"backlink":[],"class_list":{"0":"post-47655","1":"product","2":"type-product","3":"status-publish","4":"has-post-thumbnail","6":"product_cat-uncategorized","8":"first","9":"instock","10":"taxable","11":"shipping-taxable","12":"product-type-simple"},"yoast_head":"<!-- This site is optimized with the Yoast SEO Premium plugin v26.0 (Yoast SEO v26.7) - https:\/\/yoast.com\/wordpress\/plugins\/seo\/ -->\n<title>Eau de rose distil\u00e9e en verre - Les secrets du Souss<\/title>\n<meta name=\"robots\" content=\"index, follow, max-snippet:-1, max-image-preview:large, max-video-preview:-1\" \/>\n<link rel=\"canonical\" href=\"https:\/\/soussecrets.com\/en\/shop\/uncategorized\/eau-de-rose-distilee-en-verre\/\" \/>\n<meta property=\"og:locale\" content=\"en_US\" \/>\n<meta property=\"og:type\" content=\"article\" \/>\n<meta property=\"og:title\" content=\"Eau de rose distil\u00e9e en verre\" \/>\n<meta property=\"og:description\" content=\"Ce produit est une eau distil\u00e9e \u00e0 base de rose, id\u00e9ale pour parfumer et rafra\u00eechir. Elle est parfaite pour cr\u00e9er des senteurs d\u00e9licates et apaisantes.\" \/>\n<meta property=\"og:url\" content=\"https:\/\/soussecrets.com\/en\/shop\/uncategorized\/eau-de-rose-distilee-en-verre\/\" \/>\n<meta property=\"og:site_name\" content=\"Les secrets du Souss\" \/>\n<meta property=\"article:publisher\" content=\"https:\/\/www.facebook.com\/les.secrets.du.souss\/\" \/>\n<meta property=\"og:image\" content=\"https:\/\/soussecrets.com\/wp-content\/uploads\/eau-rose-plastique-1.png\" \/>\n\t<meta property=\"og:image:width\" content=\"1000\" \/>\n\t<meta property=\"og:image:height\" content=\"1000\" \/>\n\t<meta property=\"og:image:type\" content=\"image\/png\" \/>\n<meta name=\"twitter:card\" content=\"summary_large_image\" \/>\n<meta name=\"twitter:label1\" content=\"Price\" \/>\n\t<meta name=\"twitter:data1\" content=\"\" \/>\n\t<meta name=\"twitter:label2\" content=\"Availability\" \/>\n\t<meta name=\"twitter:data2\" content=\"In stock\" \/>\n<script type=\"application\/ld+json\" class=\"yoast-schema-graph\">{\"@context\":\"https:\/\/schema.org\",\"@graph\":[{\"@type\":\"WebPage\",\"@id\":\"https:\/\/soussecrets.com\/en\/shop\/uncategorized\/eau-de-rose-distilee-en-verre\/\",\"url\":\"https:\/\/soussecrets.com\/en\/shop\/uncategorized\/eau-de-rose-distilee-en-verre\/\",\"name\":\"Eau de rose distil\u00e9e en verre - Les secrets du Souss\",\"isPartOf\":{\"@id\":\"https:\/\/soussecrets.com\/en\/#website\"},\"primaryImageOfPage\":{\"@id\":\"https:\/\/soussecrets.com\/en\/shop\/uncategorized\/eau-de-rose-distilee-en-verre\/#primaryimage\"},\"image\":{\"@id\":\"https:\/\/soussecrets.com\/en\/shop\/uncategorized\/eau-de-rose-distilee-en-verre\/#primaryimage\"},\"thumbnailUrl\":\"https:\/\/soussecrets.com\/wp-content\/uploads\/eau-rose-plastique-1.png\",\"datePublished\":\"2019-12-10T00:00:00+00:00\",\"breadcrumb\":{\"@id\":\"https:\/\/soussecrets.com\/en\/shop\/uncategorized\/eau-de-rose-distilee-en-verre\/#breadcrumb\"},\"inLanguage\":\"en-US\",\"potentialAction\":[{\"@type\":\"ReadAction\",\"target\":[\"https:\/\/soussecrets.com\/en\/shop\/uncategorized\/eau-de-rose-distilee-en-verre\/\"]}]},{\"@type\":\"ImageObject\",\"inLanguage\":\"en-US\",\"@id\":\"https:\/\/soussecrets.com\/en\/shop\/uncategorized\/eau-de-rose-distilee-en-verre\/#primaryimage\",\"url\":\"https:\/\/soussecrets.com\/wp-content\/uploads\/eau-rose-plastique-1.png\",\"contentUrl\":\"https:\/\/soussecrets.com\/wp-content\/uploads\/eau-rose-plastique-1.png\",\"width\":1000,\"height\":1000},{\"@type\":\"BreadcrumbList\",\"@id\":\"https:\/\/soussecrets.com\/en\/shop\/uncategorized\/eau-de-rose-distilee-en-verre\/#breadcrumb\",\"itemListElement\":[{\"@type\":\"ListItem\",\"position\":1,\"name\":\"Home\",\"item\":\"https:\/\/soussecrets.com\/en\/home\/\"},{\"@type\":\"ListItem\",\"position\":2,\"name\":\"Shop\",\"item\":\"https:\/\/soussecrets.com\/en\/shop-en\/\"},{\"@type\":\"ListItem\",\"position\":3,\"name\":\"Eau de rose distil\u00e9e en verre\"}]},{\"@type\":\"WebSite\",\"@id\":\"https:\/\/soussecrets.com\/en\/#website\",\"url\":\"https:\/\/soussecrets.com\/en\/\",\"name\":\"Les secrets du Souss\",\"description\":\"Vente des Produits de Terroir 100% Bio et Naturels\",\"publisher\":{\"@id\":\"https:\/\/soussecrets.com\/en\/#organization\"},\"potentialAction\":[{\"@type\":\"SearchAction\",\"target\":{\"@type\":\"EntryPoint\",\"urlTemplate\":\"https:\/\/soussecrets.com\/en\/?s={search_term_string}\"},\"query-input\":{\"@type\":\"PropertyValueSpecification\",\"valueRequired\":true,\"valueName\":\"search_term_string\"}}],\"inLanguage\":\"en-US\"},{\"@type\":\"Organization\",\"@id\":\"https:\/\/soussecrets.com\/en\/#organization\",\"name\":\"Les Secret du Souss\",\"url\":\"https:\/\/soussecrets.com\/en\/\",\"logo\":{\"@type\":\"ImageObject\",\"inLanguage\":\"en-US\",\"@id\":\"https:\/\/soussecrets.com\/en\/#\/schema\/logo\/image\/\",\"url\":\"https:\/\/soussecrets.com\/wp-content\/uploads\/Etiquette_logo_8cm.jpg\",\"contentUrl\":\"https:\/\/soussecrets.com\/wp-content\/uploads\/Etiquette_logo_8cm.jpg\",\"width\":945,\"height\":945,\"caption\":\"Les Secret du Souss\"},\"image\":{\"@id\":\"https:\/\/soussecrets.com\/en\/#\/schema\/logo\/image\/\"},\"sameAs\":[\"https:\/\/www.facebook.com\/les.secrets.du.souss\/\",\"https:\/\/www.instagram.com\/les_secrets_du_souss\/\"],\"hasMerchantReturnPolicy\":{\"@type\":\"MerchantReturnPolicy\",\"merchantReturnLink\":\"https:\/\/soussecrets.com\/refund_returns-2\/\"}}]}<\/script>\n<meta property=\"product:price:currency\" content=\"MAD\" \/>\n<meta property=\"og:availability\" content=\"instock\" \/>\n<meta property=\"product:availability\" content=\"instock\" \/>\n<meta property=\"product:condition\" content=\"new\" \/>\n<!-- \/ Yoast SEO Premium plugin. -->","yoast_head_json":{"title":"Eau de rose distil\u00e9e en verre - Les secrets du Souss","robots":{"index":"index","follow":"follow","max-snippet":"max-snippet:-1","max-image-preview":"max-image-preview:large","max-video-preview":"max-video-preview:-1"},"canonical":"https:\/\/soussecrets.com\/en\/shop\/uncategorized\/eau-de-rose-distilee-en-verre\/","og_locale":"en_US","og_type":"article","og_title":"Eau de rose distil\u00e9e en verre","og_description":"Ce produit est une eau distil\u00e9e \u00e0 base de rose, id\u00e9ale pour parfumer et rafra\u00eechir. Elle est parfaite pour cr\u00e9er des senteurs d\u00e9licates et apaisantes.","og_url":"https:\/\/soussecrets.com\/en\/shop\/uncategorized\/eau-de-rose-distilee-en-verre\/","og_site_name":"Les secrets du Souss","article_publisher":"https:\/\/www.facebook.com\/les.secrets.du.souss\/","og_image":[{"width":1000,"height":1000,"url":"https:\/\/soussecrets.com\/wp-content\/uploads\/eau-rose-plastique-1.png","type":"image\/png"}],"twitter_card":"summary_large_image","twitter_misc":{"Price":"","Availability":"In stock"},"schema":{"@context":"https:\/\/schema.org","@graph":[{"@type":"WebPage","@id":"https:\/\/soussecrets.com\/en\/shop\/uncategorized\/eau-de-rose-distilee-en-verre\/","url":"https:\/\/soussecrets.com\/en\/shop\/uncategorized\/eau-de-rose-distilee-en-verre\/","name":"Eau de rose distil\u00e9e en verre - Les secrets du Souss","isPartOf":{"@id":"https:\/\/soussecrets.com\/en\/#website"},"primaryImageOfPage":{"@id":"https:\/\/soussecrets.com\/en\/shop\/uncategorized\/eau-de-rose-distilee-en-verre\/#primaryimage"},"image":{"@id":"https:\/\/soussecrets.com\/en\/shop\/uncategorized\/eau-de-rose-distilee-en-verre\/#primaryimage"},"thumbnailUrl":"https:\/\/soussecrets.com\/wp-content\/uploads\/eau-rose-plastique-1.png","datePublished":"2019-12-10T00:00:00+00:00","breadcrumb":{"@id":"https:\/\/soussecrets.com\/en\/shop\/uncategorized\/eau-de-rose-distilee-en-verre\/#breadcrumb"},"inLanguage":"en-US","potentialAction":[{"@type":"ReadAction","target":["https:\/\/soussecrets.com\/en\/shop\/uncategorized\/eau-de-rose-distilee-en-verre\/"]}]},{"@type":"ImageObject","inLanguage":"en-US","@id":"https:\/\/soussecrets.com\/en\/shop\/uncategorized\/eau-de-rose-distilee-en-verre\/#primaryimage","url":"https:\/\/soussecrets.com\/wp-content\/uploads\/eau-rose-plastique-1.png","contentUrl":"https:\/\/soussecrets.com\/wp-content\/uploads\/eau-rose-plastique-1.png","width":1000,"height":1000},{"@type":"BreadcrumbList","@id":"https:\/\/soussecrets.com\/en\/shop\/uncategorized\/eau-de-rose-distilee-en-verre\/#breadcrumb","itemListElement":[{"@type":"ListItem","position":1,"name":"Home","item":"https:\/\/soussecrets.com\/en\/home\/"},{"@type":"ListItem","position":2,"name":"Shop","item":"https:\/\/soussecrets.com\/en\/shop-en\/"},{"@type":"ListItem","position":3,"name":"Eau de rose distil\u00e9e en verre"}]},{"@type":"WebSite","@id":"https:\/\/soussecrets.com\/en\/#website","url":"https:\/\/soussecrets.com\/en\/","name":"Les secrets du Souss","description":"Vente des Produits de Terroir 100% Bio et Naturels","publisher":{"@id":"https:\/\/soussecrets.com\/en\/#organization"},"potentialAction":[{"@type":"SearchAction","target":{"@type":"EntryPoint","urlTemplate":"https:\/\/soussecrets.com\/en\/?s={search_term_string}"},"query-input":{"@type":"PropertyValueSpecification","valueRequired":true,"valueName":"search_term_string"}}],"inLanguage":"en-US"},{"@type":"Organization","@id":"https:\/\/soussecrets.com\/en\/#organization","name":"Les Secret du Souss","url":"https:\/\/soussecrets.com\/en\/","logo":{"@type":"ImageObject","inLanguage":"en-US","@id":"https:\/\/soussecrets.com\/en\/#\/schema\/logo\/image\/","url":"https:\/\/soussecrets.com\/wp-content\/uploads\/Etiquette_logo_8cm.jpg","contentUrl":"https:\/\/soussecrets.com\/wp-content\/uploads\/Etiquette_logo_8cm.jpg","width":945,"height":945,"caption":"Les Secret du Souss"},"image":{"@id":"https:\/\/soussecrets.com\/en\/#\/schema\/logo\/image\/"},"sameAs":["https:\/\/www.facebook.com\/les.secrets.du.souss\/","https:\/\/www.instagram.com\/les_secrets_du_souss\/"],"hasMerchantReturnPolicy":{"@type":"MerchantReturnPolicy","merchantReturnLink":"https:\/\/soussecrets.com\/refund_returns-2\/"}}]},"product_price_currency":"MAD","og_availability":"instock","product_availability":"instock","product_condition":"new"},"_links":{"self":[{"href":"https:\/\/soussecrets.com\/en\/wp-json\/wp\/v2\/product\/47655","targetHints":{"allow":["GET"]}}],"collection":[{"href":"https:\/\/soussecrets.com\/en\/wp-json\/wp\/v2\/product"}],"about":[{"href":"https:\/\/soussecrets.com\/en\/wp-json\/wp\/v2\/types\/product"}],"replies":[{"embeddable":true,"href":"https:\/\/soussecrets.com\/en\/wp-json\/wp\/v2\/comments?post=47655"}],"version-history":[{"count":0,"href":"https:\/\/soussecrets.com\/en\/wp-json\/wp\/v2\/product\/47655\/revisions"}],"wp:featuredmedia":[{"embeddable":true,"href":"https:\/\/soussecrets.com\/en\/wp-json\/wp\/v2\/media\/46406"}],"wp:attachment":[{"href":"https:\/\/soussecrets.com\/en\/wp-json\/wp\/v2\/media?parent=47655"}],"wp:term":[{"taxonomy":"product_brand","embeddable":true,"href":"https:\/\/soussecrets.com\/en\/wp-json\/wp\/v2\/product_brand?post=47655"},{"taxonomy":"product_cat","embeddable":true,"href":"https:\/\/soussecrets.com\/en\/wp-json\/wp\/v2\/product_cat?post=47655"},{"taxonomy":"product_tag","embeddable":true,"href":"https:\/\/soussecrets.com\/en\/wp-json\/wp\/v2\/product_tag?post=47655"},{"taxonomy":"backlink","embeddable":true,"href":"https:\/\/soussecrets.com\/en\/wp-json\/wp\/v2\/backlink?post=47655"}],"curies":[{"name":"wp","href":"https:\/\/api.w.org\/{rel}","templated":true}]}}