{"id":47853,"date":"2019-12-10T00:00:00","date_gmt":"2019-12-10T00:00:00","guid":{"rendered":"https:\/\/soussecrets.com\/shop\/uncategorized\/soup-dorge-belboula-aux-herbes\/"},"modified":"2019-12-10T00:00:00","modified_gmt":"2019-12-10T00:00:00","slug":"soup-dorge-belboula-aux-herbes","status":"publish","type":"product","link":"https:\/\/soussecrets.com\/en\/shop\/uncategorized\/soup-dorge-belboula-aux-herbes\/","title":{"rendered":"Soup d&#8217;orge (Belboula) aux herbes"},"content":{"rendered":"<p>Vous cherchez un produit naturel qui vous apportera des bienfaits pour votre sant\u00e9 ? Alors, la soupe d&#8217;orge (Belboula) aux herbes est faite pour vous !<\/p>\n<p>Cette soupe est faite \u00e0 partir d&#8217;orge bio, ce qui en fait un produit naturel et sain. L&#8217;orge est riche en fibres et en prot\u00e9ines, ce qui en fait un aliment tr\u00e8s nutritif. Elle est \u00e9galement riche en vitamines et min\u00e9raux, ce qui en fait un aliment tr\u00e8s b\u00e9n\u00e9fique pour votre sant\u00e9.<\/p>\n<p>La soupe d&#8217;orge (Belboula) aux herbes est \u00e9galement tr\u00e8s savoureuse. Elle est faite avec des herbes fra\u00eeches et aromatiques, ce qui lui donne un go\u00fbt d\u00e9licieux. Elle est \u00e9galement tr\u00e8s facile \u00e0 pr\u00e9parer et ne prend que quelques minutes. Vous pouvez donc la pr\u00e9parer rapidement et facilement pour un repas sain et savoureux.<\/p>\n<p>Enfin, la soupe d&#8217;orge (Belboula) aux herbes est tr\u00e8s polyvalente. Vous pouvez l&#8217;utiliser comme plat principal ou comme accompagnement. Vous pouvez \u00e9galement l&#8217;utiliser pour faire des soupes, des salades ou des plats mijot\u00e9s. Vous pouvez donc l&#8217;utiliser de diff\u00e9rentes mani\u00e8res pour cr\u00e9er des repas vari\u00e9s et sains.<\/p>\n<p>Si vous cherchez un produit naturel qui vous apportera des bienfaits pour votre sant\u00e9, alors la soupe d&#8217;orge (Belboula) aux herbes est faite pour vous. Elle est riche en nutriments, savoureuse et tr\u00e8s polyvalente. Alors, n&#8217;h\u00e9sitez pas \u00e0 l&#8217;essayer !<\/p>\n","protected":false},"excerpt":{"rendered":"<p>Ce produit est une soupe d&#8217;orge savoureuse et riche en herbes, pr\u00e9par\u00e9e selon la recette traditionnelle de Belboula.<\/p>\n","protected":false},"featured_media":0,"comment_status":"open","ping_status":"closed","template":"","meta":[],"product_brand":[],"product_cat":[60],"product_tag":[],"backlink":[],"class_list":{"0":"post-47853","1":"product","2":"type-product","3":"status-publish","5":"product_cat-uncategorized","6":"post-no-thumbnail","8":"first","9":"instock","10":"taxable","11":"shipping-taxable","12":"product-type-simple"},"yoast_head":"<!-- This site is optimized with the Yoast SEO Premium plugin v26.0 (Yoast SEO v26.7) - https:\/\/yoast.com\/wordpress\/plugins\/seo\/ -->\n<title>Soup d&#039;orge (Belboula) aux herbes - Les secrets du Souss<\/title>\n<meta name=\"robots\" content=\"index, follow, max-snippet:-1, max-image-preview:large, max-video-preview:-1\" \/>\n<link rel=\"canonical\" href=\"https:\/\/soussecrets.com\/en\/shop\/uncategorized\/soup-dorge-belboula-aux-herbes\/\" \/>\n<meta property=\"og:locale\" content=\"en_US\" \/>\n<meta property=\"og:type\" content=\"article\" \/>\n<meta property=\"og:title\" content=\"Soup d&#039;orge (Belboula) aux herbes\" \/>\n<meta property=\"og:description\" content=\"Ce produit est une soupe d&#039;orge savoureuse et riche en herbes, pr\u00e9par\u00e9e selon la recette traditionnelle de Belboula.\" \/>\n<meta property=\"og:url\" content=\"https:\/\/soussecrets.com\/en\/shop\/uncategorized\/soup-dorge-belboula-aux-herbes\/\" \/>\n<meta property=\"og:site_name\" content=\"Les secrets du Souss\" \/>\n<meta property=\"article:publisher\" content=\"https:\/\/www.facebook.com\/les.secrets.du.souss\/\" \/>\n<meta property=\"og:image\" content=\"https:\/\/soussecrets.com\/wp-content\/uploads\/Etiquette_logo_8cm.jpg\" \/>\n\t<meta property=\"og:image:width\" content=\"945\" \/>\n\t<meta property=\"og:image:height\" content=\"945\" \/>\n\t<meta property=\"og:image:type\" content=\"image\/jpeg\" \/>\n<meta name=\"twitter:card\" content=\"summary_large_image\" \/>\n<meta name=\"twitter:label1\" content=\"Price\" \/>\n\t<meta name=\"twitter:data1\" content=\"\" \/>\n\t<meta name=\"twitter:label2\" content=\"Availability\" \/>\n\t<meta name=\"twitter:data2\" content=\"In stock\" \/>\n<script type=\"application\/ld+json\" class=\"yoast-schema-graph\">{\"@context\":\"https:\/\/schema.org\",\"@graph\":[{\"@type\":\"WebPage\",\"@id\":\"https:\/\/soussecrets.com\/en\/shop\/uncategorized\/soup-dorge-belboula-aux-herbes\/\",\"url\":\"https:\/\/soussecrets.com\/en\/shop\/uncategorized\/soup-dorge-belboula-aux-herbes\/\",\"name\":\"Soup d'orge (Belboula) aux herbes - Les secrets du Souss\",\"isPartOf\":{\"@id\":\"https:\/\/soussecrets.com\/en\/#website\"},\"datePublished\":\"2019-12-10T00:00:00+00:00\",\"breadcrumb\":{\"@id\":\"https:\/\/soussecrets.com\/en\/shop\/uncategorized\/soup-dorge-belboula-aux-herbes\/#breadcrumb\"},\"inLanguage\":\"en-US\",\"potentialAction\":[{\"@type\":\"ReadAction\",\"target\":[\"https:\/\/soussecrets.com\/en\/shop\/uncategorized\/soup-dorge-belboula-aux-herbes\/\"]}]},{\"@type\":\"BreadcrumbList\",\"@id\":\"https:\/\/soussecrets.com\/en\/shop\/uncategorized\/soup-dorge-belboula-aux-herbes\/#breadcrumb\",\"itemListElement\":[{\"@type\":\"ListItem\",\"position\":1,\"name\":\"Home\",\"item\":\"https:\/\/soussecrets.com\/en\/home\/\"},{\"@type\":\"ListItem\",\"position\":2,\"name\":\"Shop\",\"item\":\"https:\/\/soussecrets.com\/en\/shop-en\/\"},{\"@type\":\"ListItem\",\"position\":3,\"name\":\"Soup d&#8217;orge (Belboula) aux herbes\"}]},{\"@type\":\"WebSite\",\"@id\":\"https:\/\/soussecrets.com\/en\/#website\",\"url\":\"https:\/\/soussecrets.com\/en\/\",\"name\":\"Les secrets du Souss\",\"description\":\"Vente des Produits de Terroir 100% Bio et Naturels\",\"publisher\":{\"@id\":\"https:\/\/soussecrets.com\/en\/#organization\"},\"potentialAction\":[{\"@type\":\"SearchAction\",\"target\":{\"@type\":\"EntryPoint\",\"urlTemplate\":\"https:\/\/soussecrets.com\/en\/?s={search_term_string}\"},\"query-input\":{\"@type\":\"PropertyValueSpecification\",\"valueRequired\":true,\"valueName\":\"search_term_string\"}}],\"inLanguage\":\"en-US\"},{\"@type\":\"Organization\",\"@id\":\"https:\/\/soussecrets.com\/en\/#organization\",\"name\":\"Les Secret du Souss\",\"url\":\"https:\/\/soussecrets.com\/en\/\",\"logo\":{\"@type\":\"ImageObject\",\"inLanguage\":\"en-US\",\"@id\":\"https:\/\/soussecrets.com\/en\/#\/schema\/logo\/image\/\",\"url\":\"https:\/\/soussecrets.com\/wp-content\/uploads\/Etiquette_logo_8cm.jpg\",\"contentUrl\":\"https:\/\/soussecrets.com\/wp-content\/uploads\/Etiquette_logo_8cm.jpg\",\"width\":945,\"height\":945,\"caption\":\"Les Secret du Souss\"},\"image\":{\"@id\":\"https:\/\/soussecrets.com\/en\/#\/schema\/logo\/image\/\"},\"sameAs\":[\"https:\/\/www.facebook.com\/les.secrets.du.souss\/\",\"https:\/\/www.instagram.com\/les_secrets_du_souss\/\"],\"hasMerchantReturnPolicy\":{\"@type\":\"MerchantReturnPolicy\",\"merchantReturnLink\":\"https:\/\/soussecrets.com\/refund_returns-2\/\"}}]}<\/script>\n<meta property=\"product:price:currency\" content=\"MAD\" \/>\n<meta property=\"og:availability\" content=\"instock\" \/>\n<meta property=\"product:availability\" content=\"instock\" \/>\n<meta property=\"product:condition\" content=\"new\" \/>\n<!-- \/ Yoast SEO Premium plugin. -->","yoast_head_json":{"title":"Soup d'orge (Belboula) aux herbes - Les secrets du Souss","robots":{"index":"index","follow":"follow","max-snippet":"max-snippet:-1","max-image-preview":"max-image-preview:large","max-video-preview":"max-video-preview:-1"},"canonical":"https:\/\/soussecrets.com\/en\/shop\/uncategorized\/soup-dorge-belboula-aux-herbes\/","og_locale":"en_US","og_type":"article","og_title":"Soup d'orge (Belboula) aux herbes","og_description":"Ce produit est une soupe d'orge savoureuse et riche en herbes, pr\u00e9par\u00e9e selon la recette traditionnelle de Belboula.","og_url":"https:\/\/soussecrets.com\/en\/shop\/uncategorized\/soup-dorge-belboula-aux-herbes\/","og_site_name":"Les secrets du Souss","article_publisher":"https:\/\/www.facebook.com\/les.secrets.du.souss\/","og_image":[{"width":945,"height":945,"url":"https:\/\/soussecrets.com\/wp-content\/uploads\/Etiquette_logo_8cm.jpg","type":"image\/jpeg"}],"twitter_card":"summary_large_image","twitter_misc":{"Price":"","Availability":"In stock"},"schema":{"@context":"https:\/\/schema.org","@graph":[{"@type":"WebPage","@id":"https:\/\/soussecrets.com\/en\/shop\/uncategorized\/soup-dorge-belboula-aux-herbes\/","url":"https:\/\/soussecrets.com\/en\/shop\/uncategorized\/soup-dorge-belboula-aux-herbes\/","name":"Soup d'orge (Belboula) aux herbes - Les secrets du Souss","isPartOf":{"@id":"https:\/\/soussecrets.com\/en\/#website"},"datePublished":"2019-12-10T00:00:00+00:00","breadcrumb":{"@id":"https:\/\/soussecrets.com\/en\/shop\/uncategorized\/soup-dorge-belboula-aux-herbes\/#breadcrumb"},"inLanguage":"en-US","potentialAction":[{"@type":"ReadAction","target":["https:\/\/soussecrets.com\/en\/shop\/uncategorized\/soup-dorge-belboula-aux-herbes\/"]}]},{"@type":"BreadcrumbList","@id":"https:\/\/soussecrets.com\/en\/shop\/uncategorized\/soup-dorge-belboula-aux-herbes\/#breadcrumb","itemListElement":[{"@type":"ListItem","position":1,"name":"Home","item":"https:\/\/soussecrets.com\/en\/home\/"},{"@type":"ListItem","position":2,"name":"Shop","item":"https:\/\/soussecrets.com\/en\/shop-en\/"},{"@type":"ListItem","position":3,"name":"Soup d&#8217;orge (Belboula) aux herbes"}]},{"@type":"WebSite","@id":"https:\/\/soussecrets.com\/en\/#website","url":"https:\/\/soussecrets.com\/en\/","name":"Les secrets du Souss","description":"Vente des Produits de Terroir 100% Bio et Naturels","publisher":{"@id":"https:\/\/soussecrets.com\/en\/#organization"},"potentialAction":[{"@type":"SearchAction","target":{"@type":"EntryPoint","urlTemplate":"https:\/\/soussecrets.com\/en\/?s={search_term_string}"},"query-input":{"@type":"PropertyValueSpecification","valueRequired":true,"valueName":"search_term_string"}}],"inLanguage":"en-US"},{"@type":"Organization","@id":"https:\/\/soussecrets.com\/en\/#organization","name":"Les Secret du Souss","url":"https:\/\/soussecrets.com\/en\/","logo":{"@type":"ImageObject","inLanguage":"en-US","@id":"https:\/\/soussecrets.com\/en\/#\/schema\/logo\/image\/","url":"https:\/\/soussecrets.com\/wp-content\/uploads\/Etiquette_logo_8cm.jpg","contentUrl":"https:\/\/soussecrets.com\/wp-content\/uploads\/Etiquette_logo_8cm.jpg","width":945,"height":945,"caption":"Les Secret du Souss"},"image":{"@id":"https:\/\/soussecrets.com\/en\/#\/schema\/logo\/image\/"},"sameAs":["https:\/\/www.facebook.com\/les.secrets.du.souss\/","https:\/\/www.instagram.com\/les_secrets_du_souss\/"],"hasMerchantReturnPolicy":{"@type":"MerchantReturnPolicy","merchantReturnLink":"https:\/\/soussecrets.com\/refund_returns-2\/"}}]},"product_price_currency":"MAD","og_availability":"instock","product_availability":"instock","product_condition":"new"},"_links":{"self":[{"href":"https:\/\/soussecrets.com\/en\/wp-json\/wp\/v2\/product\/47853","targetHints":{"allow":["GET"]}}],"collection":[{"href":"https:\/\/soussecrets.com\/en\/wp-json\/wp\/v2\/product"}],"about":[{"href":"https:\/\/soussecrets.com\/en\/wp-json\/wp\/v2\/types\/product"}],"replies":[{"embeddable":true,"href":"https:\/\/soussecrets.com\/en\/wp-json\/wp\/v2\/comments?post=47853"}],"version-history":[{"count":0,"href":"https:\/\/soussecrets.com\/en\/wp-json\/wp\/v2\/product\/47853\/revisions"}],"wp:attachment":[{"href":"https:\/\/soussecrets.com\/en\/wp-json\/wp\/v2\/media?parent=47853"}],"wp:term":[{"taxonomy":"product_brand","embeddable":true,"href":"https:\/\/soussecrets.com\/en\/wp-json\/wp\/v2\/product_brand?post=47853"},{"taxonomy":"product_cat","embeddable":true,"href":"https:\/\/soussecrets.com\/en\/wp-json\/wp\/v2\/product_cat?post=47853"},{"taxonomy":"product_tag","embeddable":true,"href":"https:\/\/soussecrets.com\/en\/wp-json\/wp\/v2\/product_tag?post=47853"},{"taxonomy":"backlink","embeddable":true,"href":"https:\/\/soussecrets.com\/en\/wp-json\/wp\/v2\/backlink?post=47853"}],"curies":[{"name":"wp","href":"https:\/\/api.w.org\/{rel}","templated":true}]}}