{"id":48110,"date":"2019-12-10T00:00:00","date_gmt":"2019-12-09T23:00:00","guid":{"rendered":"https:\/\/soussecrets.com\/shop\/uncategorized\/huile-darachide\/"},"modified":"2023-04-22T22:28:53","modified_gmt":"2023-04-22T21:28:53","slug":"huile-darachide","status":"publish","type":"product","link":"https:\/\/soussecrets.com\/en\/shop\/produits-cosmetiques\/soins-du-visage-naturels\/huiles-cosmetiques\/huile-darachide\/","title":{"rendered":"huile d&#8217;arachide"},"content":{"rendered":"<p>huile d&#8217;arachide 100% bio et naturelle, pour des cheveux brillants et en pleine sant\u00e9. Elle est \u00e0 la fois p\u00e9n\u00e9trante et gainante, pour des cheveux toujours plus forts et soyeux, ou une barbe plus douce et dense.<\/p>\n","protected":false},"excerpt":{"rendered":"<p>Decouvrez huile d&#8217;arachide du terroir du Maroc 100% bio et naturel<\/p>\n","protected":false},"featured_media":46238,"comment_status":"closed","ping_status":"closed","template":"","meta":[],"product_brand":[],"product_cat":[2973,263],"product_tag":[1759],"backlink":[],"class_list":{"0":"post-48110","1":"product","2":"type-product","3":"status-publish","4":"has-post-thumbnail","6":"product_cat-huiles-vegetales-en","7":"product_cat-huiles-cosmetiques","8":"product_tag-huiles-cosmetiques-huile-darachide-en","10":"first","11":"instock","12":"sale","13":"purchasable","14":"product-type-variable","15":"wvs-archive-product-wrapper"},"yoast_head":"<!-- This site is optimized with the Yoast SEO Premium plugin v26.0 (Yoast SEO v26.7) - https:\/\/yoast.com\/wordpress\/plugins\/seo\/ -->\n<title>huile d&#039;arachide - Les secrets du Souss<\/title>\n<meta name=\"robots\" content=\"index, follow, max-snippet:-1, max-image-preview:large, max-video-preview:-1\" \/>\n<link rel=\"canonical\" href=\"https:\/\/soussecrets.com\/en\/shop\/produits-cosmetiques\/soins-du-visage-naturels\/huiles-cosmetiques\/huile-darachide\/\" \/>\n<meta property=\"og:locale\" content=\"en_US\" \/>\n<meta property=\"og:type\" content=\"article\" \/>\n<meta property=\"og:title\" content=\"huile d&#039;arachide\" \/>\n<meta property=\"og:description\" content=\"Decouvrez huile d&#039;arachide du terroir du Maroc 100% bio et naturel\" \/>\n<meta property=\"og:url\" content=\"https:\/\/soussecrets.com\/en\/shop\/produits-cosmetiques\/soins-du-visage-naturels\/huiles-cosmetiques\/huile-darachide\/\" \/>\n<meta property=\"og:site_name\" content=\"Les secrets du Souss\" \/>\n<meta property=\"article:publisher\" content=\"https:\/\/www.facebook.com\/les.secrets.du.souss\/\" \/>\n<meta property=\"article:modified_time\" content=\"2023-04-22T21:28:53+00:00\" \/>\n<meta property=\"og:image\" content=\"https:\/\/soussecrets.com\/wp-content\/uploads\/oil-60.jpg\" \/>\n\t<meta property=\"og:image:width\" content=\"1000\" \/>\n\t<meta property=\"og:image:height\" content=\"1000\" \/>\n\t<meta property=\"og:image:type\" content=\"image\/jpeg\" \/>\n<meta name=\"twitter:card\" content=\"summary_large_image\" \/>\n<meta name=\"twitter:label1\" content=\"Availability\" \/>\n\t<meta name=\"twitter:data1\" content=\"In stock\" \/>\n<script type=\"application\/ld+json\" class=\"yoast-schema-graph\">{\"@context\":\"https:\/\/schema.org\",\"@graph\":[{\"@type\":\"WebPage\",\"@id\":\"https:\/\/soussecrets.com\/en\/shop\/produits-cosmetiques\/soins-du-visage-naturels\/huiles-cosmetiques\/huile-darachide\/\",\"url\":\"https:\/\/soussecrets.com\/en\/shop\/produits-cosmetiques\/soins-du-visage-naturels\/huiles-cosmetiques\/huile-darachide\/\",\"name\":\"huile d'arachide - Les secrets du Souss\",\"isPartOf\":{\"@id\":\"https:\/\/soussecrets.com\/en\/#website\"},\"primaryImageOfPage\":{\"@id\":\"https:\/\/soussecrets.com\/en\/shop\/produits-cosmetiques\/soins-du-visage-naturels\/huiles-cosmetiques\/huile-darachide\/#primaryimage\"},\"image\":{\"@id\":\"https:\/\/soussecrets.com\/en\/shop\/produits-cosmetiques\/soins-du-visage-naturels\/huiles-cosmetiques\/huile-darachide\/#primaryimage\"},\"thumbnailUrl\":\"https:\/\/soussecrets.com\/wp-content\/uploads\/oil-60.jpg\",\"datePublished\":\"2019-12-09T23:00:00+00:00\",\"dateModified\":\"2023-04-22T21:28:53+00:00\",\"breadcrumb\":{\"@id\":\"https:\/\/soussecrets.com\/en\/shop\/produits-cosmetiques\/soins-du-visage-naturels\/huiles-cosmetiques\/huile-darachide\/#breadcrumb\"},\"inLanguage\":\"en-US\",\"potentialAction\":[{\"@type\":\"ReadAction\",\"target\":[\"https:\/\/soussecrets.com\/en\/shop\/produits-cosmetiques\/soins-du-visage-naturels\/huiles-cosmetiques\/huile-darachide\/\"]}]},{\"@type\":\"ImageObject\",\"inLanguage\":\"en-US\",\"@id\":\"https:\/\/soussecrets.com\/en\/shop\/produits-cosmetiques\/soins-du-visage-naturels\/huiles-cosmetiques\/huile-darachide\/#primaryimage\",\"url\":\"https:\/\/soussecrets.com\/wp-content\/uploads\/oil-60.jpg\",\"contentUrl\":\"https:\/\/soussecrets.com\/wp-content\/uploads\/oil-60.jpg\",\"width\":1000,\"height\":1000},{\"@type\":\"BreadcrumbList\",\"@id\":\"https:\/\/soussecrets.com\/en\/shop\/produits-cosmetiques\/soins-du-visage-naturels\/huiles-cosmetiques\/huile-darachide\/#breadcrumb\",\"itemListElement\":[{\"@type\":\"ListItem\",\"position\":1,\"name\":\"Home\",\"item\":\"https:\/\/soussecrets.com\/en\/home\/\"},{\"@type\":\"ListItem\",\"position\":2,\"name\":\"Shop\",\"item\":\"https:\/\/soussecrets.com\/en\/shop-en\/\"},{\"@type\":\"ListItem\",\"position\":3,\"name\":\"huile d&#8217;arachide\"}]},{\"@type\":\"WebSite\",\"@id\":\"https:\/\/soussecrets.com\/en\/#website\",\"url\":\"https:\/\/soussecrets.com\/en\/\",\"name\":\"Les secrets du Souss\",\"description\":\"Vente des Produits de Terroir 100% Bio et Naturels\",\"publisher\":{\"@id\":\"https:\/\/soussecrets.com\/en\/#organization\"},\"potentialAction\":[{\"@type\":\"SearchAction\",\"target\":{\"@type\":\"EntryPoint\",\"urlTemplate\":\"https:\/\/soussecrets.com\/en\/?s={search_term_string}\"},\"query-input\":{\"@type\":\"PropertyValueSpecification\",\"valueRequired\":true,\"valueName\":\"search_term_string\"}}],\"inLanguage\":\"en-US\"},{\"@type\":\"Organization\",\"@id\":\"https:\/\/soussecrets.com\/en\/#organization\",\"name\":\"Les Secret du Souss\",\"url\":\"https:\/\/soussecrets.com\/en\/\",\"logo\":{\"@type\":\"ImageObject\",\"inLanguage\":\"en-US\",\"@id\":\"https:\/\/soussecrets.com\/en\/#\/schema\/logo\/image\/\",\"url\":\"https:\/\/soussecrets.com\/wp-content\/uploads\/Etiquette_logo_8cm.jpg\",\"contentUrl\":\"https:\/\/soussecrets.com\/wp-content\/uploads\/Etiquette_logo_8cm.jpg\",\"width\":945,\"height\":945,\"caption\":\"Les Secret du Souss\"},\"image\":{\"@id\":\"https:\/\/soussecrets.com\/en\/#\/schema\/logo\/image\/\"},\"sameAs\":[\"https:\/\/www.facebook.com\/les.secrets.du.souss\/\",\"https:\/\/www.instagram.com\/les_secrets_du_souss\/\"],\"hasMerchantReturnPolicy\":{\"@type\":\"MerchantReturnPolicy\",\"merchantReturnLink\":\"https:\/\/soussecrets.com\/refund_returns-2\/\"}}]}<\/script>\n<meta property=\"og:availability\" content=\"instock\" \/>\n<meta property=\"product:availability\" content=\"instock\" \/>\n<meta property=\"product:retailer_item_id\" content=\"PSDS2132\" \/>\n<meta property=\"product:condition\" content=\"new\" \/>\n<!-- \/ Yoast SEO Premium plugin. -->","yoast_head_json":{"title":"huile d'arachide - Les secrets du Souss","robots":{"index":"index","follow":"follow","max-snippet":"max-snippet:-1","max-image-preview":"max-image-preview:large","max-video-preview":"max-video-preview:-1"},"canonical":"https:\/\/soussecrets.com\/en\/shop\/produits-cosmetiques\/soins-du-visage-naturels\/huiles-cosmetiques\/huile-darachide\/","og_locale":"en_US","og_type":"article","og_title":"huile d'arachide","og_description":"Decouvrez huile d'arachide du terroir du Maroc 100% bio et naturel","og_url":"https:\/\/soussecrets.com\/en\/shop\/produits-cosmetiques\/soins-du-visage-naturels\/huiles-cosmetiques\/huile-darachide\/","og_site_name":"Les secrets du Souss","article_publisher":"https:\/\/www.facebook.com\/les.secrets.du.souss\/","article_modified_time":"2023-04-22T21:28:53+00:00","og_image":[{"width":1000,"height":1000,"url":"https:\/\/soussecrets.com\/wp-content\/uploads\/oil-60.jpg","type":"image\/jpeg"}],"twitter_card":"summary_large_image","twitter_misc":{"Availability":"In stock"},"schema":{"@context":"https:\/\/schema.org","@graph":[{"@type":"WebPage","@id":"https:\/\/soussecrets.com\/en\/shop\/produits-cosmetiques\/soins-du-visage-naturels\/huiles-cosmetiques\/huile-darachide\/","url":"https:\/\/soussecrets.com\/en\/shop\/produits-cosmetiques\/soins-du-visage-naturels\/huiles-cosmetiques\/huile-darachide\/","name":"huile d'arachide - Les secrets du Souss","isPartOf":{"@id":"https:\/\/soussecrets.com\/en\/#website"},"primaryImageOfPage":{"@id":"https:\/\/soussecrets.com\/en\/shop\/produits-cosmetiques\/soins-du-visage-naturels\/huiles-cosmetiques\/huile-darachide\/#primaryimage"},"image":{"@id":"https:\/\/soussecrets.com\/en\/shop\/produits-cosmetiques\/soins-du-visage-naturels\/huiles-cosmetiques\/huile-darachide\/#primaryimage"},"thumbnailUrl":"https:\/\/soussecrets.com\/wp-content\/uploads\/oil-60.jpg","datePublished":"2019-12-09T23:00:00+00:00","dateModified":"2023-04-22T21:28:53+00:00","breadcrumb":{"@id":"https:\/\/soussecrets.com\/en\/shop\/produits-cosmetiques\/soins-du-visage-naturels\/huiles-cosmetiques\/huile-darachide\/#breadcrumb"},"inLanguage":"en-US","potentialAction":[{"@type":"ReadAction","target":["https:\/\/soussecrets.com\/en\/shop\/produits-cosmetiques\/soins-du-visage-naturels\/huiles-cosmetiques\/huile-darachide\/"]}]},{"@type":"ImageObject","inLanguage":"en-US","@id":"https:\/\/soussecrets.com\/en\/shop\/produits-cosmetiques\/soins-du-visage-naturels\/huiles-cosmetiques\/huile-darachide\/#primaryimage","url":"https:\/\/soussecrets.com\/wp-content\/uploads\/oil-60.jpg","contentUrl":"https:\/\/soussecrets.com\/wp-content\/uploads\/oil-60.jpg","width":1000,"height":1000},{"@type":"BreadcrumbList","@id":"https:\/\/soussecrets.com\/en\/shop\/produits-cosmetiques\/soins-du-visage-naturels\/huiles-cosmetiques\/huile-darachide\/#breadcrumb","itemListElement":[{"@type":"ListItem","position":1,"name":"Home","item":"https:\/\/soussecrets.com\/en\/home\/"},{"@type":"ListItem","position":2,"name":"Shop","item":"https:\/\/soussecrets.com\/en\/shop-en\/"},{"@type":"ListItem","position":3,"name":"huile d&#8217;arachide"}]},{"@type":"WebSite","@id":"https:\/\/soussecrets.com\/en\/#website","url":"https:\/\/soussecrets.com\/en\/","name":"Les secrets du Souss","description":"Vente des Produits de Terroir 100% Bio et Naturels","publisher":{"@id":"https:\/\/soussecrets.com\/en\/#organization"},"potentialAction":[{"@type":"SearchAction","target":{"@type":"EntryPoint","urlTemplate":"https:\/\/soussecrets.com\/en\/?s={search_term_string}"},"query-input":{"@type":"PropertyValueSpecification","valueRequired":true,"valueName":"search_term_string"}}],"inLanguage":"en-US"},{"@type":"Organization","@id":"https:\/\/soussecrets.com\/en\/#organization","name":"Les Secret du Souss","url":"https:\/\/soussecrets.com\/en\/","logo":{"@type":"ImageObject","inLanguage":"en-US","@id":"https:\/\/soussecrets.com\/en\/#\/schema\/logo\/image\/","url":"https:\/\/soussecrets.com\/wp-content\/uploads\/Etiquette_logo_8cm.jpg","contentUrl":"https:\/\/soussecrets.com\/wp-content\/uploads\/Etiquette_logo_8cm.jpg","width":945,"height":945,"caption":"Les Secret du Souss"},"image":{"@id":"https:\/\/soussecrets.com\/en\/#\/schema\/logo\/image\/"},"sameAs":["https:\/\/www.facebook.com\/les.secrets.du.souss\/","https:\/\/www.instagram.com\/les_secrets_du_souss\/"],"hasMerchantReturnPolicy":{"@type":"MerchantReturnPolicy","merchantReturnLink":"https:\/\/soussecrets.com\/refund_returns-2\/"}}]},"og_availability":"instock","product_availability":"instock","product_retailer_item_id":"PSDS2132","product_condition":"new"},"_links":{"self":[{"href":"https:\/\/soussecrets.com\/en\/wp-json\/wp\/v2\/product\/48110","targetHints":{"allow":["GET"]}}],"collection":[{"href":"https:\/\/soussecrets.com\/en\/wp-json\/wp\/v2\/product"}],"about":[{"href":"https:\/\/soussecrets.com\/en\/wp-json\/wp\/v2\/types\/product"}],"replies":[{"embeddable":true,"href":"https:\/\/soussecrets.com\/en\/wp-json\/wp\/v2\/comments?post=48110"}],"version-history":[{"count":0,"href":"https:\/\/soussecrets.com\/en\/wp-json\/wp\/v2\/product\/48110\/revisions"}],"wp:featuredmedia":[{"embeddable":true,"href":"https:\/\/soussecrets.com\/en\/wp-json\/wp\/v2\/media\/46238"}],"wp:attachment":[{"href":"https:\/\/soussecrets.com\/en\/wp-json\/wp\/v2\/media?parent=48110"}],"wp:term":[{"taxonomy":"product_brand","embeddable":true,"href":"https:\/\/soussecrets.com\/en\/wp-json\/wp\/v2\/product_brand?post=48110"},{"taxonomy":"product_cat","embeddable":true,"href":"https:\/\/soussecrets.com\/en\/wp-json\/wp\/v2\/product_cat?post=48110"},{"taxonomy":"product_tag","embeddable":true,"href":"https:\/\/soussecrets.com\/en\/wp-json\/wp\/v2\/product_tag?post=48110"},{"taxonomy":"backlink","embeddable":true,"href":"https:\/\/soussecrets.com\/en\/wp-json\/wp\/v2\/backlink?post=48110"}],"curies":[{"name":"wp","href":"https:\/\/api.w.org\/{rel}","templated":true}]}}