{"id":48188,"date":"2019-12-10T00:00:00","date_gmt":"2019-12-09T23:00:00","guid":{"rendered":"https:\/\/soussecrets.com\/shop\/uncategorized\/huile-davocat-raffinee\/"},"modified":"2023-04-22T22:29:24","modified_gmt":"2023-04-22T21:29:24","slug":"huile-davocat-raffinee","status":"publish","type":"product","link":"https:\/\/soussecrets.com\/en\/shop\/produits-cosmetiques-en\/soins-du-visage-naturels-en\/huiles-cosmetiques-en\/huile-davocat-raffinee\/","title":{"rendered":"Huile d&#8217;avocat raffin\u00e9e"},"content":{"rendered":"<div class=\"wpb-content-wrapper\"><p>[vc_row type=&#8221;in_container&#8221; full_screen_row_position=&#8221;middle&#8221; column_margin=&#8221;default&#8221; column_direction=&#8221;default&#8221; column_direction_tablet=&#8221;default&#8221; column_direction_phone=&#8221;default&#8221; scene_position=&#8221;center&#8221; text_color=&#8221;dark&#8221; text_align=&#8221;left&#8221; row_border_radius=&#8221;none&#8221; row_border_radius_applies=&#8221;bg&#8221; overflow=&#8221;visible&#8221; overlay_strength=&#8221;0.3&#8243; gradient_direction=&#8221;left_to_right&#8221; shape_divider_position=&#8221;bottom&#8221; bg_image_animation=&#8221;none&#8221;][vc_column column_padding=&#8221;no-extra-padding&#8221; column_padding_tablet=&#8221;inherit&#8221; column_padding_phone=&#8221;inherit&#8221; column_padding_position=&#8221;all&#8221; column_element_direction_desktop=&#8221;default&#8221; column_element_spacing=&#8221;default&#8221; desktop_text_alignment=&#8221;default&#8221; tablet_text_alignment=&#8221;default&#8221; phone_text_alignment=&#8221;default&#8221; background_color_opacity=&#8221;1&#8243; background_hover_color_opacity=&#8221;1&#8243; column_backdrop_filter=&#8221;none&#8221; column_shadow=&#8221;none&#8221; column_border_radius=&#8221;none&#8221; column_link_target=&#8221;_self&#8221; column_position=&#8221;default&#8221; gradient_direction=&#8221;left_to_right&#8221; overlay_strength=&#8221;0.3&#8243; width=&#8221;1\/1&#8243; tablet_width_inherit=&#8221;default&#8221; animation_type=&#8221;default&#8221; bg_image_animation=&#8221;none&#8221; border_type=&#8221;simple&#8221; column_border_width=&#8221;none&#8221; column_border_style=&#8221;solid&#8221;][split_line_heading animation_type=&#8221;line-reveal-by-space&#8221; font_style=&#8221;h3&#8243; text_color=&#8221;#ac5e03&#8243; line_reveal_by_space_text_effect=&#8221;default&#8221; content_alignment=&#8221;default&#8221; mobile_content_alignment=&#8221;inherit&#8221; link_target=&#8221;_self&#8221; text_content=&#8221;B\u00e9n\u00e9fices&#8221;][\/split_line_heading][vc_column_text]<\/p>\n<p>L\u2019huile d\u2019avocat est l\u2019une des huiles les plus riches par sa composition tr\u00e8s g\u00e9n\u00e9reuse en vitamines et en acide gras. Riche en prot\u00e9ines, elle contient \u00e9galement de la vitamine A, B, C, D, E, H, K, et PP ! Ses propri\u00e9t\u00e9s assouplissantes, hydratantes, protectrices et r\u00e9g\u00e9n\u00e9ratrices sont de v\u00e9ritables alli\u00e9es pour lutter contre le vieillissement de la peau. Elle est un v\u00e9ritable nectar anti-\u00e2ge. Tout comme l\u2019huile de coco, elle pr\u00e9vient les vergetures gr\u00e2ce \u00e0 ses propri\u00e9t\u00e9s cicatrisantes et r\u00e9g\u00e9n\u00e9ratrices. L\u2019huile d\u2019avocat regorge de bienfaits pour les cheveux ab\u00eem\u00e9s et secs. Ses pouvoirs r\u00e9g\u00e9n\u00e9rateurs sont plus int\u00e9ressants que ceux des autres huiles. N\u00e9anmoins, \u00e9vitez cette huile si vos cheveux ont tendance \u00e0 vite regraisser mais aussi si vous avez tendance \u00e0 avoir la peau grasse.<\/p>\n<p>[\/vc_column_text][\/vc_column][\/vc_row][vc_row type=&#8221;in_container&#8221; full_screen_row_position=&#8221;middle&#8221; column_margin=&#8221;default&#8221; column_direction=&#8221;default&#8221; column_direction_tablet=&#8221;default&#8221; column_direction_phone=&#8221;default&#8221; scene_position=&#8221;center&#8221; text_color=&#8221;dark&#8221; text_align=&#8221;left&#8221; row_border_radius=&#8221;none&#8221; row_border_radius_applies=&#8221;bg&#8221; overflow=&#8221;visible&#8221; overlay_strength=&#8221;0.3&#8243; gradient_direction=&#8221;left_to_right&#8221; shape_divider_position=&#8221;bottom&#8221; bg_image_animation=&#8221;none&#8221;][vc_column column_padding=&#8221;no-extra-padding&#8221; column_padding_tablet=&#8221;inherit&#8221; column_padding_phone=&#8221;inherit&#8221; column_padding_position=&#8221;all&#8221; column_element_direction_desktop=&#8221;default&#8221; column_element_spacing=&#8221;default&#8221; desktop_text_alignment=&#8221;default&#8221; tablet_text_alignment=&#8221;default&#8221; phone_text_alignment=&#8221;default&#8221; background_color_opacity=&#8221;1&#8243; background_hover_color_opacity=&#8221;1&#8243; column_backdrop_filter=&#8221;none&#8221; column_shadow=&#8221;none&#8221; column_border_radius=&#8221;none&#8221; column_link_target=&#8221;_self&#8221; column_position=&#8221;default&#8221; gradient_direction=&#8221;left_to_right&#8221; overlay_strength=&#8221;0.3&#8243; width=&#8221;1\/1&#8243; tablet_width_inherit=&#8221;default&#8221; animation_type=&#8221;default&#8221; bg_image_animation=&#8221;none&#8221; border_type=&#8221;simple&#8221; column_border_width=&#8221;none&#8221; column_border_style=&#8221;solid&#8221;][split_line_heading animation_type=&#8221;line-reveal-by-space&#8221; font_style=&#8221;h3&#8243; text_color=&#8221;#ac5e03&#8243; line_reveal_by_space_text_effect=&#8221;default&#8221; content_alignment=&#8221;default&#8221; mobile_content_alignment=&#8221;inherit&#8221; link_target=&#8221;_self&#8221; text_content=&#8221;Utilisation&#8221;][\/split_line_heading][vc_column_text]<\/p>\n<p>Astuce beaut\u00e9 : Un masque avant-shampooing pour cheveux secs<br \/>\n\u2022 Appliquez quelques gouttes d\u2019huile d\u2019avocat sur vos longueurs et vos pointes.<br \/>\n\u2022 Enroulez vos cheveux dans une serviette pendant quinze minutes.<br \/>\n\u2022 Lavez vos cheveux avec un shampooing naturel en terminant par un rin\u00e7age \u00e0 l\u2019eau froide pour resserrer les \u00e9cailles capillaires.[\/vc_column_text][\/vc_column][\/vc_row]<\/p>\n<\/div>","protected":false},"excerpt":{"rendered":"<p>Decouvrez Huile d&#8217;avocat raffin\u00e9e du terroir du Maroc 100% bio et naturel<\/p>\n","protected":false},"featured_media":46240,"comment_status":"closed","ping_status":"closed","template":"","meta":[],"product_brand":[],"product_cat":[1709],"product_tag":[1765],"backlink":[],"class_list":{"0":"post-48188","1":"product","2":"type-product","3":"status-publish","4":"has-post-thumbnail","6":"product_cat-huiles-cosmetiques-en","7":"product_tag-huiles-cosmetiques-huile-davocat-raffinee-en","9":"first","10":"instock","11":"sale","12":"purchasable","13":"product-type-variable","14":"wvs-archive-product-wrapper"},"yoast_head":"<!-- This site is optimized with the Yoast SEO Premium plugin v26.0 (Yoast SEO v26.7) - https:\/\/yoast.com\/wordpress\/plugins\/seo\/ -->\n<title>Huile d&#039;avocat raffin\u00e9e - Les secrets du Souss<\/title>\n<meta name=\"robots\" content=\"index, follow, max-snippet:-1, max-image-preview:large, max-video-preview:-1\" \/>\n<link rel=\"canonical\" href=\"https:\/\/soussecrets.com\/en\/shop\/produits-cosmetiques-en\/soins-du-visage-naturels-en\/huiles-cosmetiques-en\/huile-davocat-raffinee\/\" \/>\n<meta property=\"og:locale\" content=\"en_US\" \/>\n<meta property=\"og:type\" content=\"article\" \/>\n<meta property=\"og:title\" content=\"Huile d&#039;avocat raffin\u00e9e\" \/>\n<meta property=\"og:description\" content=\"Decouvrez Huile d&#039;avocat raffin\u00e9e du terroir du Maroc 100% bio et naturel\" \/>\n<meta property=\"og:url\" content=\"https:\/\/soussecrets.com\/en\/shop\/produits-cosmetiques-en\/soins-du-visage-naturels-en\/huiles-cosmetiques-en\/huile-davocat-raffinee\/\" \/>\n<meta property=\"og:site_name\" content=\"Les secrets du Souss\" \/>\n<meta property=\"article:publisher\" content=\"https:\/\/www.facebook.com\/les.secrets.du.souss\/\" \/>\n<meta property=\"article:modified_time\" content=\"2023-04-22T21:29:24+00:00\" \/>\n<meta property=\"og:image\" content=\"https:\/\/soussecrets.com\/wp-content\/uploads\/oil-61.jpg\" \/>\n\t<meta property=\"og:image:width\" content=\"1000\" \/>\n\t<meta property=\"og:image:height\" content=\"1000\" \/>\n\t<meta property=\"og:image:type\" content=\"image\/jpeg\" \/>\n<meta name=\"twitter:card\" content=\"summary_large_image\" \/>\n<meta name=\"twitter:label1\" content=\"Availability\" \/>\n\t<meta name=\"twitter:data1\" content=\"In stock\" \/>\n<script type=\"application\/ld+json\" class=\"yoast-schema-graph\">{\"@context\":\"https:\/\/schema.org\",\"@graph\":[{\"@type\":\"WebPage\",\"@id\":\"https:\/\/soussecrets.com\/en\/shop\/produits-cosmetiques-en\/soins-du-visage-naturels-en\/huiles-cosmetiques-en\/huile-davocat-raffinee\/\",\"url\":\"https:\/\/soussecrets.com\/en\/shop\/produits-cosmetiques-en\/soins-du-visage-naturels-en\/huiles-cosmetiques-en\/huile-davocat-raffinee\/\",\"name\":\"Huile d'avocat raffin\u00e9e - Les secrets du Souss\",\"isPartOf\":{\"@id\":\"https:\/\/soussecrets.com\/en\/#website\"},\"primaryImageOfPage\":{\"@id\":\"https:\/\/soussecrets.com\/en\/shop\/produits-cosmetiques-en\/soins-du-visage-naturels-en\/huiles-cosmetiques-en\/huile-davocat-raffinee\/#primaryimage\"},\"image\":{\"@id\":\"https:\/\/soussecrets.com\/en\/shop\/produits-cosmetiques-en\/soins-du-visage-naturels-en\/huiles-cosmetiques-en\/huile-davocat-raffinee\/#primaryimage\"},\"thumbnailUrl\":\"https:\/\/soussecrets.com\/wp-content\/uploads\/oil-61.jpg\",\"datePublished\":\"2019-12-09T23:00:00+00:00\",\"dateModified\":\"2023-04-22T21:29:24+00:00\",\"breadcrumb\":{\"@id\":\"https:\/\/soussecrets.com\/en\/shop\/produits-cosmetiques-en\/soins-du-visage-naturels-en\/huiles-cosmetiques-en\/huile-davocat-raffinee\/#breadcrumb\"},\"inLanguage\":\"en-US\",\"potentialAction\":[{\"@type\":\"ReadAction\",\"target\":[\"https:\/\/soussecrets.com\/en\/shop\/produits-cosmetiques-en\/soins-du-visage-naturels-en\/huiles-cosmetiques-en\/huile-davocat-raffinee\/\"]}]},{\"@type\":\"ImageObject\",\"inLanguage\":\"en-US\",\"@id\":\"https:\/\/soussecrets.com\/en\/shop\/produits-cosmetiques-en\/soins-du-visage-naturels-en\/huiles-cosmetiques-en\/huile-davocat-raffinee\/#primaryimage\",\"url\":\"https:\/\/soussecrets.com\/wp-content\/uploads\/oil-61.jpg\",\"contentUrl\":\"https:\/\/soussecrets.com\/wp-content\/uploads\/oil-61.jpg\",\"width\":1000,\"height\":1000},{\"@type\":\"BreadcrumbList\",\"@id\":\"https:\/\/soussecrets.com\/en\/shop\/produits-cosmetiques-en\/soins-du-visage-naturels-en\/huiles-cosmetiques-en\/huile-davocat-raffinee\/#breadcrumb\",\"itemListElement\":[{\"@type\":\"ListItem\",\"position\":1,\"name\":\"Home\",\"item\":\"https:\/\/soussecrets.com\/en\/home\/\"},{\"@type\":\"ListItem\",\"position\":2,\"name\":\"Shop\",\"item\":\"https:\/\/soussecrets.com\/en\/shop-en\/\"},{\"@type\":\"ListItem\",\"position\":3,\"name\":\"Huile d&#8217;avocat raffin\u00e9e\"}]},{\"@type\":\"WebSite\",\"@id\":\"https:\/\/soussecrets.com\/en\/#website\",\"url\":\"https:\/\/soussecrets.com\/en\/\",\"name\":\"Les secrets du Souss\",\"description\":\"Vente des Produits de Terroir 100% Bio et Naturels\",\"publisher\":{\"@id\":\"https:\/\/soussecrets.com\/en\/#organization\"},\"potentialAction\":[{\"@type\":\"SearchAction\",\"target\":{\"@type\":\"EntryPoint\",\"urlTemplate\":\"https:\/\/soussecrets.com\/en\/?s={search_term_string}\"},\"query-input\":{\"@type\":\"PropertyValueSpecification\",\"valueRequired\":true,\"valueName\":\"search_term_string\"}}],\"inLanguage\":\"en-US\"},{\"@type\":\"Organization\",\"@id\":\"https:\/\/soussecrets.com\/en\/#organization\",\"name\":\"Les Secret du Souss\",\"url\":\"https:\/\/soussecrets.com\/en\/\",\"logo\":{\"@type\":\"ImageObject\",\"inLanguage\":\"en-US\",\"@id\":\"https:\/\/soussecrets.com\/en\/#\/schema\/logo\/image\/\",\"url\":\"https:\/\/soussecrets.com\/wp-content\/uploads\/Etiquette_logo_8cm.jpg\",\"contentUrl\":\"https:\/\/soussecrets.com\/wp-content\/uploads\/Etiquette_logo_8cm.jpg\",\"width\":945,\"height\":945,\"caption\":\"Les Secret du Souss\"},\"image\":{\"@id\":\"https:\/\/soussecrets.com\/en\/#\/schema\/logo\/image\/\"},\"sameAs\":[\"https:\/\/www.facebook.com\/les.secrets.du.souss\/\",\"https:\/\/www.instagram.com\/les_secrets_du_souss\/\"],\"hasMerchantReturnPolicy\":{\"@type\":\"MerchantReturnPolicy\",\"merchantReturnLink\":\"https:\/\/soussecrets.com\/refund_returns-2\/\"}}]}<\/script>\n<meta property=\"og:availability\" content=\"instock\" \/>\n<meta property=\"product:availability\" content=\"instock\" \/>\n<meta property=\"product:retailer_item_id\" content=\"PSDS2133\" \/>\n<meta property=\"product:condition\" content=\"new\" \/>\n<!-- \/ Yoast SEO Premium plugin. -->","yoast_head_json":{"title":"Huile d'avocat raffin\u00e9e - Les secrets du Souss","robots":{"index":"index","follow":"follow","max-snippet":"max-snippet:-1","max-image-preview":"max-image-preview:large","max-video-preview":"max-video-preview:-1"},"canonical":"https:\/\/soussecrets.com\/en\/shop\/produits-cosmetiques-en\/soins-du-visage-naturels-en\/huiles-cosmetiques-en\/huile-davocat-raffinee\/","og_locale":"en_US","og_type":"article","og_title":"Huile d'avocat raffin\u00e9e","og_description":"Decouvrez Huile d'avocat raffin\u00e9e du terroir du Maroc 100% bio et naturel","og_url":"https:\/\/soussecrets.com\/en\/shop\/produits-cosmetiques-en\/soins-du-visage-naturels-en\/huiles-cosmetiques-en\/huile-davocat-raffinee\/","og_site_name":"Les secrets du Souss","article_publisher":"https:\/\/www.facebook.com\/les.secrets.du.souss\/","article_modified_time":"2023-04-22T21:29:24+00:00","og_image":[{"width":1000,"height":1000,"url":"https:\/\/soussecrets.com\/wp-content\/uploads\/oil-61.jpg","type":"image\/jpeg"}],"twitter_card":"summary_large_image","twitter_misc":{"Availability":"In stock"},"schema":{"@context":"https:\/\/schema.org","@graph":[{"@type":"WebPage","@id":"https:\/\/soussecrets.com\/en\/shop\/produits-cosmetiques-en\/soins-du-visage-naturels-en\/huiles-cosmetiques-en\/huile-davocat-raffinee\/","url":"https:\/\/soussecrets.com\/en\/shop\/produits-cosmetiques-en\/soins-du-visage-naturels-en\/huiles-cosmetiques-en\/huile-davocat-raffinee\/","name":"Huile d'avocat raffin\u00e9e - Les secrets du Souss","isPartOf":{"@id":"https:\/\/soussecrets.com\/en\/#website"},"primaryImageOfPage":{"@id":"https:\/\/soussecrets.com\/en\/shop\/produits-cosmetiques-en\/soins-du-visage-naturels-en\/huiles-cosmetiques-en\/huile-davocat-raffinee\/#primaryimage"},"image":{"@id":"https:\/\/soussecrets.com\/en\/shop\/produits-cosmetiques-en\/soins-du-visage-naturels-en\/huiles-cosmetiques-en\/huile-davocat-raffinee\/#primaryimage"},"thumbnailUrl":"https:\/\/soussecrets.com\/wp-content\/uploads\/oil-61.jpg","datePublished":"2019-12-09T23:00:00+00:00","dateModified":"2023-04-22T21:29:24+00:00","breadcrumb":{"@id":"https:\/\/soussecrets.com\/en\/shop\/produits-cosmetiques-en\/soins-du-visage-naturels-en\/huiles-cosmetiques-en\/huile-davocat-raffinee\/#breadcrumb"},"inLanguage":"en-US","potentialAction":[{"@type":"ReadAction","target":["https:\/\/soussecrets.com\/en\/shop\/produits-cosmetiques-en\/soins-du-visage-naturels-en\/huiles-cosmetiques-en\/huile-davocat-raffinee\/"]}]},{"@type":"ImageObject","inLanguage":"en-US","@id":"https:\/\/soussecrets.com\/en\/shop\/produits-cosmetiques-en\/soins-du-visage-naturels-en\/huiles-cosmetiques-en\/huile-davocat-raffinee\/#primaryimage","url":"https:\/\/soussecrets.com\/wp-content\/uploads\/oil-61.jpg","contentUrl":"https:\/\/soussecrets.com\/wp-content\/uploads\/oil-61.jpg","width":1000,"height":1000},{"@type":"BreadcrumbList","@id":"https:\/\/soussecrets.com\/en\/shop\/produits-cosmetiques-en\/soins-du-visage-naturels-en\/huiles-cosmetiques-en\/huile-davocat-raffinee\/#breadcrumb","itemListElement":[{"@type":"ListItem","position":1,"name":"Home","item":"https:\/\/soussecrets.com\/en\/home\/"},{"@type":"ListItem","position":2,"name":"Shop","item":"https:\/\/soussecrets.com\/en\/shop-en\/"},{"@type":"ListItem","position":3,"name":"Huile d&#8217;avocat raffin\u00e9e"}]},{"@type":"WebSite","@id":"https:\/\/soussecrets.com\/en\/#website","url":"https:\/\/soussecrets.com\/en\/","name":"Les secrets du Souss","description":"Vente des Produits de Terroir 100% Bio et Naturels","publisher":{"@id":"https:\/\/soussecrets.com\/en\/#organization"},"potentialAction":[{"@type":"SearchAction","target":{"@type":"EntryPoint","urlTemplate":"https:\/\/soussecrets.com\/en\/?s={search_term_string}"},"query-input":{"@type":"PropertyValueSpecification","valueRequired":true,"valueName":"search_term_string"}}],"inLanguage":"en-US"},{"@type":"Organization","@id":"https:\/\/soussecrets.com\/en\/#organization","name":"Les Secret du Souss","url":"https:\/\/soussecrets.com\/en\/","logo":{"@type":"ImageObject","inLanguage":"en-US","@id":"https:\/\/soussecrets.com\/en\/#\/schema\/logo\/image\/","url":"https:\/\/soussecrets.com\/wp-content\/uploads\/Etiquette_logo_8cm.jpg","contentUrl":"https:\/\/soussecrets.com\/wp-content\/uploads\/Etiquette_logo_8cm.jpg","width":945,"height":945,"caption":"Les Secret du Souss"},"image":{"@id":"https:\/\/soussecrets.com\/en\/#\/schema\/logo\/image\/"},"sameAs":["https:\/\/www.facebook.com\/les.secrets.du.souss\/","https:\/\/www.instagram.com\/les_secrets_du_souss\/"],"hasMerchantReturnPolicy":{"@type":"MerchantReturnPolicy","merchantReturnLink":"https:\/\/soussecrets.com\/refund_returns-2\/"}}]},"og_availability":"instock","product_availability":"instock","product_retailer_item_id":"PSDS2133","product_condition":"new"},"_links":{"self":[{"href":"https:\/\/soussecrets.com\/en\/wp-json\/wp\/v2\/product\/48188","targetHints":{"allow":["GET"]}}],"collection":[{"href":"https:\/\/soussecrets.com\/en\/wp-json\/wp\/v2\/product"}],"about":[{"href":"https:\/\/soussecrets.com\/en\/wp-json\/wp\/v2\/types\/product"}],"replies":[{"embeddable":true,"href":"https:\/\/soussecrets.com\/en\/wp-json\/wp\/v2\/comments?post=48188"}],"version-history":[{"count":0,"href":"https:\/\/soussecrets.com\/en\/wp-json\/wp\/v2\/product\/48188\/revisions"}],"wp:featuredmedia":[{"embeddable":true,"href":"https:\/\/soussecrets.com\/en\/wp-json\/wp\/v2\/media\/46240"}],"wp:attachment":[{"href":"https:\/\/soussecrets.com\/en\/wp-json\/wp\/v2\/media?parent=48188"}],"wp:term":[{"taxonomy":"product_brand","embeddable":true,"href":"https:\/\/soussecrets.com\/en\/wp-json\/wp\/v2\/product_brand?post=48188"},{"taxonomy":"product_cat","embeddable":true,"href":"https:\/\/soussecrets.com\/en\/wp-json\/wp\/v2\/product_cat?post=48188"},{"taxonomy":"product_tag","embeddable":true,"href":"https:\/\/soussecrets.com\/en\/wp-json\/wp\/v2\/product_tag?post=48188"},{"taxonomy":"backlink","embeddable":true,"href":"https:\/\/soussecrets.com\/en\/wp-json\/wp\/v2\/backlink?post=48188"}],"curies":[{"name":"wp","href":"https:\/\/api.w.org\/{rel}","templated":true}]}}