{"id":49146,"date":"2024-08-02T12:53:41","date_gmt":"2024-08-02T11:53:41","guid":{"rendered":"https:\/\/soussecrets.com\/shop\/uncategorized\/pack-anti-chute\/"},"modified":"2025-04-04T07:44:16","modified_gmt":"2025-04-04T06:44:16","slug":"pack-anti-chute","status":"publish","type":"product","link":"https:\/\/soussecrets.com\/en\/shop\/packs-en\/pack-anti-chute\/","title":{"rendered":"Pack Anti-Chute"},"content":{"rendered":"<div class=\"wpb-content-wrapper\"><p>[vc_row type=&#8221;in_container&#8221; full_screen_row_position=&#8221;middle&#8221; column_margin=&#8221;default&#8221; column_direction=&#8221;default&#8221; column_direction_tablet=&#8221;default&#8221; column_direction_phone=&#8221;default&#8221; scene_position=&#8221;center&#8221; text_color=&#8221;dark&#8221; text_align=&#8221;left&#8221; row_border_radius=&#8221;none&#8221; row_border_radius_applies=&#8221;bg&#8221; overflow=&#8221;visible&#8221; overlay_strength=&#8221;0.3&#8243; gradient_direction=&#8221;left_to_right&#8221; shape_divider_position=&#8221;bottom&#8221; bg_image_animation=&#8221;none&#8221;][vc_column column_padding=&#8221;no-extra-padding&#8221; column_padding_tablet=&#8221;inherit&#8221; column_padding_phone=&#8221;inherit&#8221; column_padding_position=&#8221;all&#8221; column_element_direction_desktop=&#8221;default&#8221; column_element_spacing=&#8221;default&#8221; desktop_text_alignment=&#8221;default&#8221; tablet_text_alignment=&#8221;default&#8221; phone_text_alignment=&#8221;default&#8221; background_color_opacity=&#8221;1&#8243; background_hover_color_opacity=&#8221;1&#8243; column_backdrop_filter=&#8221;none&#8221; column_shadow=&#8221;none&#8221; column_border_radius=&#8221;none&#8221; column_link_target=&#8221;_self&#8221; column_position=&#8221;default&#8221; gradient_direction=&#8221;left_to_right&#8221; overlay_strength=&#8221;0.3&#8243; width=&#8221;1\/1&#8243; tablet_width_inherit=&#8221;default&#8221; animation_type=&#8221;default&#8221; bg_image_animation=&#8221;none&#8221; border_type=&#8221;simple&#8221; column_border_width=&#8221;none&#8221; column_border_style=&#8221;solid&#8221;][vc_column_text]D\u00e9couvrez notre Pack Anti-Chute sp\u00e9cialement con\u00e7u pour lutter contre la chute des cheveux et revitaliser votre cuir chevelu.<\/p>\n<p>[\/vc_column_text][image_with_animation image_url=&#8221;49164&#8243; image_size=&#8221;full&#8221; animation_type=&#8221;entrance&#8221; animation=&#8221;None&#8221; animation_movement_type=&#8221;transform_y&#8221; hover_animation=&#8221;none&#8221; alignment=&#8221;&#8221; border_radius=&#8221;none&#8221; box_shadow=&#8221;none&#8221; image_loading=&#8221;default&#8221; max_width=&#8221;100%&#8221; max_width_mobile=&#8221;default&#8221;][vc_zigzag][\/vc_column][\/vc_row][vc_row type=&#8221;in_container&#8221; full_screen_row_position=&#8221;middle&#8221; column_margin=&#8221;default&#8221; column_direction=&#8221;default&#8221; column_direction_tablet=&#8221;default&#8221; column_direction_phone=&#8221;default&#8221; scene_position=&#8221;center&#8221; text_color=&#8221;dark&#8221; text_align=&#8221;left&#8221; row_border_radius=&#8221;none&#8221; row_border_radius_applies=&#8221;bg&#8221; overflow=&#8221;visible&#8221; overlay_strength=&#8221;0.3&#8243; gradient_direction=&#8221;left_to_right&#8221; shape_divider_position=&#8221;bottom&#8221; bg_image_animation=&#8221;none&#8221;][vc_column column_padding=&#8221;no-extra-padding&#8221; column_padding_tablet=&#8221;inherit&#8221; column_padding_phone=&#8221;inherit&#8221; column_padding_position=&#8221;all&#8221; column_element_direction_desktop=&#8221;default&#8221; column_element_spacing=&#8221;default&#8221; desktop_text_alignment=&#8221;default&#8221; tablet_text_alignment=&#8221;default&#8221; phone_text_alignment=&#8221;default&#8221; background_color_opacity=&#8221;1&#8243; background_hover_color_opacity=&#8221;1&#8243; column_backdrop_filter=&#8221;none&#8221; column_shadow=&#8221;none&#8221; column_border_radius=&#8221;none&#8221; column_link_target=&#8221;_self&#8221; column_position=&#8221;default&#8221; gradient_direction=&#8221;left_to_right&#8221; overlay_strength=&#8221;0.3&#8243; width=&#8221;1\/2&#8243; tablet_width_inherit=&#8221;default&#8221; animation_type=&#8221;default&#8221; bg_image_animation=&#8221;none&#8221; border_type=&#8221;simple&#8221; column_border_width=&#8221;none&#8221; column_border_style=&#8221;solid&#8221;][vc_column_text]<strong>Shampoing Solide au Shikakai :<\/strong><\/p>\n<ul>\n<li>Formul\u00e9 \u00e0 base de shikakai, connu pour ses vertus nettoyantes et fortifiantes.<\/li>\n<li>Respectueux du cuir chevelu, il nettoie en douceur tout en favorisant la sant\u00e9 capillaire.<\/li>\n<li>Un format solide pratique et \u00e9cologique pour une utilisation facile et durable.<\/li>\n<\/ul>\n<p>[\/vc_column_text][vc_column_text]Ou : <strong>Shampoing Solide au Sidr et Ortie :<\/strong><\/p>\n<ul>\n<li>Formul\u00e9 \u00e0 base de sidr et d&#8217;ortie, connus pour leurs propri\u00e9t\u00e9s purifiantes et fortifiantes.<\/li>\n<li>Nettoie en douceur tout en apportant vigueur et sant\u00e9 \u00e0 vos cheveux.<\/li>\n<li>Un format solide pratique et \u00e9cologique pour une utilisation facile et durable.<\/li>\n<\/ul>\n<p>[\/vc_column_text][\/vc_column][vc_column column_padding=&#8221;no-extra-padding&#8221; column_padding_tablet=&#8221;inherit&#8221; column_padding_phone=&#8221;inherit&#8221; column_padding_position=&#8221;all&#8221; column_element_direction_desktop=&#8221;default&#8221; column_element_spacing=&#8221;default&#8221; desktop_text_alignment=&#8221;default&#8221; tablet_text_alignment=&#8221;default&#8221; phone_text_alignment=&#8221;default&#8221; background_color_opacity=&#8221;1&#8243; background_hover_color_opacity=&#8221;1&#8243; column_backdrop_filter=&#8221;none&#8221; column_shadow=&#8221;none&#8221; column_border_radius=&#8221;none&#8221; column_link_target=&#8221;_self&#8221; column_position=&#8221;default&#8221; gradient_direction=&#8221;left_to_right&#8221; overlay_strength=&#8221;0.3&#8243; width=&#8221;1\/2&#8243; tablet_width_inherit=&#8221;default&#8221; animation_type=&#8221;default&#8221; bg_image_animation=&#8221;none&#8221; border_type=&#8221;simple&#8221; column_border_width=&#8221;none&#8221; column_border_style=&#8221;solid&#8221;][split_line_heading animation_type=&#8221;line-reveal-by-space&#8221; font_style=&#8221;h1&#8243; line_reveal_by_space_text_effect=&#8221;default&#8221; content_alignment=&#8221;default&#8221; mobile_content_alignment=&#8221;inherit&#8221; link_target=&#8221;_self&#8221; text_content=&#8221;Huile Anti-Chute&#8221;][\/split_line_heading][vc_column_text]<\/p>\n<ul>\n<li>Compos\u00e9e de plusieurs huiles naturelles soigneusement s\u00e9lectionn\u00e9es pour leurs propri\u00e9t\u00e9s bienfaisantes.<\/li>\n<li>Aide \u00e0 renforcer les racines des cheveux et \u00e0 stimuler la croissance capillaire.<\/li>\n<li>Appliquez r\u00e9guli\u00e8rement pour des cheveux plus forts et plus sains.<\/li>\n<\/ul>\n<p>[\/vc_column_text][vc_column_text]<strong>Apr\u00e8s-Shampoing Solide :<\/strong><\/p>\n<ul>\n<li>Con\u00e7u pour nourrir et d\u00e9m\u00ealer vos cheveux apr\u00e8s le lavage.<\/li>\n<li>Enrichi d&#8217;ingr\u00e9dients naturels pour apporter douceur et brillance \u00e0 votre chevelure.<\/li>\n<li>Id\u00e9al pour un soin complet et une hydratation en profondeur.<\/li>\n<\/ul>\n<p>[\/vc_column_text][\/vc_column][\/vc_row][vc_row type=&#8221;in_container&#8221; full_screen_row_position=&#8221;middle&#8221; column_margin=&#8221;default&#8221; column_direction=&#8221;default&#8221; column_direction_tablet=&#8221;default&#8221; column_direction_phone=&#8221;default&#8221; scene_position=&#8221;center&#8221; text_color=&#8221;dark&#8221; text_align=&#8221;left&#8221; row_border_radius=&#8221;none&#8221; row_border_radius_applies=&#8221;bg&#8221; overflow=&#8221;visible&#8221; overlay_strength=&#8221;0.3&#8243; gradient_direction=&#8221;left_to_right&#8221; shape_divider_position=&#8221;bottom&#8221; bg_image_animation=&#8221;none&#8221;][vc_column column_padding=&#8221;no-extra-padding&#8221; column_padding_tablet=&#8221;inherit&#8221; column_padding_phone=&#8221;inherit&#8221; column_padding_position=&#8221;all&#8221; column_element_direction_desktop=&#8221;default&#8221; column_element_spacing=&#8221;default&#8221; desktop_text_alignment=&#8221;default&#8221; tablet_text_alignment=&#8221;default&#8221; phone_text_alignment=&#8221;default&#8221; background_color_opacity=&#8221;1&#8243; background_hover_color_opacity=&#8221;1&#8243; column_backdrop_filter=&#8221;none&#8221; column_shadow=&#8221;none&#8221; column_border_radius=&#8221;none&#8221; column_link_target=&#8221;_self&#8221; column_position=&#8221;default&#8221; gradient_direction=&#8221;left_to_right&#8221; overlay_strength=&#8221;0.3&#8243; width=&#8221;1\/1&#8243; tablet_width_inherit=&#8221;default&#8221; animation_type=&#8221;default&#8221; bg_image_animation=&#8221;none&#8221; border_type=&#8221;simple&#8221; column_border_width=&#8221;none&#8221; column_border_style=&#8221;solid&#8221;][vc_column_text]Choisissez le pack qui correspond le mieux \u00e0 vos besoins et dites adieu \u00e0 la chute des cheveux avec notre solution naturelle et efficace.[\/vc_column_text][\/vc_column][\/vc_row]<\/p>\n<\/div>","protected":false},"excerpt":{"rendered":"<p>D\u00e9couvrez notre Pack Anti-Chute sp\u00e9cialement con\u00e7u pour lutter contre la chute des cheveux et revitaliser votre cuir chevelu<\/p>\n","protected":false},"featured_media":49140,"comment_status":"closed","ping_status":"closed","template":"","meta":[],"product_brand":[2654],"product_cat":[528,2819,2821],"product_tag":[1713],"backlink":[],"class_list":{"0":"post-49146","1":"product","2":"type-product","3":"status-publish","4":"has-post-thumbnail","6":"product_brand-les-secrets-du-souss-en","7":"product_cat-packs-en","8":"product_cat-soins-capillaires-en","9":"product_cat-soins-capillaires-naturels-en-2","10":"product_tag-huile-antichute-en","12":"first","13":"instock","14":"sale","15":"taxable","16":"shipping-taxable","17":"purchasable","18":"product-type-variable","19":"wvs-archive-product-wrapper"},"yoast_head":"<!-- This site is optimized with the Yoast SEO Premium plugin v26.0 (Yoast SEO v26.7) - https:\/\/yoast.com\/wordpress\/plugins\/seo\/ -->\n<title>Pack Anti-Chute - Les secrets du Souss<\/title>\n<meta name=\"description\" content=\"D\u00e9couvrez notre Pack Anti-Chute sp\u00e9cialement con\u00e7u pour lutter contre la chute des cheveux et revitaliser votre cuir chevelu.\" \/>\n<meta name=\"robots\" content=\"index, follow, max-snippet:-1, max-image-preview:large, max-video-preview:-1\" \/>\n<link rel=\"canonical\" href=\"https:\/\/soussecrets.com\/en\/shop\/packs-en\/pack-anti-chute\/\" \/>\n<meta property=\"og:locale\" content=\"en_US\" \/>\n<meta property=\"og:type\" content=\"article\" \/>\n<meta property=\"og:title\" content=\"Pack Anti-Chute\" \/>\n<meta property=\"og:description\" content=\"D\u00e9couvrez notre Pack Anti-Chute sp\u00e9cialement con\u00e7u pour lutter contre la chute des cheveux et revitaliser votre cuir chevelu.\" \/>\n<meta property=\"og:url\" content=\"https:\/\/soussecrets.com\/en\/shop\/packs-en\/pack-anti-chute\/\" \/>\n<meta property=\"og:site_name\" content=\"Les secrets du Souss\" \/>\n<meta property=\"article:publisher\" content=\"https:\/\/www.facebook.com\/les.secrets.du.souss\/\" \/>\n<meta property=\"article:modified_time\" content=\"2025-04-04T06:44:16+00:00\" \/>\n<meta property=\"og:image\" content=\"https:\/\/soussecrets.com\/wp-content\/uploads\/pack-antichute.jpg\" \/>\n\t<meta property=\"og:image:width\" content=\"1080\" \/>\n\t<meta property=\"og:image:height\" content=\"1080\" \/>\n\t<meta property=\"og:image:type\" content=\"image\/jpeg\" \/>\n<meta name=\"twitter:card\" content=\"summary_large_image\" \/>\n<meta name=\"twitter:label1\" content=\"Availability\" \/>\n\t<meta name=\"twitter:data1\" content=\"In stock\" \/>\n<script type=\"application\/ld+json\" class=\"yoast-schema-graph\">{\"@context\":\"https:\/\/schema.org\",\"@graph\":[{\"@type\":\"WebPage\",\"@id\":\"https:\/\/soussecrets.com\/en\/shop\/packs-en\/pack-anti-chute\/\",\"url\":\"https:\/\/soussecrets.com\/en\/shop\/packs-en\/pack-anti-chute\/\",\"name\":\"Pack Anti-Chute - Les secrets du Souss\",\"isPartOf\":{\"@id\":\"https:\/\/soussecrets.com\/en\/#website\"},\"primaryImageOfPage\":{\"@id\":\"https:\/\/soussecrets.com\/en\/shop\/packs-en\/pack-anti-chute\/#primaryimage\"},\"image\":{\"@id\":\"https:\/\/soussecrets.com\/en\/shop\/packs-en\/pack-anti-chute\/#primaryimage\"},\"thumbnailUrl\":\"https:\/\/soussecrets.com\/wp-content\/uploads\/pack-antichute.jpg\",\"datePublished\":\"2024-08-02T11:53:41+00:00\",\"dateModified\":\"2025-04-04T06:44:16+00:00\",\"description\":\"D\u00e9couvrez notre Pack Anti-Chute sp\u00e9cialement con\u00e7u pour lutter contre la chute des cheveux et revitaliser votre cuir chevelu.\",\"breadcrumb\":{\"@id\":\"https:\/\/soussecrets.com\/en\/shop\/packs-en\/pack-anti-chute\/#breadcrumb\"},\"inLanguage\":\"en-US\",\"potentialAction\":[{\"@type\":\"ReadAction\",\"target\":[\"https:\/\/soussecrets.com\/en\/shop\/packs-en\/pack-anti-chute\/\"]}]},{\"@type\":\"ImageObject\",\"inLanguage\":\"en-US\",\"@id\":\"https:\/\/soussecrets.com\/en\/shop\/packs-en\/pack-anti-chute\/#primaryimage\",\"url\":\"https:\/\/soussecrets.com\/wp-content\/uploads\/pack-antichute.jpg\",\"contentUrl\":\"https:\/\/soussecrets.com\/wp-content\/uploads\/pack-antichute.jpg\",\"width\":1080,\"height\":1080},{\"@type\":\"BreadcrumbList\",\"@id\":\"https:\/\/soussecrets.com\/en\/shop\/packs-en\/pack-anti-chute\/#breadcrumb\",\"itemListElement\":[{\"@type\":\"ListItem\",\"position\":1,\"name\":\"Home\",\"item\":\"https:\/\/soussecrets.com\/en\/home\/\"},{\"@type\":\"ListItem\",\"position\":2,\"name\":\"Shop\",\"item\":\"https:\/\/soussecrets.com\/en\/shop-en\/\"},{\"@type\":\"ListItem\",\"position\":3,\"name\":\"Pack Anti-Chute\"}]},{\"@type\":\"WebSite\",\"@id\":\"https:\/\/soussecrets.com\/en\/#website\",\"url\":\"https:\/\/soussecrets.com\/en\/\",\"name\":\"Les secrets du Souss\",\"description\":\"Vente des Produits de Terroir 100% Bio et Naturels\",\"publisher\":{\"@id\":\"https:\/\/soussecrets.com\/en\/#organization\"},\"potentialAction\":[{\"@type\":\"SearchAction\",\"target\":{\"@type\":\"EntryPoint\",\"urlTemplate\":\"https:\/\/soussecrets.com\/en\/?s={search_term_string}\"},\"query-input\":{\"@type\":\"PropertyValueSpecification\",\"valueRequired\":true,\"valueName\":\"search_term_string\"}}],\"inLanguage\":\"en-US\"},{\"@type\":\"Organization\",\"@id\":\"https:\/\/soussecrets.com\/en\/#organization\",\"name\":\"Les Secret du Souss\",\"url\":\"https:\/\/soussecrets.com\/en\/\",\"logo\":{\"@type\":\"ImageObject\",\"inLanguage\":\"en-US\",\"@id\":\"https:\/\/soussecrets.com\/en\/#\/schema\/logo\/image\/\",\"url\":\"https:\/\/soussecrets.com\/wp-content\/uploads\/Etiquette_logo_8cm.jpg\",\"contentUrl\":\"https:\/\/soussecrets.com\/wp-content\/uploads\/Etiquette_logo_8cm.jpg\",\"width\":945,\"height\":945,\"caption\":\"Les Secret du Souss\"},\"image\":{\"@id\":\"https:\/\/soussecrets.com\/en\/#\/schema\/logo\/image\/\"},\"sameAs\":[\"https:\/\/www.facebook.com\/les.secrets.du.souss\/\",\"https:\/\/www.instagram.com\/les_secrets_du_souss\/\"],\"hasMerchantReturnPolicy\":{\"@type\":\"MerchantReturnPolicy\",\"merchantReturnLink\":\"https:\/\/soussecrets.com\/refund_returns-2\/\"}}]}<\/script>\n<meta property=\"product:brand\" content=\"Les Secrets du Souss\" \/>\n<meta property=\"og:availability\" content=\"instock\" \/>\n<meta property=\"product:availability\" content=\"instock\" \/>\n<meta property=\"product:condition\" content=\"new\" \/>\n<!-- \/ Yoast SEO Premium plugin. -->","yoast_head_json":{"title":"Pack Anti-Chute - Les secrets du Souss","description":"D\u00e9couvrez notre Pack Anti-Chute sp\u00e9cialement con\u00e7u pour lutter contre la chute des cheveux et revitaliser votre cuir chevelu.","robots":{"index":"index","follow":"follow","max-snippet":"max-snippet:-1","max-image-preview":"max-image-preview:large","max-video-preview":"max-video-preview:-1"},"canonical":"https:\/\/soussecrets.com\/en\/shop\/packs-en\/pack-anti-chute\/","og_locale":"en_US","og_type":"article","og_title":"Pack Anti-Chute","og_description":"D\u00e9couvrez notre Pack Anti-Chute sp\u00e9cialement con\u00e7u pour lutter contre la chute des cheveux et revitaliser votre cuir chevelu.","og_url":"https:\/\/soussecrets.com\/en\/shop\/packs-en\/pack-anti-chute\/","og_site_name":"Les secrets du Souss","article_publisher":"https:\/\/www.facebook.com\/les.secrets.du.souss\/","article_modified_time":"2025-04-04T06:44:16+00:00","og_image":[{"width":1080,"height":1080,"url":"https:\/\/soussecrets.com\/wp-content\/uploads\/pack-antichute.jpg","type":"image\/jpeg"}],"twitter_card":"summary_large_image","twitter_misc":{"Availability":"In stock"},"schema":{"@context":"https:\/\/schema.org","@graph":[{"@type":"WebPage","@id":"https:\/\/soussecrets.com\/en\/shop\/packs-en\/pack-anti-chute\/","url":"https:\/\/soussecrets.com\/en\/shop\/packs-en\/pack-anti-chute\/","name":"Pack Anti-Chute - Les secrets du Souss","isPartOf":{"@id":"https:\/\/soussecrets.com\/en\/#website"},"primaryImageOfPage":{"@id":"https:\/\/soussecrets.com\/en\/shop\/packs-en\/pack-anti-chute\/#primaryimage"},"image":{"@id":"https:\/\/soussecrets.com\/en\/shop\/packs-en\/pack-anti-chute\/#primaryimage"},"thumbnailUrl":"https:\/\/soussecrets.com\/wp-content\/uploads\/pack-antichute.jpg","datePublished":"2024-08-02T11:53:41+00:00","dateModified":"2025-04-04T06:44:16+00:00","description":"D\u00e9couvrez notre Pack Anti-Chute sp\u00e9cialement con\u00e7u pour lutter contre la chute des cheveux et revitaliser votre cuir chevelu.","breadcrumb":{"@id":"https:\/\/soussecrets.com\/en\/shop\/packs-en\/pack-anti-chute\/#breadcrumb"},"inLanguage":"en-US","potentialAction":[{"@type":"ReadAction","target":["https:\/\/soussecrets.com\/en\/shop\/packs-en\/pack-anti-chute\/"]}]},{"@type":"ImageObject","inLanguage":"en-US","@id":"https:\/\/soussecrets.com\/en\/shop\/packs-en\/pack-anti-chute\/#primaryimage","url":"https:\/\/soussecrets.com\/wp-content\/uploads\/pack-antichute.jpg","contentUrl":"https:\/\/soussecrets.com\/wp-content\/uploads\/pack-antichute.jpg","width":1080,"height":1080},{"@type":"BreadcrumbList","@id":"https:\/\/soussecrets.com\/en\/shop\/packs-en\/pack-anti-chute\/#breadcrumb","itemListElement":[{"@type":"ListItem","position":1,"name":"Home","item":"https:\/\/soussecrets.com\/en\/home\/"},{"@type":"ListItem","position":2,"name":"Shop","item":"https:\/\/soussecrets.com\/en\/shop-en\/"},{"@type":"ListItem","position":3,"name":"Pack Anti-Chute"}]},{"@type":"WebSite","@id":"https:\/\/soussecrets.com\/en\/#website","url":"https:\/\/soussecrets.com\/en\/","name":"Les secrets du Souss","description":"Vente des Produits de Terroir 100% Bio et Naturels","publisher":{"@id":"https:\/\/soussecrets.com\/en\/#organization"},"potentialAction":[{"@type":"SearchAction","target":{"@type":"EntryPoint","urlTemplate":"https:\/\/soussecrets.com\/en\/?s={search_term_string}"},"query-input":{"@type":"PropertyValueSpecification","valueRequired":true,"valueName":"search_term_string"}}],"inLanguage":"en-US"},{"@type":"Organization","@id":"https:\/\/soussecrets.com\/en\/#organization","name":"Les Secret du Souss","url":"https:\/\/soussecrets.com\/en\/","logo":{"@type":"ImageObject","inLanguage":"en-US","@id":"https:\/\/soussecrets.com\/en\/#\/schema\/logo\/image\/","url":"https:\/\/soussecrets.com\/wp-content\/uploads\/Etiquette_logo_8cm.jpg","contentUrl":"https:\/\/soussecrets.com\/wp-content\/uploads\/Etiquette_logo_8cm.jpg","width":945,"height":945,"caption":"Les Secret du Souss"},"image":{"@id":"https:\/\/soussecrets.com\/en\/#\/schema\/logo\/image\/"},"sameAs":["https:\/\/www.facebook.com\/les.secrets.du.souss\/","https:\/\/www.instagram.com\/les_secrets_du_souss\/"],"hasMerchantReturnPolicy":{"@type":"MerchantReturnPolicy","merchantReturnLink":"https:\/\/soussecrets.com\/refund_returns-2\/"}}]},"product_brand":"Les Secrets du Souss","og_availability":"instock","product_availability":"instock","product_condition":"new"},"_links":{"self":[{"href":"https:\/\/soussecrets.com\/en\/wp-json\/wp\/v2\/product\/49146","targetHints":{"allow":["GET"]}}],"collection":[{"href":"https:\/\/soussecrets.com\/en\/wp-json\/wp\/v2\/product"}],"about":[{"href":"https:\/\/soussecrets.com\/en\/wp-json\/wp\/v2\/types\/product"}],"replies":[{"embeddable":true,"href":"https:\/\/soussecrets.com\/en\/wp-json\/wp\/v2\/comments?post=49146"}],"version-history":[{"count":1,"href":"https:\/\/soussecrets.com\/en\/wp-json\/wp\/v2\/product\/49146\/revisions"}],"predecessor-version":[{"id":51286,"href":"https:\/\/soussecrets.com\/en\/wp-json\/wp\/v2\/product\/49146\/revisions\/51286"}],"wp:featuredmedia":[{"embeddable":true,"href":"https:\/\/soussecrets.com\/en\/wp-json\/wp\/v2\/media\/49140"}],"wp:attachment":[{"href":"https:\/\/soussecrets.com\/en\/wp-json\/wp\/v2\/media?parent=49146"}],"wp:term":[{"taxonomy":"product_brand","embeddable":true,"href":"https:\/\/soussecrets.com\/en\/wp-json\/wp\/v2\/product_brand?post=49146"},{"taxonomy":"product_cat","embeddable":true,"href":"https:\/\/soussecrets.com\/en\/wp-json\/wp\/v2\/product_cat?post=49146"},{"taxonomy":"product_tag","embeddable":true,"href":"https:\/\/soussecrets.com\/en\/wp-json\/wp\/v2\/product_tag?post=49146"},{"taxonomy":"backlink","embeddable":true,"href":"https:\/\/soussecrets.com\/en\/wp-json\/wp\/v2\/backlink?post=49146"}],"curies":[{"name":"wp","href":"https:\/\/api.w.org\/{rel}","templated":true}]}}